{"id":642,"date":"2022-06-02T17:04:30","date_gmt":"2022-06-02T15:04:30","guid":{"rendered":"https:\/\/www.volkart.ch\/?page_id=642"},"modified":"2025-01-30T14:55:51","modified_gmt":"2025-01-30T13:55:51","slug":"oekologie","status":"publish","type":"page","link":"https:\/\/staging.volkart.ch\/de\/engagement\/oekologie\/","title":{"rendered":"\u00d6kologie"},"content":{"rendered":"\n<p><\/p>\n\n\n\n<h2 class=\"wp-block-heading\"><strong>Klimaschutz, Bodenschutz und Schutz der Biodiversit\u00e4t<\/strong><\/h2>\n\n\n\n<p><a>Im Programm \u00d6kologie unterst\u00fctzt die Volkart Stiftung gemeinn\u00fctzige Organisationen, Initiativen oder Projekte in der Schweiz, die sich f\u00fcr Klimaschutz, Bodenschutz und\/oder den Schutz der Biodiversit\u00e4t engagieren.<\/a><\/p>\n\n\n\n<p>Wir m\u00f6chten mit unserem Engagement dazu beitragen, dass die Schweiz ihre Treibhausgasemissionen bis 2050 auf Netto-Null gesenkt hat, dass der Wert unserer B\u00f6den wertgesch\u00e4tzt und diese wichtige Ressource gesch\u00fctzt wird, und dass unsere Biodiversit\u00e4t gesch\u00fctzt, erhalten und gest\u00e4rkt wird.<\/p>\n\n\n\n<p>Wir fokussieren uns bei unserem Engagement auf die Schweiz und auf Partner hier vor Ort.<\/p>\n\n\n\n<p>Die Volkart Stiftung legt Wert auf systemischen Wandel, damit Ursachen von gesellschaftlichen Herausforderungen nachhaltig angegangen werden. Wir unterst\u00fctzen innovative Projekte, interdisziplin\u00e4re Ideen und mutige Ans\u00e4tze, die gemeinn\u00fctzig sind. Wir f\u00f6rdern Pilotprojekte, sprechen Betriebsbeitr\u00e4ge, bieten die Weiterbildung &nbsp;<a href=\"https:\/\/staging.volkart.ch\/aktuell\/\" target=\"_blank\" rel=\"noreferrer noopener\">\u00abProjekte mit Wirkung\u00bb<\/a> an und unterst\u00fctzen Organisationsentwicklung. Um eine grosse Hebelwirkung zu erzielen, suchen wir die Kooperation mit anderen Stiftungen, machen Initiativen bekannt und tragen aktiv zum Wissensaustausch bei.<\/p>\n\n\n\n<p><strong>Was wir nicht f\u00f6rdern<\/strong>:<\/p>\n\n\n\n<ul class=\"wp-block-list\"><\/ul>\n\n\n\n<ul class=\"wp-block-list\">\n<li>Anliegen, die nicht direkt zu den oben genannten Schwerpunktthemen und in die Gesamtstrategie der Volkart Stiftung passen<\/li>\n\n\n\n<li>Projekte mit einem \u00fcberwiegend gewinnorientierten Hintergrund<\/li>\n\n\n\n<li>Wissenschaftliche Forschung und Bildungsprogramme<\/li>\n\n\n\n<li>Einzelpersonen<\/li>\n\n\n\n<li>Stipendien<\/li>\n\n\n\n<li>Publikationen und Ausstellungen<\/li>\n\n\n\n<li>Auszeichnungen und Preise<\/li>\n\n\n\n<li>Infrastrukturprojekte<\/li>\n\n\n\n<li>Tagungen und Kongresse<\/li>\n\n\n\n<li>Parteipolitische Projekte<\/li>\n\n\n\n<li>Tier- und Artenschutz<\/li>\n\n\n\n<li>Kunst und Kulturprojekte<\/li>\n<\/ul>\n","protected":false},"excerpt":{"rendered":"<p>Klimaschutz, Bodenschutz und Schutz der Biodiversit\u00e4t Im Programm \u00d6kologie unterst\u00fctzt die Volkart Stiftung gemeinn\u00fctzige Organisationen, Initiativen oder Projekte in der Schweiz, die sich f\u00fcr Klimaschutz, Bodenschutz und\/oder den Schutz der Biodiversit\u00e4t engagieren. Wir m\u00f6chten mit unserem Engagement dazu beitragen, dass die Schweiz ihre Treibhausgasemissionen bis 2050 auf Netto-Null gesenkt hat, dass der Wert unserer B\u00f6den [&hellip;]<\/p>\n","protected":false},"author":2,"featured_media":0,"parent":15,"menu_order":0,"comment_status":"closed","ping_status":"closed","template":"","meta":{"_acf_changed":false,"footnotes":""},"class_list":["post-642","page","type-page","status-publish","hentry"],"acf":[],"yoast_head":"<!-- This site is optimized with the Yoast SEO plugin v25.3 - https:\/\/yoast.com\/wordpress\/plugins\/seo\/ -->\n<title>\u00d6kologie - Volkart<\/title>\n<meta name=\"robots\" content=\"index, follow, max-snippet:-1, max-image-preview:large, max-video-preview:-1\" \/>\n<link rel=\"canonical\" href=\"https:\/\/staging.volkart.ch\/de\/engagement\/oekologie\/\" \/>\n<meta property=\"og:locale\" content=\"de_DE\" \/>\n<meta property=\"og:type\" content=\"article\" \/>\n<meta property=\"og:title\" content=\"\u00d6kologie - Volkart\" \/>\n<meta property=\"og:description\" content=\"Klimaschutz, Bodenschutz und Schutz der Biodiversit\u00e4t Im Programm \u00d6kologie unterst\u00fctzt die Volkart Stiftung gemeinn\u00fctzige Organisationen, Initiativen oder Projekte in der Schweiz, die sich f\u00fcr Klimaschutz, Bodenschutz und\/oder den Schutz der Biodiversit\u00e4t engagieren. Wir m\u00f6chten mit unserem Engagement dazu beitragen, dass die Schweiz ihre Treibhausgasemissionen bis 2050 auf Netto-Null gesenkt hat, dass der Wert unserer B\u00f6den [&hellip;]\" \/>\n<meta property=\"og:url\" content=\"https:\/\/staging.volkart.ch\/de\/engagement\/oekologie\/\" \/>\n<meta property=\"og:site_name\" content=\"Volkart\" \/>\n<meta property=\"article:modified_time\" content=\"2025-01-30T13:55:51+00:00\" \/>\n<meta name=\"twitter:card\" content=\"summary_large_image\" \/>\n<meta name=\"twitter:label1\" content=\"Gesch\u00e4tzte Lesezeit\" \/>\n\t<meta name=\"twitter:data1\" content=\"1\u00a0Minute\" \/>\n<script type=\"application\/ld+json\" class=\"yoast-schema-graph\">{\"@context\":\"https:\/\/schema.org\",\"@graph\":[{\"@type\":\"WebPage\",\"@id\":\"https:\/\/staging.volkart.ch\/de\/engagement\/oekologie\/\",\"url\":\"https:\/\/staging.volkart.ch\/de\/engagement\/oekologie\/\",\"name\":\"\u00d6kologie - Volkart\",\"isPartOf\":{\"@id\":\"https:\/\/staging.volkart.ch\/de\/#website\"},\"datePublished\":\"2022-06-02T15:04:30+00:00\",\"dateModified\":\"2025-01-30T13:55:51+00:00\",\"breadcrumb\":{\"@id\":\"https:\/\/staging.volkart.ch\/de\/engagement\/oekologie\/#breadcrumb\"},\"inLanguage\":\"de\",\"potentialAction\":[{\"@type\":\"ReadAction\",\"target\":[\"https:\/\/staging.volkart.ch\/de\/engagement\/oekologie\/\"]}]},{\"@type\":\"BreadcrumbList\",\"@id\":\"https:\/\/staging.volkart.ch\/de\/engagement\/oekologie\/#breadcrumb\",\"itemListElement\":[{\"@type\":\"ListItem\",\"position\":1,\"name\":\"Startseite\",\"item\":\"https:\/\/staging.volkart.ch\/de\/\"},{\"@type\":\"ListItem\",\"position\":2,\"name\":\"Engagement\",\"item\":\"https:\/\/staging.volkart.ch\/de\/engagement\/\"},{\"@type\":\"ListItem\",\"position\":3,\"name\":\"\u00d6kologie\"}]},{\"@type\":\"WebSite\",\"@id\":\"https:\/\/staging.volkart.ch\/de\/#website\",\"url\":\"https:\/\/staging.volkart.ch\/de\/\",\"name\":\"Volkart\",\"description\":\"Eine weitere WordPress-Website\",\"publisher\":{\"@id\":\"https:\/\/staging.volkart.ch\/de\/#organization\"},\"potentialAction\":[{\"@type\":\"SearchAction\",\"target\":{\"@type\":\"EntryPoint\",\"urlTemplate\":\"https:\/\/staging.volkart.ch\/de\/?s={search_term_string}\"},\"query-input\":{\"@type\":\"PropertyValueSpecification\",\"valueRequired\":true,\"valueName\":\"search_term_string\"}}],\"inLanguage\":\"de\"},{\"@type\":\"Organization\",\"@id\":\"https:\/\/staging.volkart.ch\/de\/#organization\",\"name\":\"Volkart Stiftung\",\"url\":\"https:\/\/staging.volkart.ch\/de\/\",\"logo\":{\"@type\":\"ImageObject\",\"inLanguage\":\"de\",\"@id\":\"https:\/\/staging.volkart.ch\/de\/#\/schema\/logo\/image\/\",\"url\":\"https:\/\/staging.volkart.ch\/wp-content\/uploads\/2022\/07\/volkart-logo-1.png\",\"contentUrl\":\"https:\/\/staging.volkart.ch\/wp-content\/uploads\/2022\/07\/volkart-logo-1.png\",\"width\":880,\"height\":200,\"caption\":\"Volkart Stiftung\"},\"image\":{\"@id\":\"https:\/\/staging.volkart.ch\/de\/#\/schema\/logo\/image\/\"}}]}<\/script>\n<!-- \/ Yoast SEO plugin. -->","yoast_head_json":{"title":"\u00d6kologie - Volkart","robots":{"index":"index","follow":"follow","max-snippet":"max-snippet:-1","max-image-preview":"max-image-preview:large","max-video-preview":"max-video-preview:-1"},"canonical":"https:\/\/staging.volkart.ch\/de\/engagement\/oekologie\/","og_locale":"de_DE","og_type":"article","og_title":"\u00d6kologie - Volkart","og_description":"Klimaschutz, Bodenschutz und Schutz der Biodiversit\u00e4t Im Programm \u00d6kologie unterst\u00fctzt die Volkart Stiftung gemeinn\u00fctzige Organisationen, Initiativen oder Projekte in der Schweiz, die sich f\u00fcr Klimaschutz, Bodenschutz und\/oder den Schutz der Biodiversit\u00e4t engagieren. Wir m\u00f6chten mit unserem Engagement dazu beitragen, dass die Schweiz ihre Treibhausgasemissionen bis 2050 auf Netto-Null gesenkt hat, dass der Wert unserer B\u00f6den [&hellip;]","og_url":"https:\/\/staging.volkart.ch\/de\/engagement\/oekologie\/","og_site_name":"Volkart","article_modified_time":"2025-01-30T13:55:51+00:00","twitter_card":"summary_large_image","twitter_misc":{"Gesch\u00e4tzte Lesezeit":"1\u00a0Minute"},"schema":{"@context":"https:\/\/schema.org","@graph":[{"@type":"WebPage","@id":"https:\/\/staging.volkart.ch\/de\/engagement\/oekologie\/","url":"https:\/\/staging.volkart.ch\/de\/engagement\/oekologie\/","name":"\u00d6kologie - Volkart","isPartOf":{"@id":"https:\/\/staging.volkart.ch\/de\/#website"},"datePublished":"2022-06-02T15:04:30+00:00","dateModified":"2025-01-30T13:55:51+00:00","breadcrumb":{"@id":"https:\/\/staging.volkart.ch\/de\/engagement\/oekologie\/#breadcrumb"},"inLanguage":"de","potentialAction":[{"@type":"ReadAction","target":["https:\/\/staging.volkart.ch\/de\/engagement\/oekologie\/"]}]},{"@type":"BreadcrumbList","@id":"https:\/\/staging.volkart.ch\/de\/engagement\/oekologie\/#breadcrumb","itemListElement":[{"@type":"ListItem","position":1,"name":"Startseite","item":"https:\/\/staging.volkart.ch\/de\/"},{"@type":"ListItem","position":2,"name":"Engagement","item":"https:\/\/staging.volkart.ch\/de\/engagement\/"},{"@type":"ListItem","position":3,"name":"\u00d6kologie"}]},{"@type":"WebSite","@id":"https:\/\/staging.volkart.ch\/de\/#website","url":"https:\/\/staging.volkart.ch\/de\/","name":"Volkart","description":"Eine weitere WordPress-Website","publisher":{"@id":"https:\/\/staging.volkart.ch\/de\/#organization"},"potentialAction":[{"@type":"SearchAction","target":{"@type":"EntryPoint","urlTemplate":"https:\/\/staging.volkart.ch\/de\/?s={search_term_string}"},"query-input":{"@type":"PropertyValueSpecification","valueRequired":true,"valueName":"search_term_string"}}],"inLanguage":"de"},{"@type":"Organization","@id":"https:\/\/staging.volkart.ch\/de\/#organization","name":"Volkart Stiftung","url":"https:\/\/staging.volkart.ch\/de\/","logo":{"@type":"ImageObject","inLanguage":"de","@id":"https:\/\/staging.volkart.ch\/de\/#\/schema\/logo\/image\/","url":"https:\/\/staging.volkart.ch\/wp-content\/uploads\/2022\/07\/volkart-logo-1.png","contentUrl":"https:\/\/staging.volkart.ch\/wp-content\/uploads\/2022\/07\/volkart-logo-1.png","width":880,"height":200,"caption":"Volkart Stiftung"},"image":{"@id":"https:\/\/staging.volkart.ch\/de\/#\/schema\/logo\/image\/"}}]}},"_links":{"self":[{"href":"https:\/\/staging.volkart.ch\/de\/wp-json\/wp\/v2\/pages\/642","targetHints":{"allow":["GET"]}}],"collection":[{"href":"https:\/\/staging.volkart.ch\/de\/wp-json\/wp\/v2\/pages"}],"about":[{"href":"https:\/\/staging.volkart.ch\/de\/wp-json\/wp\/v2\/types\/page"}],"author":[{"embeddable":true,"href":"https:\/\/staging.volkart.ch\/de\/wp-json\/wp\/v2\/users\/2"}],"replies":[{"embeddable":true,"href":"https:\/\/staging.volkart.ch\/de\/wp-json\/wp\/v2\/comments?post=642"}],"version-history":[{"count":24,"href":"https:\/\/staging.volkart.ch\/de\/wp-json\/wp\/v2\/pages\/642\/revisions"}],"predecessor-version":[{"id":2393,"href":"https:\/\/staging.volkart.ch\/de\/wp-json\/wp\/v2\/pages\/642\/revisions\/2393"}],"up":[{"embeddable":true,"href":"https:\/\/staging.volkart.ch\/de\/wp-json\/wp\/v2\/pages\/15"}],"wp:attachment":[{"href":"https:\/\/staging.volkart.ch\/de\/wp-json\/wp\/v2\/media?parent=642"}],"curies":[{"name":"wp","href":"https:\/\/api.w.org\/{rel}","templated":true}]}}