{"id":33,"date":"2022-04-20T13:37:07","date_gmt":"2022-04-20T11:37:07","guid":{"rendered":"https:\/\/volkart.ddev.site\/?page_id=33"},"modified":"2025-01-30T14:56:37","modified_gmt":"2025-01-30T13:56:37","slug":"sozialer-bereich","status":"publish","type":"page","link":"https:\/\/staging.volkart.ch\/de\/engagement\/sozialer-bereich\/","title":{"rendered":"Sozialer Bereich"},"content":{"rendered":"\n<h2 class=\"wp-block-heading\">Gerechte Bildungschancen und Inklusion in den Arbeitsmarkt<\/h2>\n\n\n\n<p>Im sozialen Bereich f\u00f6rdert die Volkart Stiftung einen starken gesellschaftlichen Zusammenhalt in der Schweiz, der auf gerechte Bildungschancen und eine optimale Inklusion in den Arbeitsmarkt gr\u00fcndet. Bei der F\u00f6rderung setzen wir daher den Fokus auf den Zugang zu Bildung, Berufsbildung und zum Arbeitsmarkt f\u00fcr Menschen, die wegen ihres Migrationshintergrunds und ihrer sozio\u00f6konomischen Verh\u00e4ltnisse benachteiligt oder ausgeschlossen sind.&nbsp;<\/p>\n\n\n\n<p>Die Volkart Stiftung legt Wert auf systemischen Wandel, damit Ursachen von gesellschaftlichen Herausforderungen nachhaltig angegangen werden. Wir unterst\u00fctzen innovative Projekte, interdisziplin\u00e4re Ideen und mutige Ans\u00e4tze, die gemeinn\u00fctzig sind. Wir f\u00f6rdern Pilotprojekte, sprechen Betriebsbeitr\u00e4ge, bieten die Weiterbildung &nbsp;<a href=\"https:\/\/staging.volkart.ch\/aktuell\/\" target=\"_blank\" rel=\"noreferrer noopener\">\u00abProjekte mit Wirkung\u00bb<\/a> an und unterst\u00fctzen Organisationsentwicklung. Um eine grosse Hebelwirkung zu erzielen, suchen wir die Kooperation mit anderen Stiftungen, machen Initiativen bekannt und tragen aktiv zum Wissensaustausch bei.<\/p>\n\n\n\n<p><strong>Was wir nicht f\u00f6rdern:<\/strong><\/p>\n\n\n\n<ul class=\"wp-block-list\">\n<li>Anliegen, die nicht direkt zu den oben genannten Schwerpunktthemen und in die Gesamtstrategie der Volkart Stiftung passen<\/li>\n\n\n\n<li>Projekte mit einem \u00fcberwiegend gewinnorientierten Hintergrund<\/li>\n\n\n\n<li>Wissenschaftliche Forschung<\/li>\n\n\n\n<li>Einzelpersonen<\/li>\n\n\n\n<li>Stipendien<\/li>\n\n\n\n<li>Publikationen und Ausstellungen<\/li>\n\n\n\n<li>Auszeichnungen und Preise<\/li>\n\n\n\n<li>Infrastrukturprojekte<\/li>\n\n\n\n<li>Tagungen und Kongresse<\/li>\n\n\n\n<li>Parteipolitische Projekte<\/li>\n\n\n\n<li>Nothilfe<\/li>\n\n\n\n<li>Kunst und Kulturprojekte<\/li>\n<\/ul>\n\n\n\n<ul class=\"wp-block-list\"><\/ul>\n\n\n\n<h2 class=\"wp-block-heading\"><strong>Studie und Ausschreibung zu Bildung f\u00fcr junge Gefl\u00fcchtete<\/strong><\/h2>\n\n\n\n<p>Die Studie <em>Bildungsmassnahmen f\u00fcr sp\u00e4t eingereiste Jugendliche und junge Erwachsene<\/em> wurde 2017 gemeinsam in Auftrag gegeben von: Arcas Foundation, Christoph Merian Stiftung, Ernst G\u00f6hner Stiftung, Paul Schiller Stiftung, Stiftung Mercator Schweiz, Volkart Stiftung und Migros-Kulturprozent. Durchgef\u00fchrt wurde die 2019 publizierte Studie von der Universit\u00e4t Neuch\u00e2tel und B,S,S. Volkswirtschaftliche Studien.<\/p>\n\n\n\n<p>Die Brosch\u00fcre<em> Je fr\u00fcher, desto besser f\u00fcr alle<\/em> enth\u00e4lt zentrale Erkenntnisse dieser Studie, inkl. zehn Empfehlungen.<\/p>\n\n\n\n<p>Die Ausschreibung <em>Zugang zu Bildung f\u00fcr junge Gefl\u00fcchtete<\/em>, die 2020 einmalig von der Volkart Stiftung und der Mercator Stiftung Schweiz lanciert wurde, baut auf diese Studie auf. Im Rahmen der Ausschreibung wurden folgende f\u00fcnf Organisationen gef\u00f6rdert: Universit\u00e4t Z\u00fcrich, Verband Schweizer Studierendenschaften, Solafrica zusammen mit Root &amp; Branch, Verein \u00abBildung f\u00fcr alle \u2013 jetzt!\u00bb und NCBI Schweiz. Wichtig f\u00fcr eine F\u00f6rderung im Rahmen dieser Ausschreibung war der systemische Ansatz der Initiativen: Die Projekte sollen die strukturellen Bedingungen f\u00fcr den Bildungszugang von jungen Gefl\u00fcchteten verbessern und nachhaltige Entwicklungen anstossen. Informationen zu den Projekten finden Sie <a href=\"https:\/\/staging.volkart.ch\/foerderprojekte\/sozialer-bereich-2\/\" target=\"_blank\" rel=\"noreferrer noopener\">hier<\/a>.<\/p>\n\n\n\n<p>Dokumente runterladen: <br><a href=\"https:\/\/libra.unine.ch\/server\/api\/core\/bitstreams\/73836742-1c3c-421f-9ec4-54086410f027\/content\" target=\"_blank\" rel=\"noreferrer noopener\">Studie Bildungsmassnahmen f\u00fcr sp\u00e4t eingereiste Jugendliche und junge Erwachsene<\/a><br><a href=\"https:\/\/staging.volkart.ch\/wp-content\/uploads\/2024\/04\/Broschuere-Je-frueher-desto-besser-fuer-alle.pdf\" target=\"_blank\" rel=\"noreferrer noopener\">Brosch\u00fcre Je fr\u00fcher, desto besser f\u00fcr alle<\/a><br><a href=\"https:\/\/staging.volkart.ch\/wp-content\/uploads\/2024\/04\/Brochure-Le-plus-tot-est-le-mieux-pour-tous.pdf\" target=\"_blank\" rel=\"noreferrer noopener\">Brochure Le plus t\u00f4t est le mieux pour tous<\/a><\/p>\n\n\n\n<p><\/p>\n","protected":false},"excerpt":{"rendered":"<p>Gerechte Bildungschancen und Inklusion in den Arbeitsmarkt Im sozialen Bereich f\u00f6rdert die Volkart Stiftung einen starken gesellschaftlichen Zusammenhalt in der Schweiz, der auf gerechte Bildungschancen und eine optimale Inklusion in den Arbeitsmarkt gr\u00fcndet. Bei der F\u00f6rderung setzen wir daher den Fokus auf den Zugang zu Bildung, Berufsbildung und zum Arbeitsmarkt f\u00fcr Menschen, die wegen ihres [&hellip;]<\/p>\n","protected":false},"author":2,"featured_media":0,"parent":15,"menu_order":0,"comment_status":"closed","ping_status":"closed","template":"","meta":{"_acf_changed":false,"footnotes":""},"class_list":["post-33","page","type-page","status-publish","hentry"],"acf":[],"yoast_head":"<!-- This site is optimized with the Yoast SEO plugin v25.3 - https:\/\/yoast.com\/wordpress\/plugins\/seo\/ -->\n<title>Sozialer Bereich - Volkart<\/title>\n<meta name=\"robots\" content=\"index, follow, max-snippet:-1, max-image-preview:large, max-video-preview:-1\" \/>\n<link rel=\"canonical\" href=\"https:\/\/staging.volkart.ch\/de\/engagement\/sozialer-bereich\/\" \/>\n<meta property=\"og:locale\" content=\"de_DE\" \/>\n<meta property=\"og:type\" content=\"article\" \/>\n<meta property=\"og:title\" content=\"Sozialer Bereich - Volkart\" \/>\n<meta property=\"og:description\" content=\"Gerechte Bildungschancen und Inklusion in den Arbeitsmarkt Im sozialen Bereich f\u00f6rdert die Volkart Stiftung einen starken gesellschaftlichen Zusammenhalt in der Schweiz, der auf gerechte Bildungschancen und eine optimale Inklusion in den Arbeitsmarkt gr\u00fcndet. Bei der F\u00f6rderung setzen wir daher den Fokus auf den Zugang zu Bildung, Berufsbildung und zum Arbeitsmarkt f\u00fcr Menschen, die wegen ihres [&hellip;]\" \/>\n<meta property=\"og:url\" content=\"https:\/\/staging.volkart.ch\/de\/engagement\/sozialer-bereich\/\" \/>\n<meta property=\"og:site_name\" content=\"Volkart\" \/>\n<meta property=\"article:modified_time\" content=\"2025-01-30T13:56:37+00:00\" \/>\n<meta name=\"twitter:card\" content=\"summary_large_image\" \/>\n<meta name=\"twitter:label1\" content=\"Gesch\u00e4tzte Lesezeit\" \/>\n\t<meta name=\"twitter:data1\" content=\"2\u00a0Minuten\" \/>\n<script type=\"application\/ld+json\" class=\"yoast-schema-graph\">{\"@context\":\"https:\/\/schema.org\",\"@graph\":[{\"@type\":\"WebPage\",\"@id\":\"https:\/\/staging.volkart.ch\/de\/engagement\/sozialer-bereich\/\",\"url\":\"https:\/\/staging.volkart.ch\/de\/engagement\/sozialer-bereich\/\",\"name\":\"Sozialer Bereich - Volkart\",\"isPartOf\":{\"@id\":\"https:\/\/staging.volkart.ch\/de\/#website\"},\"datePublished\":\"2022-04-20T11:37:07+00:00\",\"dateModified\":\"2025-01-30T13:56:37+00:00\",\"breadcrumb\":{\"@id\":\"https:\/\/staging.volkart.ch\/de\/engagement\/sozialer-bereich\/#breadcrumb\"},\"inLanguage\":\"de\",\"potentialAction\":[{\"@type\":\"ReadAction\",\"target\":[\"https:\/\/staging.volkart.ch\/de\/engagement\/sozialer-bereich\/\"]}]},{\"@type\":\"BreadcrumbList\",\"@id\":\"https:\/\/staging.volkart.ch\/de\/engagement\/sozialer-bereich\/#breadcrumb\",\"itemListElement\":[{\"@type\":\"ListItem\",\"position\":1,\"name\":\"Startseite\",\"item\":\"https:\/\/staging.volkart.ch\/de\/\"},{\"@type\":\"ListItem\",\"position\":2,\"name\":\"Engagement\",\"item\":\"https:\/\/staging.volkart.ch\/de\/engagement\/\"},{\"@type\":\"ListItem\",\"position\":3,\"name\":\"Sozialer Bereich\"}]},{\"@type\":\"WebSite\",\"@id\":\"https:\/\/staging.volkart.ch\/de\/#website\",\"url\":\"https:\/\/staging.volkart.ch\/de\/\",\"name\":\"Volkart\",\"description\":\"Eine weitere WordPress-Website\",\"publisher\":{\"@id\":\"https:\/\/staging.volkart.ch\/de\/#organization\"},\"potentialAction\":[{\"@type\":\"SearchAction\",\"target\":{\"@type\":\"EntryPoint\",\"urlTemplate\":\"https:\/\/staging.volkart.ch\/de\/?s={search_term_string}\"},\"query-input\":{\"@type\":\"PropertyValueSpecification\",\"valueRequired\":true,\"valueName\":\"search_term_string\"}}],\"inLanguage\":\"de\"},{\"@type\":\"Organization\",\"@id\":\"https:\/\/staging.volkart.ch\/de\/#organization\",\"name\":\"Volkart Stiftung\",\"url\":\"https:\/\/staging.volkart.ch\/de\/\",\"logo\":{\"@type\":\"ImageObject\",\"inLanguage\":\"de\",\"@id\":\"https:\/\/staging.volkart.ch\/de\/#\/schema\/logo\/image\/\",\"url\":\"https:\/\/staging.volkart.ch\/wp-content\/uploads\/2022\/07\/volkart-logo-1.png\",\"contentUrl\":\"https:\/\/staging.volkart.ch\/wp-content\/uploads\/2022\/07\/volkart-logo-1.png\",\"width\":880,\"height\":200,\"caption\":\"Volkart Stiftung\"},\"image\":{\"@id\":\"https:\/\/staging.volkart.ch\/de\/#\/schema\/logo\/image\/\"}}]}<\/script>\n<!-- \/ Yoast SEO plugin. -->","yoast_head_json":{"title":"Sozialer Bereich - Volkart","robots":{"index":"index","follow":"follow","max-snippet":"max-snippet:-1","max-image-preview":"max-image-preview:large","max-video-preview":"max-video-preview:-1"},"canonical":"https:\/\/staging.volkart.ch\/de\/engagement\/sozialer-bereich\/","og_locale":"de_DE","og_type":"article","og_title":"Sozialer Bereich - Volkart","og_description":"Gerechte Bildungschancen und Inklusion in den Arbeitsmarkt Im sozialen Bereich f\u00f6rdert die Volkart Stiftung einen starken gesellschaftlichen Zusammenhalt in der Schweiz, der auf gerechte Bildungschancen und eine optimale Inklusion in den Arbeitsmarkt gr\u00fcndet. Bei der F\u00f6rderung setzen wir daher den Fokus auf den Zugang zu Bildung, Berufsbildung und zum Arbeitsmarkt f\u00fcr Menschen, die wegen ihres [&hellip;]","og_url":"https:\/\/staging.volkart.ch\/de\/engagement\/sozialer-bereich\/","og_site_name":"Volkart","article_modified_time":"2025-01-30T13:56:37+00:00","twitter_card":"summary_large_image","twitter_misc":{"Gesch\u00e4tzte Lesezeit":"2\u00a0Minuten"},"schema":{"@context":"https:\/\/schema.org","@graph":[{"@type":"WebPage","@id":"https:\/\/staging.volkart.ch\/de\/engagement\/sozialer-bereich\/","url":"https:\/\/staging.volkart.ch\/de\/engagement\/sozialer-bereich\/","name":"Sozialer Bereich - Volkart","isPartOf":{"@id":"https:\/\/staging.volkart.ch\/de\/#website"},"datePublished":"2022-04-20T11:37:07+00:00","dateModified":"2025-01-30T13:56:37+00:00","breadcrumb":{"@id":"https:\/\/staging.volkart.ch\/de\/engagement\/sozialer-bereich\/#breadcrumb"},"inLanguage":"de","potentialAction":[{"@type":"ReadAction","target":["https:\/\/staging.volkart.ch\/de\/engagement\/sozialer-bereich\/"]}]},{"@type":"BreadcrumbList","@id":"https:\/\/staging.volkart.ch\/de\/engagement\/sozialer-bereich\/#breadcrumb","itemListElement":[{"@type":"ListItem","position":1,"name":"Startseite","item":"https:\/\/staging.volkart.ch\/de\/"},{"@type":"ListItem","position":2,"name":"Engagement","item":"https:\/\/staging.volkart.ch\/de\/engagement\/"},{"@type":"ListItem","position":3,"name":"Sozialer Bereich"}]},{"@type":"WebSite","@id":"https:\/\/staging.volkart.ch\/de\/#website","url":"https:\/\/staging.volkart.ch\/de\/","name":"Volkart","description":"Eine weitere WordPress-Website","publisher":{"@id":"https:\/\/staging.volkart.ch\/de\/#organization"},"potentialAction":[{"@type":"SearchAction","target":{"@type":"EntryPoint","urlTemplate":"https:\/\/staging.volkart.ch\/de\/?s={search_term_string}"},"query-input":{"@type":"PropertyValueSpecification","valueRequired":true,"valueName":"search_term_string"}}],"inLanguage":"de"},{"@type":"Organization","@id":"https:\/\/staging.volkart.ch\/de\/#organization","name":"Volkart Stiftung","url":"https:\/\/staging.volkart.ch\/de\/","logo":{"@type":"ImageObject","inLanguage":"de","@id":"https:\/\/staging.volkart.ch\/de\/#\/schema\/logo\/image\/","url":"https:\/\/staging.volkart.ch\/wp-content\/uploads\/2022\/07\/volkart-logo-1.png","contentUrl":"https:\/\/staging.volkart.ch\/wp-content\/uploads\/2022\/07\/volkart-logo-1.png","width":880,"height":200,"caption":"Volkart Stiftung"},"image":{"@id":"https:\/\/staging.volkart.ch\/de\/#\/schema\/logo\/image\/"}}]}},"_links":{"self":[{"href":"https:\/\/staging.volkart.ch\/de\/wp-json\/wp\/v2\/pages\/33","targetHints":{"allow":["GET"]}}],"collection":[{"href":"https:\/\/staging.volkart.ch\/de\/wp-json\/wp\/v2\/pages"}],"about":[{"href":"https:\/\/staging.volkart.ch\/de\/wp-json\/wp\/v2\/types\/page"}],"author":[{"embeddable":true,"href":"https:\/\/staging.volkart.ch\/de\/wp-json\/wp\/v2\/users\/2"}],"replies":[{"embeddable":true,"href":"https:\/\/staging.volkart.ch\/de\/wp-json\/wp\/v2\/comments?post=33"}],"version-history":[{"count":27,"href":"https:\/\/staging.volkart.ch\/de\/wp-json\/wp\/v2\/pages\/33\/revisions"}],"predecessor-version":[{"id":2394,"href":"https:\/\/staging.volkart.ch\/de\/wp-json\/wp\/v2\/pages\/33\/revisions\/2394"}],"up":[{"embeddable":true,"href":"https:\/\/staging.volkart.ch\/de\/wp-json\/wp\/v2\/pages\/15"}],"wp:attachment":[{"href":"https:\/\/staging.volkart.ch\/de\/wp-json\/wp\/v2\/media?parent=33"}],"curies":[{"name":"wp","href":"https:\/\/api.w.org\/{rel}","templated":true}]}}