{"id":29,"date":"2022-04-20T13:36:42","date_gmt":"2022-04-20T11:36:42","guid":{"rendered":"https:\/\/volkart.ddev.site\/?page_id=29"},"modified":"2025-01-30T14:46:28","modified_gmt":"2025-01-30T13:46:28","slug":"medien","status":"publish","type":"page","link":"https:\/\/staging.volkart.ch\/de\/engagement\/medien\/","title":{"rendered":"Medien"},"content":{"rendered":"\n<p><\/p>\n\n\n\n<h2 class=\"wp-block-heading\">Medienvielfalt und Bildkompetenz<\/h2>\n\n\n\n<p>Transparente und faktenbasierte Informationen \u00fcber das gesellschaftliche und politische Geschehen sind wichtig f\u00fcr jede Demokratie, denn Medien, die sachlich informieren und das politische Geschehen einordnen, schaffen die Grundlage f\u00fcr die Meinungsbildung und den politischen Diskurs. Daf\u00fcr braucht es eine Vielfalt von unabh\u00e4ngigen Medien. Die Volkart Stiftung unterst\u00fctzt deshalb die Medienvielfalt durch die F\u00f6rderung unabh\u00e4ngiger journalistischer Angebote und technische Entwicklungen f\u00fcr Medien in der Schweiz.<\/p>\n\n\n\n<p>Bilder erg\u00e4nzen und ersetzen immer mehr Informationen, die bislang \u00fcber die Sprache vermittelt wurden. Die breite Gesellschaft muss in der Lage sein, Bilder kritisch einzuordnen. Die Volkart Stiftung unterst\u00fctzt deshalb die Bildkompetenz durch die F\u00f6rderung von Vermittlungsangeboten zur kritischen Auseinandersetzung mit Bildern.<\/p>\n\n\n\n<p>Die Volkart Stiftung legt Wert auf systemischen Wandel, damit Ursachen von gesellschaftlichen Herausforderungen nachhaltig angegangen werden. Wir unterst\u00fctzen innovative Projekte, interdisziplin\u00e4re Ideen und mutige Ans\u00e4tze, die gemeinn\u00fctzig sind. Wir f\u00f6rdern Pilotprojekte, sprechen Betriebsbeitr\u00e4ge, bieten die Weiterbildung &nbsp;<a href=\"https:\/\/staging.volkart.ch\/aktuell\/\" target=\"_blank\" rel=\"noreferrer noopener\">\u00abProjekte mit Wirkung\u00bb<\/a> an und unterst\u00fctzen Organisationsentwicklung. Um eine grosse Hebelwirkung zu erzielen, suchen wir die Kooperation mit anderen Stiftungen, machen Initiativen bekannt und tragen aktiv zum Wissensaustausch bei.<\/p>\n\n\n\n<p>Im Bereich der Medien nimmt die Volkart Stiftung Gesuche nur auf Einladung entgegen. <\/p>\n\n\n\n<p><strong>Was wir nicht f\u00f6rdern:<\/strong><\/p>\n\n\n\n<ul class=\"wp-block-list\"><\/ul>\n\n\n\n<ul class=\"wp-block-list\"><\/ul>\n\n\n\n<ul class=\"wp-block-list\">\n<li>Anliegen, die nicht direkt zu den oben genannten Schwerpunktthemen und in die Gesamtstrategie der Volkart Stiftung passen<\/li>\n\n\n\n<li>Individuelle F\u00f6rderung von Journalist:innen, wie Ausbildungen oder Stipendien<\/li>\n\n\n\n<li>Medienp\u00e4dagogische Projekte (ausser im Bereich der Bildkompetenz)<\/li>\n\n\n\n<li>Projekte mit einem \u00fcberwiegend gewinnorientierten Hintergrund<\/li>\n\n\n\n<li>Wissenschaftliche Forschung<\/li>\n\n\n\n<li>Publikationen und Ausstellungen<\/li>\n\n\n\n<li>Auszeichnungen und Preise<\/li>\n\n\n\n<li>Tagungen und Kongresse<\/li>\n\n\n\n<li>Kunst und Kulturprojekte<\/li>\n<\/ul>\n\n\n\n<p><\/p>\n","protected":false},"excerpt":{"rendered":"<p>Medienvielfalt und Bildkompetenz Transparente und faktenbasierte Informationen \u00fcber das gesellschaftliche und politische Geschehen sind wichtig f\u00fcr jede Demokratie, denn Medien, die sachlich informieren und das politische Geschehen einordnen, schaffen die Grundlage f\u00fcr die Meinungsbildung und den politischen Diskurs. Daf\u00fcr braucht es eine Vielfalt von unabh\u00e4ngigen Medien. Die Volkart Stiftung unterst\u00fctzt deshalb die Medienvielfalt durch die [&hellip;]<\/p>\n","protected":false},"author":2,"featured_media":0,"parent":15,"menu_order":0,"comment_status":"closed","ping_status":"closed","template":"","meta":{"_acf_changed":false,"footnotes":""},"class_list":["post-29","page","type-page","status-publish","hentry"],"acf":[],"yoast_head":"<!-- This site is optimized with the Yoast SEO plugin v25.3 - https:\/\/yoast.com\/wordpress\/plugins\/seo\/ -->\n<title>Medien - Volkart<\/title>\n<meta name=\"robots\" content=\"index, follow, max-snippet:-1, max-image-preview:large, max-video-preview:-1\" \/>\n<link rel=\"canonical\" href=\"https:\/\/staging.volkart.ch\/de\/engagement\/medien\/\" \/>\n<meta property=\"og:locale\" content=\"de_DE\" \/>\n<meta property=\"og:type\" content=\"article\" \/>\n<meta property=\"og:title\" content=\"Medien - Volkart\" \/>\n<meta property=\"og:description\" content=\"Medienvielfalt und Bildkompetenz Transparente und faktenbasierte Informationen \u00fcber das gesellschaftliche und politische Geschehen sind wichtig f\u00fcr jede Demokratie, denn Medien, die sachlich informieren und das politische Geschehen einordnen, schaffen die Grundlage f\u00fcr die Meinungsbildung und den politischen Diskurs. Daf\u00fcr braucht es eine Vielfalt von unabh\u00e4ngigen Medien. Die Volkart Stiftung unterst\u00fctzt deshalb die Medienvielfalt durch die [&hellip;]\" \/>\n<meta property=\"og:url\" content=\"https:\/\/staging.volkart.ch\/de\/engagement\/medien\/\" \/>\n<meta property=\"og:site_name\" content=\"Volkart\" \/>\n<meta property=\"article:modified_time\" content=\"2025-01-30T13:46:28+00:00\" \/>\n<meta name=\"twitter:card\" content=\"summary_large_image\" \/>\n<meta name=\"twitter:label1\" content=\"Gesch\u00e4tzte Lesezeit\" \/>\n\t<meta name=\"twitter:data1\" content=\"2\u00a0Minuten\" \/>\n<script type=\"application\/ld+json\" class=\"yoast-schema-graph\">{\"@context\":\"https:\/\/schema.org\",\"@graph\":[{\"@type\":\"WebPage\",\"@id\":\"https:\/\/staging.volkart.ch\/de\/engagement\/medien\/\",\"url\":\"https:\/\/staging.volkart.ch\/de\/engagement\/medien\/\",\"name\":\"Medien - Volkart\",\"isPartOf\":{\"@id\":\"https:\/\/staging.volkart.ch\/de\/#website\"},\"datePublished\":\"2022-04-20T11:36:42+00:00\",\"dateModified\":\"2025-01-30T13:46:28+00:00\",\"breadcrumb\":{\"@id\":\"https:\/\/staging.volkart.ch\/de\/engagement\/medien\/#breadcrumb\"},\"inLanguage\":\"de\",\"potentialAction\":[{\"@type\":\"ReadAction\",\"target\":[\"https:\/\/staging.volkart.ch\/de\/engagement\/medien\/\"]}]},{\"@type\":\"BreadcrumbList\",\"@id\":\"https:\/\/staging.volkart.ch\/de\/engagement\/medien\/#breadcrumb\",\"itemListElement\":[{\"@type\":\"ListItem\",\"position\":1,\"name\":\"Startseite\",\"item\":\"https:\/\/staging.volkart.ch\/de\/\"},{\"@type\":\"ListItem\",\"position\":2,\"name\":\"Engagement\",\"item\":\"https:\/\/staging.volkart.ch\/de\/engagement\/\"},{\"@type\":\"ListItem\",\"position\":3,\"name\":\"Medien\"}]},{\"@type\":\"WebSite\",\"@id\":\"https:\/\/staging.volkart.ch\/de\/#website\",\"url\":\"https:\/\/staging.volkart.ch\/de\/\",\"name\":\"Volkart\",\"description\":\"Eine weitere WordPress-Website\",\"publisher\":{\"@id\":\"https:\/\/staging.volkart.ch\/de\/#organization\"},\"potentialAction\":[{\"@type\":\"SearchAction\",\"target\":{\"@type\":\"EntryPoint\",\"urlTemplate\":\"https:\/\/staging.volkart.ch\/de\/?s={search_term_string}\"},\"query-input\":{\"@type\":\"PropertyValueSpecification\",\"valueRequired\":true,\"valueName\":\"search_term_string\"}}],\"inLanguage\":\"de\"},{\"@type\":\"Organization\",\"@id\":\"https:\/\/staging.volkart.ch\/de\/#organization\",\"name\":\"Volkart Stiftung\",\"url\":\"https:\/\/staging.volkart.ch\/de\/\",\"logo\":{\"@type\":\"ImageObject\",\"inLanguage\":\"de\",\"@id\":\"https:\/\/staging.volkart.ch\/de\/#\/schema\/logo\/image\/\",\"url\":\"https:\/\/staging.volkart.ch\/wp-content\/uploads\/2022\/07\/volkart-logo-1.png\",\"contentUrl\":\"https:\/\/staging.volkart.ch\/wp-content\/uploads\/2022\/07\/volkart-logo-1.png\",\"width\":880,\"height\":200,\"caption\":\"Volkart Stiftung\"},\"image\":{\"@id\":\"https:\/\/staging.volkart.ch\/de\/#\/schema\/logo\/image\/\"}}]}<\/script>\n<!-- \/ Yoast SEO plugin. -->","yoast_head_json":{"title":"Medien - Volkart","robots":{"index":"index","follow":"follow","max-snippet":"max-snippet:-1","max-image-preview":"max-image-preview:large","max-video-preview":"max-video-preview:-1"},"canonical":"https:\/\/staging.volkart.ch\/de\/engagement\/medien\/","og_locale":"de_DE","og_type":"article","og_title":"Medien - Volkart","og_description":"Medienvielfalt und Bildkompetenz Transparente und faktenbasierte Informationen \u00fcber das gesellschaftliche und politische Geschehen sind wichtig f\u00fcr jede Demokratie, denn Medien, die sachlich informieren und das politische Geschehen einordnen, schaffen die Grundlage f\u00fcr die Meinungsbildung und den politischen Diskurs. Daf\u00fcr braucht es eine Vielfalt von unabh\u00e4ngigen Medien. Die Volkart Stiftung unterst\u00fctzt deshalb die Medienvielfalt durch die [&hellip;]","og_url":"https:\/\/staging.volkart.ch\/de\/engagement\/medien\/","og_site_name":"Volkart","article_modified_time":"2025-01-30T13:46:28+00:00","twitter_card":"summary_large_image","twitter_misc":{"Gesch\u00e4tzte Lesezeit":"2\u00a0Minuten"},"schema":{"@context":"https:\/\/schema.org","@graph":[{"@type":"WebPage","@id":"https:\/\/staging.volkart.ch\/de\/engagement\/medien\/","url":"https:\/\/staging.volkart.ch\/de\/engagement\/medien\/","name":"Medien - Volkart","isPartOf":{"@id":"https:\/\/staging.volkart.ch\/de\/#website"},"datePublished":"2022-04-20T11:36:42+00:00","dateModified":"2025-01-30T13:46:28+00:00","breadcrumb":{"@id":"https:\/\/staging.volkart.ch\/de\/engagement\/medien\/#breadcrumb"},"inLanguage":"de","potentialAction":[{"@type":"ReadAction","target":["https:\/\/staging.volkart.ch\/de\/engagement\/medien\/"]}]},{"@type":"BreadcrumbList","@id":"https:\/\/staging.volkart.ch\/de\/engagement\/medien\/#breadcrumb","itemListElement":[{"@type":"ListItem","position":1,"name":"Startseite","item":"https:\/\/staging.volkart.ch\/de\/"},{"@type":"ListItem","position":2,"name":"Engagement","item":"https:\/\/staging.volkart.ch\/de\/engagement\/"},{"@type":"ListItem","position":3,"name":"Medien"}]},{"@type":"WebSite","@id":"https:\/\/staging.volkart.ch\/de\/#website","url":"https:\/\/staging.volkart.ch\/de\/","name":"Volkart","description":"Eine weitere WordPress-Website","publisher":{"@id":"https:\/\/staging.volkart.ch\/de\/#organization"},"potentialAction":[{"@type":"SearchAction","target":{"@type":"EntryPoint","urlTemplate":"https:\/\/staging.volkart.ch\/de\/?s={search_term_string}"},"query-input":{"@type":"PropertyValueSpecification","valueRequired":true,"valueName":"search_term_string"}}],"inLanguage":"de"},{"@type":"Organization","@id":"https:\/\/staging.volkart.ch\/de\/#organization","name":"Volkart Stiftung","url":"https:\/\/staging.volkart.ch\/de\/","logo":{"@type":"ImageObject","inLanguage":"de","@id":"https:\/\/staging.volkart.ch\/de\/#\/schema\/logo\/image\/","url":"https:\/\/staging.volkart.ch\/wp-content\/uploads\/2022\/07\/volkart-logo-1.png","contentUrl":"https:\/\/staging.volkart.ch\/wp-content\/uploads\/2022\/07\/volkart-logo-1.png","width":880,"height":200,"caption":"Volkart Stiftung"},"image":{"@id":"https:\/\/staging.volkart.ch\/de\/#\/schema\/logo\/image\/"}}]}},"_links":{"self":[{"href":"https:\/\/staging.volkart.ch\/de\/wp-json\/wp\/v2\/pages\/29","targetHints":{"allow":["GET"]}}],"collection":[{"href":"https:\/\/staging.volkart.ch\/de\/wp-json\/wp\/v2\/pages"}],"about":[{"href":"https:\/\/staging.volkart.ch\/de\/wp-json\/wp\/v2\/types\/page"}],"author":[{"embeddable":true,"href":"https:\/\/staging.volkart.ch\/de\/wp-json\/wp\/v2\/users\/2"}],"replies":[{"embeddable":true,"href":"https:\/\/staging.volkart.ch\/de\/wp-json\/wp\/v2\/comments?post=29"}],"version-history":[{"count":46,"href":"https:\/\/staging.volkart.ch\/de\/wp-json\/wp\/v2\/pages\/29\/revisions"}],"predecessor-version":[{"id":2381,"href":"https:\/\/staging.volkart.ch\/de\/wp-json\/wp\/v2\/pages\/29\/revisions\/2381"}],"up":[{"embeddable":true,"href":"https:\/\/staging.volkart.ch\/de\/wp-json\/wp\/v2\/pages\/15"}],"wp:attachment":[{"href":"https:\/\/staging.volkart.ch\/de\/wp-json\/wp\/v2\/media?parent=29"}],"curies":[{"name":"wp","href":"https:\/\/api.w.org\/{rel}","templated":true}]}}