{"id":27,"date":"2022-04-20T13:36:34","date_gmt":"2022-04-20T11:36:34","guid":{"rendered":"https:\/\/volkart.ddev.site\/?page_id=27"},"modified":"2024-07-09T15:27:44","modified_gmt":"2024-07-09T13:27:44","slug":"dokumentarfilm","status":"publish","type":"page","link":"https:\/\/staging.volkart.ch\/de\/engagement\/dokumentarfilm\/","title":{"rendered":"Dokumentarfilm"},"content":{"rendered":"\n<p>Seit Januar 2022 verfolgt die Volkart Stiftung in der Kulturf\u00f6rderung eine \u00fcberarbeitete Strategie. Der bisherige Fokus auf Dokumentarfilm wird beibehalten, aber n\u00e4her an die Stiftungsschwerpunkte \u00d6kologie, Soziales und Medien ger\u00fcckt. Im Bereich Dokumentarfilm nimmt die Volkart Stiftung Gesuche entgegen, siehe&nbsp;<a href=\"https:\/\/staging.volkart.ch\/foerderantrag-2\/dokumentarfilm-4\/\" target=\"_blank\" rel=\"noreferrer noopener\">F\u00f6rderantrag Dokumentarfilm<\/a>.<\/p>\n\n\n\n<p><strong>Was wir nicht f\u00f6rdern:<\/strong><\/p>\n\n\n\n<ul class=\"wp-block-list\">\n<li>Diplom- und Abschlussfilme<\/li>\n\n\n\n<li>Festivals<\/li>\n\n\n\n<li>die Nachfinanzierung zur Fertigstellung von Filmprojekten<\/li>\n<\/ul>\n","protected":false},"excerpt":{"rendered":"<p>Seit Januar 2022 verfolgt die Volkart Stiftung in der Kulturf\u00f6rderung eine \u00fcberarbeitete Strategie. Der bisherige Fokus auf Dokumentarfilm wird beibehalten, aber n\u00e4her an die Stiftungsschwerpunkte \u00d6kologie, Soziales und Medien ger\u00fcckt. Im Bereich Dokumentarfilm nimmt die Volkart Stiftung Gesuche entgegen, siehe&nbsp;F\u00f6rderantrag Dokumentarfilm. Was wir nicht f\u00f6rdern:<\/p>\n","protected":false},"author":2,"featured_media":0,"parent":15,"menu_order":0,"comment_status":"closed","ping_status":"closed","template":"","meta":{"_acf_changed":false,"footnotes":""},"class_list":["post-27","page","type-page","status-publish","hentry"],"acf":[],"yoast_head":"<!-- This site is optimized with the Yoast SEO plugin v25.3 - https:\/\/yoast.com\/wordpress\/plugins\/seo\/ -->\n<title>Dokumentarfilm - Volkart<\/title>\n<meta name=\"robots\" content=\"index, follow, max-snippet:-1, max-image-preview:large, max-video-preview:-1\" \/>\n<link rel=\"canonical\" href=\"https:\/\/staging.volkart.ch\/de\/engagement\/dokumentarfilm\/\" \/>\n<meta property=\"og:locale\" content=\"de_DE\" \/>\n<meta property=\"og:type\" content=\"article\" \/>\n<meta property=\"og:title\" content=\"Dokumentarfilm - Volkart\" \/>\n<meta property=\"og:description\" content=\"Seit Januar 2022 verfolgt die Volkart Stiftung in der Kulturf\u00f6rderung eine \u00fcberarbeitete Strategie. Der bisherige Fokus auf Dokumentarfilm wird beibehalten, aber n\u00e4her an die Stiftungsschwerpunkte \u00d6kologie, Soziales und Medien ger\u00fcckt. Im Bereich Dokumentarfilm nimmt die Volkart Stiftung Gesuche entgegen, siehe&nbsp;F\u00f6rderantrag Dokumentarfilm. Was wir nicht f\u00f6rdern:\" \/>\n<meta property=\"og:url\" content=\"https:\/\/staging.volkart.ch\/de\/engagement\/dokumentarfilm\/\" \/>\n<meta property=\"og:site_name\" content=\"Volkart\" \/>\n<meta property=\"article:modified_time\" content=\"2024-07-09T13:27:44+00:00\" \/>\n<meta name=\"twitter:card\" content=\"summary_large_image\" \/>\n<meta name=\"twitter:label1\" content=\"Gesch\u00e4tzte Lesezeit\" \/>\n\t<meta name=\"twitter:data1\" content=\"1\u00a0Minute\" \/>\n<script type=\"application\/ld+json\" class=\"yoast-schema-graph\">{\"@context\":\"https:\/\/schema.org\",\"@graph\":[{\"@type\":\"WebPage\",\"@id\":\"https:\/\/staging.volkart.ch\/de\/engagement\/dokumentarfilm\/\",\"url\":\"https:\/\/staging.volkart.ch\/de\/engagement\/dokumentarfilm\/\",\"name\":\"Dokumentarfilm - Volkart\",\"isPartOf\":{\"@id\":\"https:\/\/staging.volkart.ch\/de\/#website\"},\"datePublished\":\"2022-04-20T11:36:34+00:00\",\"dateModified\":\"2024-07-09T13:27:44+00:00\",\"breadcrumb\":{\"@id\":\"https:\/\/staging.volkart.ch\/de\/engagement\/dokumentarfilm\/#breadcrumb\"},\"inLanguage\":\"de\",\"potentialAction\":[{\"@type\":\"ReadAction\",\"target\":[\"https:\/\/staging.volkart.ch\/de\/engagement\/dokumentarfilm\/\"]}]},{\"@type\":\"BreadcrumbList\",\"@id\":\"https:\/\/staging.volkart.ch\/de\/engagement\/dokumentarfilm\/#breadcrumb\",\"itemListElement\":[{\"@type\":\"ListItem\",\"position\":1,\"name\":\"Startseite\",\"item\":\"https:\/\/staging.volkart.ch\/de\/\"},{\"@type\":\"ListItem\",\"position\":2,\"name\":\"Engagement\",\"item\":\"https:\/\/staging.volkart.ch\/de\/engagement\/\"},{\"@type\":\"ListItem\",\"position\":3,\"name\":\"Dokumentarfilm\"}]},{\"@type\":\"WebSite\",\"@id\":\"https:\/\/staging.volkart.ch\/de\/#website\",\"url\":\"https:\/\/staging.volkart.ch\/de\/\",\"name\":\"Volkart\",\"description\":\"Eine weitere WordPress-Website\",\"publisher\":{\"@id\":\"https:\/\/staging.volkart.ch\/de\/#organization\"},\"potentialAction\":[{\"@type\":\"SearchAction\",\"target\":{\"@type\":\"EntryPoint\",\"urlTemplate\":\"https:\/\/staging.volkart.ch\/de\/?s={search_term_string}\"},\"query-input\":{\"@type\":\"PropertyValueSpecification\",\"valueRequired\":true,\"valueName\":\"search_term_string\"}}],\"inLanguage\":\"de\"},{\"@type\":\"Organization\",\"@id\":\"https:\/\/staging.volkart.ch\/de\/#organization\",\"name\":\"Volkart Stiftung\",\"url\":\"https:\/\/staging.volkart.ch\/de\/\",\"logo\":{\"@type\":\"ImageObject\",\"inLanguage\":\"de\",\"@id\":\"https:\/\/staging.volkart.ch\/de\/#\/schema\/logo\/image\/\",\"url\":\"https:\/\/staging.volkart.ch\/wp-content\/uploads\/2022\/07\/volkart-logo-1.png\",\"contentUrl\":\"https:\/\/staging.volkart.ch\/wp-content\/uploads\/2022\/07\/volkart-logo-1.png\",\"width\":880,\"height\":200,\"caption\":\"Volkart Stiftung\"},\"image\":{\"@id\":\"https:\/\/staging.volkart.ch\/de\/#\/schema\/logo\/image\/\"}}]}<\/script>\n<!-- \/ Yoast SEO plugin. -->","yoast_head_json":{"title":"Dokumentarfilm - Volkart","robots":{"index":"index","follow":"follow","max-snippet":"max-snippet:-1","max-image-preview":"max-image-preview:large","max-video-preview":"max-video-preview:-1"},"canonical":"https:\/\/staging.volkart.ch\/de\/engagement\/dokumentarfilm\/","og_locale":"de_DE","og_type":"article","og_title":"Dokumentarfilm - Volkart","og_description":"Seit Januar 2022 verfolgt die Volkart Stiftung in der Kulturf\u00f6rderung eine \u00fcberarbeitete Strategie. Der bisherige Fokus auf Dokumentarfilm wird beibehalten, aber n\u00e4her an die Stiftungsschwerpunkte \u00d6kologie, Soziales und Medien ger\u00fcckt. Im Bereich Dokumentarfilm nimmt die Volkart Stiftung Gesuche entgegen, siehe&nbsp;F\u00f6rderantrag Dokumentarfilm. Was wir nicht f\u00f6rdern:","og_url":"https:\/\/staging.volkart.ch\/de\/engagement\/dokumentarfilm\/","og_site_name":"Volkart","article_modified_time":"2024-07-09T13:27:44+00:00","twitter_card":"summary_large_image","twitter_misc":{"Gesch\u00e4tzte Lesezeit":"1\u00a0Minute"},"schema":{"@context":"https:\/\/schema.org","@graph":[{"@type":"WebPage","@id":"https:\/\/staging.volkart.ch\/de\/engagement\/dokumentarfilm\/","url":"https:\/\/staging.volkart.ch\/de\/engagement\/dokumentarfilm\/","name":"Dokumentarfilm - Volkart","isPartOf":{"@id":"https:\/\/staging.volkart.ch\/de\/#website"},"datePublished":"2022-04-20T11:36:34+00:00","dateModified":"2024-07-09T13:27:44+00:00","breadcrumb":{"@id":"https:\/\/staging.volkart.ch\/de\/engagement\/dokumentarfilm\/#breadcrumb"},"inLanguage":"de","potentialAction":[{"@type":"ReadAction","target":["https:\/\/staging.volkart.ch\/de\/engagement\/dokumentarfilm\/"]}]},{"@type":"BreadcrumbList","@id":"https:\/\/staging.volkart.ch\/de\/engagement\/dokumentarfilm\/#breadcrumb","itemListElement":[{"@type":"ListItem","position":1,"name":"Startseite","item":"https:\/\/staging.volkart.ch\/de\/"},{"@type":"ListItem","position":2,"name":"Engagement","item":"https:\/\/staging.volkart.ch\/de\/engagement\/"},{"@type":"ListItem","position":3,"name":"Dokumentarfilm"}]},{"@type":"WebSite","@id":"https:\/\/staging.volkart.ch\/de\/#website","url":"https:\/\/staging.volkart.ch\/de\/","name":"Volkart","description":"Eine weitere WordPress-Website","publisher":{"@id":"https:\/\/staging.volkart.ch\/de\/#organization"},"potentialAction":[{"@type":"SearchAction","target":{"@type":"EntryPoint","urlTemplate":"https:\/\/staging.volkart.ch\/de\/?s={search_term_string}"},"query-input":{"@type":"PropertyValueSpecification","valueRequired":true,"valueName":"search_term_string"}}],"inLanguage":"de"},{"@type":"Organization","@id":"https:\/\/staging.volkart.ch\/de\/#organization","name":"Volkart Stiftung","url":"https:\/\/staging.volkart.ch\/de\/","logo":{"@type":"ImageObject","inLanguage":"de","@id":"https:\/\/staging.volkart.ch\/de\/#\/schema\/logo\/image\/","url":"https:\/\/staging.volkart.ch\/wp-content\/uploads\/2022\/07\/volkart-logo-1.png","contentUrl":"https:\/\/staging.volkart.ch\/wp-content\/uploads\/2022\/07\/volkart-logo-1.png","width":880,"height":200,"caption":"Volkart Stiftung"},"image":{"@id":"https:\/\/staging.volkart.ch\/de\/#\/schema\/logo\/image\/"}}]}},"_links":{"self":[{"href":"https:\/\/staging.volkart.ch\/de\/wp-json\/wp\/v2\/pages\/27","targetHints":{"allow":["GET"]}}],"collection":[{"href":"https:\/\/staging.volkart.ch\/de\/wp-json\/wp\/v2\/pages"}],"about":[{"href":"https:\/\/staging.volkart.ch\/de\/wp-json\/wp\/v2\/types\/page"}],"author":[{"embeddable":true,"href":"https:\/\/staging.volkart.ch\/de\/wp-json\/wp\/v2\/users\/2"}],"replies":[{"embeddable":true,"href":"https:\/\/staging.volkart.ch\/de\/wp-json\/wp\/v2\/comments?post=27"}],"version-history":[{"count":23,"href":"https:\/\/staging.volkart.ch\/de\/wp-json\/wp\/v2\/pages\/27\/revisions"}],"predecessor-version":[{"id":2069,"href":"https:\/\/staging.volkart.ch\/de\/wp-json\/wp\/v2\/pages\/27\/revisions\/2069"}],"up":[{"embeddable":true,"href":"https:\/\/staging.volkart.ch\/de\/wp-json\/wp\/v2\/pages\/15"}],"wp:attachment":[{"href":"https:\/\/staging.volkart.ch\/de\/wp-json\/wp\/v2\/media?parent=27"}],"curies":[{"name":"wp","href":"https:\/\/api.w.org\/{rel}","templated":true}]}}