{"id":2127,"date":"2024-07-09T16:33:36","date_gmt":"2024-07-09T14:33:36","guid":{"rendered":"https:\/\/www.volkart.ch\/?page_id=2127"},"modified":"2024-10-03T16:52:00","modified_gmt":"2024-10-03T14:52:00","slug":"aktuell-2","status":"publish","type":"page","link":"https:\/\/staging.volkart.ch\/de\/aktuell-2\/","title":{"rendered":"Aktuell"},"content":{"rendered":"\n<p>Unter \u00abAktuell\u00bb finden Sie die neuesten Nachrichten zu den Aktivit\u00e4ten unserer Stiftung.<\/p>\n\n\n\n<p> <\/p>\n\n\n\n<p><strong>Communiqu\u00e9 Schweizer Presserat<\/strong> &#8211; <strong>F\u00fcr einen starken und unabh\u00e4ngigen Presserat<\/strong><\/p>\n\n\n\n<p><br><strong>Ein Garant f\u00fcr journalistische Qualit\u00e4t und Transparenz<\/strong><\/p>\n\n\n\n<p>Eine Gruppe gemeinn\u00fctziger Stiftungen engagiert sich gemeinsam f\u00fcr die St\u00e4rkung und Weiterentwicklung des Schweizer Presserats. Vereint unterst\u00fctzen sie die Organisation f\u00fcr die <strong>n\u00e4chsten zwei Jahre mit insgesamt 330&#8217;000 CHF<\/strong>, damit der Schweizer Presserat sich modernisieren und nachhaltig f\u00fcr die Zukunft aufstellen kann.<\/p>\n\n\n\n<p>Der Presserat erf\u00fcllt als zentrale Beschwerdeinstanz f\u00fcr Medienschaffende und demokratische \u00d6ffentlichkeit eine unverzichtbare Funktion f\u00fcr den Journalismus und die Schweizer Demokratie. Als Anlaufstelle f\u00fcr medienethische Fragen wacht er \u00fcber die Einhaltung des Pressekodex und sch\u00fctzt umgekehrt Journalist:innen vor ungerechtfertigten Beschwerden. <br>Damit schafft der Presserat Transparenz und Verantwortlichkeit \u00fcber journalistische Prozesse. F\u00fcr Qualit\u00e4tsmedien ist der Kodex des Presserates ein wichtiges Unterscheidungsmerkmal gegen\u00fcber nicht-journalistischen Informationsquellen.<\/p>\n\n\n\n<p><br><strong>Modernisierung des Presserats<\/strong><\/p>\n\n\n\n<p>Die Stiftung des Presserats m\u00f6chte mit Unterst\u00fctzung der Philanthropie seine Prozesse digitalisieren und effizienter gestalten, um bei gleichbleibenden Ressourcen auf die wachsende Zahl von Beschwerden reagieren zu k\u00f6nnen. Der Presserat hat das Ziel, k\u00fcnftig noch st\u00e4rker Orientierung zu den zunehmend komplexen Fragestellungen der Medienethik zu bieten, wie beispielsweise dem Umgang der Medien mit K\u00fcnstlicher Intelligenz. Ziel der F\u00f6rderung ist zudem die Erarbeitung einer langfristigen Strategie f\u00fcr eine stabilere Finanzierung des Presserats, der mit seinen aktuellen Ressourcen den gegenw\u00e4rtigen Betrieb kaum aufrechterhalten kann. \u00abDer Presserat spielt eine Schl\u00fcsselrolle in der Sicherung medienethischer Standards in der Schweiz. Die Unterst\u00fctzung durch die Stiftungen gibt uns die M\u00f6glichkeit, eine langfristige Strategie zu entwickeln, um den Presserat auf eine nachhaltige finanzielle Basis zu stellen \u2013 und dabei unabh\u00e4ngig zu bleiben. Gleichzeitig bleiben unsere Kernthemen, Medienethik, Transparenz und Verantwortlichkeit, unver\u00e4ndert im Fokus und leisten somit einen wichtigen Beitrag zur Qualit\u00e4t und Glaubw\u00fcrdigkeit des Journalismus\u00bb, sagt Martina Fehr, Pr\u00e4sidentin der Stiftung Schweizer Presserat. Die Stiftungen garantieren dem Presserat in den F\u00f6rdervertr\u00e4gen dessen vollst\u00e4ndige Unabh\u00e4ngigkeit und wollen diese mit der F\u00f6rderung explizit st\u00e4rken.<\/p>\n\n\n\n<p><br><strong>Gemeinsame Initiative der Philanthropie<\/strong><\/p>\n\n\n\n<p>Beteiligt an der F\u00f6rderung des Schweizer Presserats sind die <a href=\"https:\/\/www.stiftung-mercator.ch\/\">Stiftung Mercator Schweiz<\/a>, die<a href=\"https:\/\/staging.volkart.ch\/\"> Volkart Stiftung<\/a>, die <a href=\"https:\/\/www.vogt-stiftung.ch\/\">Gottlieb und Hans Vogt Stiftung<\/a> sowie die <a href=\"https:\/\/www.leenaards.ch\/\">Fondation Leenaards<\/a>. Alle vier Stiftungen engagieren sich bereits seit Jahren f\u00fcr einen gemeinwohlorientieren, unabh\u00e4ngigen Informationsjournalismus. \u00abMit der geb\u00fcndelten F\u00f6rderung des Presserats schaffen wir die<br>Grundlage f\u00fcr eine st\u00e4rkere Zusammenarbeit im philanthropischen Sektor. Denn nur gemeinsam k\u00f6nnen Stiftungen einen effektiven Beitrag zur L\u00f6sung der grossen Herausforderungen leisten, vor denen Journalismus und Demokratie stehen\u00bb, sagt Riccardo Ramacci, Portfoliomanager bei der Stiftung Mercator Schweiz.<\/p>\n\n\n\n<p><strong>Keine langfristige F\u00f6rderung<\/strong><\/p>\n\n\n\n<p>Die Stiftungen sehen ihren Beitrag als Impuls und tempor\u00e4re Hilfestellung und nicht als langfristige Finanzierungsperspektive f\u00fcr den Presserat. Sie stellen zus\u00e4tzliche Mittel in einem klar begrenzten Zeitraum zur Verf\u00fcgung. Die neue philanthropische F\u00f6rderung wird die bestehende Finanzierung durch die heutige Tr\u00e4gerschaft aus den wichtigsten Branchenorganisationen<br><a href=\"https:\/\/presserat.ch\/der-presserat\/finanzierung\/\">(https:\/\/presserat.ch\/der-presserat\/finanzierung\/)<\/a> nicht ersetzen. Die Organisation braucht eine breit abgest\u00fctzte Unterst\u00fctzung aller beteiligten Akteure \u2013 von den vielf\u00e4ltigen Branchenorganisationen \u2013 bis zur \u00f6ffentlichen Hand, damit sie ihre f\u00fcr Journalismus und Demokratie systemrelevante Funktion auch k\u00fcnftig erf\u00fcllen kann.<\/p>\n\n\n\n<p><strong>Pressestimmen:<\/strong><\/p>\n\n\n\n<p> <a href=\"https:\/\/persoenlich.com\/medien\/stiftungen-unterstutzen-mit-330000-franken\">https:\/\/persoenlich.com\/medien\/stiftungen-unterstutzen-mit-330000-franken<\/a><br><a href=\"https:\/\/www.kleinreport.ch\/news\/geldsegen-fur-den-schweizer-presserat-104907\/\">https:\/\/www.kleinreport.ch\/news\/geldsegen-fur-den-schweizer-presserat-104907\/<\/a><br><a href=\"https:\/\/www.nau.ch\/news\/schweiz\/stiftungen-unterstutzen-schweizer-presserat-mit-330000-franken-66837343\">https:\/\/www.nau.ch\/news\/schweiz\/stiftungen-unterstutzen-schweizer-presserat-mit-330000-franken-66837343<\/a><\/p>\n\n\n\n<p><\/p>\n","protected":false},"excerpt":{"rendered":"<p>Unter \u00abAktuell\u00bb finden Sie die neuesten Nachrichten zu den Aktivit\u00e4ten unserer Stiftung. Communiqu\u00e9 Schweizer Presserat &#8211; F\u00fcr einen starken und unabh\u00e4ngigen Presserat Ein Garant f\u00fcr journalistische Qualit\u00e4t und Transparenz Eine Gruppe gemeinn\u00fctziger Stiftungen engagiert sich gemeinsam f\u00fcr die St\u00e4rkung und Weiterentwicklung des Schweizer Presserats. Vereint unterst\u00fctzen sie die Organisation f\u00fcr die n\u00e4chsten zwei Jahre mit [&hellip;]<\/p>\n","protected":false},"author":7,"featured_media":0,"parent":0,"menu_order":0,"comment_status":"closed","ping_status":"closed","template":"","meta":{"_acf_changed":false,"footnotes":""},"class_list":["post-2127","page","type-page","status-publish","hentry"],"acf":[],"yoast_head":"<!-- This site is optimized with the Yoast SEO plugin v25.3 - https:\/\/yoast.com\/wordpress\/plugins\/seo\/ -->\n<title>Aktuell - Volkart<\/title>\n<meta name=\"robots\" content=\"index, follow, max-snippet:-1, max-image-preview:large, max-video-preview:-1\" \/>\n<link rel=\"canonical\" href=\"https:\/\/staging.volkart.ch\/de\/aktuell-2\/\" \/>\n<meta property=\"og:locale\" content=\"de_DE\" \/>\n<meta property=\"og:type\" content=\"article\" \/>\n<meta property=\"og:title\" content=\"Aktuell - Volkart\" \/>\n<meta property=\"og:description\" content=\"Unter \u00abAktuell\u00bb finden Sie die neuesten Nachrichten zu den Aktivit\u00e4ten unserer Stiftung. Communiqu\u00e9 Schweizer Presserat &#8211; F\u00fcr einen starken und unabh\u00e4ngigen Presserat Ein Garant f\u00fcr journalistische Qualit\u00e4t und Transparenz Eine Gruppe gemeinn\u00fctziger Stiftungen engagiert sich gemeinsam f\u00fcr die St\u00e4rkung und Weiterentwicklung des Schweizer Presserats. Vereint unterst\u00fctzen sie die Organisation f\u00fcr die n\u00e4chsten zwei Jahre mit [&hellip;]\" \/>\n<meta property=\"og:url\" content=\"https:\/\/staging.volkart.ch\/de\/aktuell-2\/\" \/>\n<meta property=\"og:site_name\" content=\"Volkart\" \/>\n<meta property=\"article:modified_time\" content=\"2024-10-03T14:52:00+00:00\" \/>\n<meta name=\"twitter:card\" content=\"summary_large_image\" \/>\n<meta name=\"twitter:label1\" content=\"Gesch\u00e4tzte Lesezeit\" \/>\n\t<meta name=\"twitter:data1\" content=\"3\u00a0Minuten\" \/>\n<script type=\"application\/ld+json\" class=\"yoast-schema-graph\">{\"@context\":\"https:\/\/schema.org\",\"@graph\":[{\"@type\":\"WebPage\",\"@id\":\"https:\/\/staging.volkart.ch\/de\/aktuell-2\/\",\"url\":\"https:\/\/staging.volkart.ch\/de\/aktuell-2\/\",\"name\":\"Aktuell - Volkart\",\"isPartOf\":{\"@id\":\"https:\/\/staging.volkart.ch\/de\/#website\"},\"datePublished\":\"2024-07-09T14:33:36+00:00\",\"dateModified\":\"2024-10-03T14:52:00+00:00\",\"breadcrumb\":{\"@id\":\"https:\/\/staging.volkart.ch\/de\/aktuell-2\/#breadcrumb\"},\"inLanguage\":\"de\",\"potentialAction\":[{\"@type\":\"ReadAction\",\"target\":[\"https:\/\/staging.volkart.ch\/de\/aktuell-2\/\"]}]},{\"@type\":\"BreadcrumbList\",\"@id\":\"https:\/\/staging.volkart.ch\/de\/aktuell-2\/#breadcrumb\",\"itemListElement\":[{\"@type\":\"ListItem\",\"position\":1,\"name\":\"Startseite\",\"item\":\"https:\/\/staging.volkart.ch\/de\/\"},{\"@type\":\"ListItem\",\"position\":2,\"name\":\"Aktuell\"}]},{\"@type\":\"WebSite\",\"@id\":\"https:\/\/staging.volkart.ch\/de\/#website\",\"url\":\"https:\/\/staging.volkart.ch\/de\/\",\"name\":\"Volkart\",\"description\":\"Eine weitere WordPress-Website\",\"publisher\":{\"@id\":\"https:\/\/staging.volkart.ch\/de\/#organization\"},\"potentialAction\":[{\"@type\":\"SearchAction\",\"target\":{\"@type\":\"EntryPoint\",\"urlTemplate\":\"https:\/\/staging.volkart.ch\/de\/?s={search_term_string}\"},\"query-input\":{\"@type\":\"PropertyValueSpecification\",\"valueRequired\":true,\"valueName\":\"search_term_string\"}}],\"inLanguage\":\"de\"},{\"@type\":\"Organization\",\"@id\":\"https:\/\/staging.volkart.ch\/de\/#organization\",\"name\":\"Volkart Stiftung\",\"url\":\"https:\/\/staging.volkart.ch\/de\/\",\"logo\":{\"@type\":\"ImageObject\",\"inLanguage\":\"de\",\"@id\":\"https:\/\/staging.volkart.ch\/de\/#\/schema\/logo\/image\/\",\"url\":\"https:\/\/staging.volkart.ch\/wp-content\/uploads\/2022\/07\/volkart-logo-1.png\",\"contentUrl\":\"https:\/\/staging.volkart.ch\/wp-content\/uploads\/2022\/07\/volkart-logo-1.png\",\"width\":880,\"height\":200,\"caption\":\"Volkart Stiftung\"},\"image\":{\"@id\":\"https:\/\/staging.volkart.ch\/de\/#\/schema\/logo\/image\/\"}}]}<\/script>\n<!-- \/ Yoast SEO plugin. -->","yoast_head_json":{"title":"Aktuell - Volkart","robots":{"index":"index","follow":"follow","max-snippet":"max-snippet:-1","max-image-preview":"max-image-preview:large","max-video-preview":"max-video-preview:-1"},"canonical":"https:\/\/staging.volkart.ch\/de\/aktuell-2\/","og_locale":"de_DE","og_type":"article","og_title":"Aktuell - Volkart","og_description":"Unter \u00abAktuell\u00bb finden Sie die neuesten Nachrichten zu den Aktivit\u00e4ten unserer Stiftung. Communiqu\u00e9 Schweizer Presserat &#8211; F\u00fcr einen starken und unabh\u00e4ngigen Presserat Ein Garant f\u00fcr journalistische Qualit\u00e4t und Transparenz Eine Gruppe gemeinn\u00fctziger Stiftungen engagiert sich gemeinsam f\u00fcr die St\u00e4rkung und Weiterentwicklung des Schweizer Presserats. Vereint unterst\u00fctzen sie die Organisation f\u00fcr die n\u00e4chsten zwei Jahre mit [&hellip;]","og_url":"https:\/\/staging.volkart.ch\/de\/aktuell-2\/","og_site_name":"Volkart","article_modified_time":"2024-10-03T14:52:00+00:00","twitter_card":"summary_large_image","twitter_misc":{"Gesch\u00e4tzte Lesezeit":"3\u00a0Minuten"},"schema":{"@context":"https:\/\/schema.org","@graph":[{"@type":"WebPage","@id":"https:\/\/staging.volkart.ch\/de\/aktuell-2\/","url":"https:\/\/staging.volkart.ch\/de\/aktuell-2\/","name":"Aktuell - Volkart","isPartOf":{"@id":"https:\/\/staging.volkart.ch\/de\/#website"},"datePublished":"2024-07-09T14:33:36+00:00","dateModified":"2024-10-03T14:52:00+00:00","breadcrumb":{"@id":"https:\/\/staging.volkart.ch\/de\/aktuell-2\/#breadcrumb"},"inLanguage":"de","potentialAction":[{"@type":"ReadAction","target":["https:\/\/staging.volkart.ch\/de\/aktuell-2\/"]}]},{"@type":"BreadcrumbList","@id":"https:\/\/staging.volkart.ch\/de\/aktuell-2\/#breadcrumb","itemListElement":[{"@type":"ListItem","position":1,"name":"Startseite","item":"https:\/\/staging.volkart.ch\/de\/"},{"@type":"ListItem","position":2,"name":"Aktuell"}]},{"@type":"WebSite","@id":"https:\/\/staging.volkart.ch\/de\/#website","url":"https:\/\/staging.volkart.ch\/de\/","name":"Volkart","description":"Eine weitere WordPress-Website","publisher":{"@id":"https:\/\/staging.volkart.ch\/de\/#organization"},"potentialAction":[{"@type":"SearchAction","target":{"@type":"EntryPoint","urlTemplate":"https:\/\/staging.volkart.ch\/de\/?s={search_term_string}"},"query-input":{"@type":"PropertyValueSpecification","valueRequired":true,"valueName":"search_term_string"}}],"inLanguage":"de"},{"@type":"Organization","@id":"https:\/\/staging.volkart.ch\/de\/#organization","name":"Volkart Stiftung","url":"https:\/\/staging.volkart.ch\/de\/","logo":{"@type":"ImageObject","inLanguage":"de","@id":"https:\/\/staging.volkart.ch\/de\/#\/schema\/logo\/image\/","url":"https:\/\/staging.volkart.ch\/wp-content\/uploads\/2022\/07\/volkart-logo-1.png","contentUrl":"https:\/\/staging.volkart.ch\/wp-content\/uploads\/2022\/07\/volkart-logo-1.png","width":880,"height":200,"caption":"Volkart Stiftung"},"image":{"@id":"https:\/\/staging.volkart.ch\/de\/#\/schema\/logo\/image\/"}}]}},"_links":{"self":[{"href":"https:\/\/staging.volkart.ch\/de\/wp-json\/wp\/v2\/pages\/2127","targetHints":{"allow":["GET"]}}],"collection":[{"href":"https:\/\/staging.volkart.ch\/de\/wp-json\/wp\/v2\/pages"}],"about":[{"href":"https:\/\/staging.volkart.ch\/de\/wp-json\/wp\/v2\/types\/page"}],"author":[{"embeddable":true,"href":"https:\/\/staging.volkart.ch\/de\/wp-json\/wp\/v2\/users\/7"}],"replies":[{"embeddable":true,"href":"https:\/\/staging.volkart.ch\/de\/wp-json\/wp\/v2\/comments?post=2127"}],"version-history":[{"count":4,"href":"https:\/\/staging.volkart.ch\/de\/wp-json\/wp\/v2\/pages\/2127\/revisions"}],"predecessor-version":[{"id":2274,"href":"https:\/\/staging.volkart.ch\/de\/wp-json\/wp\/v2\/pages\/2127\/revisions\/2274"}],"wp:attachment":[{"href":"https:\/\/staging.volkart.ch\/de\/wp-json\/wp\/v2\/media?parent=2127"}],"curies":[{"name":"wp","href":"https:\/\/api.w.org\/{rel}","templated":true}]}}