{"id":2119,"date":"2024-07-09T16:25:03","date_gmt":"2024-07-09T14:25:03","guid":{"rendered":"https:\/\/www.volkart.ch\/?page_id=2119"},"modified":"2025-02-06T14:17:04","modified_gmt":"2025-02-06T13:17:04","slug":"projekte-mit-wirkung-2","status":"publish","type":"page","link":"https:\/\/staging.volkart.ch\/de\/projekte-mit-wirkung-2\/","title":{"rendered":"Workshop \u00abProjekte mit Wirkung\u00bb"},"content":{"rendered":"\n<p><\/p>\n\n\n\n<p>Die Volkart Stiftung bietet zusammen mit der Stiftung Mercator Schweiz, der Beisheim Stiftung und der Minerva Stiftung einen Grundlagen-Workshop zu wirkungsorientierter Projektarbeit an. Der kostenlose Workshop wird regelm\u00e4ssig in Z\u00fcrich, Bern, im Tessin und online durchgef\u00fchrt.&nbsp;<\/p>\n\n\n\n<p>Wirkungsorientierte Projektarbeit ist wichtig: Organisationen und Initiativen m\u00f6chten mit ihren Projekten gesellschaftliche Entwicklungen anstossen. Sie wollen positive Wirkung erzeugen, diese ausweisen k\u00f6nnen und die Qualit\u00e4t steigern. Aber was heisst eigentlich Wirkung? Wie l\u00e4sst sich diese planen? Und wie lassen sich Aussagen zu erreichten Wirkungen machen?&nbsp;<\/p>\n\n\n\n<p><strong>Inhalte des Workshops<\/strong><br>Der Grundlagen-Workshop wurde von der Stiftung Mercator Schweiz entwickelt und macht die Teilnehmenden anhand des&nbsp;<a href=\"https:\/\/projekte-mit-wirkung.ch\/\">Online-Leitfadens<\/a>&nbsp;\u00abProjekte mit Wirkung\u00bb&nbsp;mit der wirkungsorientierten Projektarbeit vertraut. Im Fokus stehen die I-O-O-I Wirkungslogik (Input \u2013 Output \u2013 Outcome \u2013 Impact) wie auch die Arbeit am eigenen Projekt.<\/p>\n\n\n\n<p>Am Ende des Workshops sollen die Teilnehmenden:<\/p>\n\n\n\n<ul class=\"wp-block-list\">\n<li>den Nutzen einer Wirkungslogik erkennen und motiviert sein, mit dieser Methode zu arbeiten;<\/li>\n\n\n\n<li>die Schritte der Wirkungsorientierung und -evaluation selbstst\u00e4ndig auf ihre Arbeit anwenden k\u00f6nnen;<\/li>\n\n\n\n<li>mit der Rolle der Wirkungslogik in der F\u00f6rderpraxis vertraut sein.<\/li>\n<\/ul>\n\n\n\n<p><strong>N\u00e4chste Termine<\/strong><br>Der Workshop findet jeweils mittwochs von&nbsp;<strong>16.15 bis 18.30 Uhr<\/strong>&nbsp;an folgenden Daten statt:<br><br>28. Januar 2025 (Lugano)<\/p>\n\n\n\n<p>29. Januar 2025 (online, Con\u00b7Sense)<\/p>\n\n\n\n<p>5. M\u00e4rz 2025 (Z\u00fcrich, ZHAW)<\/p>\n\n\n\n<p>26. M\u00e4rz 2025 (Bern, Con\u00b7Sense)<\/p>\n\n\n\n<p>27. M\u00e4rz 2025 (online, Lugano)<\/p>\n\n\n\n<p>16. April. 2025 (Z\u00fcrich, ZHAW)<\/p>\n\n\n\n<p>14. Mai 2025 (Bern, Con\u00b7Sense)<\/p>\n\n\n\n<p>18. Juni 2025 (online, ZHAW)<\/p>\n\n\n\n<p>20. August 2025 (Bern, Con\u00b7Sense)<\/p>\n\n\n\n<p>20. August 2025 (Poschiavo)<\/p>\n\n\n\n<p>3. September 2025 (Z\u00fcrich, ZHAW)<\/p>\n\n\n\n<p>9. September 2025 (Lugano)<\/p>\n\n\n\n<p>17. September 2025 (Bern, Con\u00b7Sense)<\/p>\n\n\n\n<p>22. Oktober 2025 (Z\u00fcrich, ZHAW)<\/p>\n\n\n\n<p>12. November 2025 (online, Con\u00b7Sense)<\/p>\n\n\n\n<p>10. Dezember 2025 (online, ZHAW)<\/p>\n\n\n\n<p><br><\/p>\n\n\n\n<p><strong>Workshop-Leitung<\/strong><br>Die Workshops werden abwechselnd von folgenden Expertinnen und Experten geleitet:<\/p>\n\n\n\n<p><a href=\"https:\/\/www.zhaw.ch\/de\/ueber-uns\/person\/jeyn\/\" target=\"_blank\" rel=\"noreferrer noopener\">Dr. Annette Jenny<\/a>: Sie ist Dozentin an der Z\u00fcrcher Hochschule f\u00fcr Angewandte Wissenschaften mit ausgewiesenen Kenntnissen in der Wirkungsorientierung und -evaluation.<\/p>\n\n\n\n<p><a href=\"https:\/\/www.zhaw.ch\/de\/ueber-uns\/person\/murr\/\" target=\"_blank\" rel=\"noreferrer noopener\">Prof. Dr. Urs M\u00fcller<\/a>: Er ist Dozent an der Z\u00fcrcher Hochschule f\u00fcr Angewandte Wissenschaften und unter anderem verantwortlich f\u00fcr das Projekt \u00abMehr Wirkung in der Umwelterwachsenenbildung\u00bb.<\/p>\n\n\n\n<p><a href=\"https:\/\/www.aboutconsense.ch\/%C3%BCber-uns\" target=\"_blank\" rel=\"noreferrer noopener\">Robert Schmuki<\/a>: Er geh\u00f6rt zum Team des Beratungsunternehmens Con\u00b7Sense, einem Spin-off des Center for Philanthropy Studies (CEPS) der Universit\u00e4t Basel, wo er die Weiterbildung leitete.<\/p>\n\n\n\n<p><a href=\"https:\/\/cenpro.ch\/chi-siamo\/\" target=\"_blank\" rel=\"noreferrer noopener\">Giorgio Panzera<\/a>:&nbsp;Er ist Gr\u00fcnder und Gesch\u00e4ftsf\u00fchrer von cenpro (Centro Competenze Non Profit), welches sich als gemeinn\u00fctzige Stiftung mit dem Dritten Sektor und der Philanthropie besch\u00e4ftigt.<\/p>\n\n\n\n<p><a href=\"https:\/\/www.zhaw.ch\/de\/ueber-uns\/person\/bape\/\">Dr. Petra B\u00e4ttig-Frey<\/a>: Sie ist Dozentin an der Z\u00fcrcher Hochschule f\u00fcr Angewandte Wissenschaften, wo sie im Forschungsbereich Nachhaltigkeitskommunikation t\u00e4tig ist und unter anderem Wirkungsanalysen zu diversen Umweltbildungsprojekten erstellt hat.<\/p>\n\n\n\n<p><a href=\"https:\/\/www.aboutconsense.ch\/%C3%BCber-uns\">Lukas Hupfer<\/a>: Er hat langj\u00e4hrige Erfahrung in der F\u00fchrung und Weiterentwicklung von gemeinn\u00fctzigen Organisationen. Seit 2023 ist er als Organisationsberater bei Con\u00b7Sense t\u00e4tig, davor war er Gesch\u00e4ftsf\u00fchrer von \u00abforaus\u00bb, dem gr\u00f6ssten Schweizer Think-Tank zur Aussenpolitik.<\/p>\n\n\n\n<p><a href=\"https:\/\/www.aboutconsense.ch\/%C3%BCber-uns\">Dr. Sophie Hersberger-Langloh<\/a>: Sie forschte und publizierte am Center for Philanthropy Studies (CEPS) zur Professionalisierung von NPO und ber\u00e4t seit 2016 Organisationen in Fragen rund um Wirkungsmessung, Strategieentwicklung und Governance. Sie ist Mitgr\u00fcnderin von Con\u00b7Sense.<\/p>\n\n\n\n<p><strong>Teilnahme und Anmeldung<\/strong><br>Der Workshop richtet sich an Antragstellende und F\u00f6rderpartnerinnen und -partner der Volkart Stiftung, der Stiftung Mercator Schweiz, der Minerva Stiftung und der Beisheim Stiftung. Er steht auch weiteren Interessierten aus gemeinn\u00fctzigen Projekten offen. Die Teilnahme ist f\u00fcr alle kostenlos.<\/p>\n\n\n\n<p>Melden Sie sich bitte m\u00f6glichst fr\u00fch mit Angabe des gew\u00fcnschten Workshop-Termins \u00fcber dieses&nbsp;<a href=\"https:\/\/mercator.typeform.com\/to\/kq6Xy5el\" target=\"_blank\" rel=\"noreferrer noopener\">Online-Formular<\/a>&nbsp;an. F\u00fcr die Kurse im Tessin, bitte diesen <a href=\"https:\/\/cenpro.ch\/servizi\/corsi-di-formazione\/\" target=\"_blank\" rel=\"noreferrer noopener\">Anmeldungslink <\/a>benutzen.<\/p>\n\n\n\n<p>Die Teilnehmerzahl ist begrenzt, die Anmeldung verbindlich. Bei grosser Nachfrage werden Partnerorganisationen und Antragstellende der Stiftungen priorit\u00e4r behandelt. Die Teilnahme wird ca. zwei Wochen vor der Durchf\u00fchrung best\u00e4tigt.<\/p>\n","protected":false},"excerpt":{"rendered":"<p>Die Volkart Stiftung bietet zusammen mit der Stiftung Mercator Schweiz, der Beisheim Stiftung und der Minerva Stiftung einen Grundlagen-Workshop zu wirkungsorientierter Projektarbeit an. Der kostenlose Workshop wird regelm\u00e4ssig in Z\u00fcrich, Bern, im Tessin und online durchgef\u00fchrt.&nbsp; Wirkungsorientierte Projektarbeit ist wichtig: Organisationen und Initiativen m\u00f6chten mit ihren Projekten gesellschaftliche Entwicklungen anstossen. Sie wollen positive Wirkung erzeugen, [&hellip;]<\/p>\n","protected":false},"author":7,"featured_media":0,"parent":0,"menu_order":0,"comment_status":"closed","ping_status":"closed","template":"","meta":{"_acf_changed":false,"footnotes":""},"class_list":["post-2119","page","type-page","status-publish","hentry"],"acf":[],"yoast_head":"<!-- This site is optimized with the Yoast SEO plugin v25.3 - https:\/\/yoast.com\/wordpress\/plugins\/seo\/ -->\n<title>Workshop \u00abProjekte mit Wirkung\u00bb - Volkart<\/title>\n<meta name=\"robots\" content=\"index, follow, max-snippet:-1, max-image-preview:large, max-video-preview:-1\" \/>\n<link rel=\"canonical\" href=\"https:\/\/staging.volkart.ch\/de\/projekte-mit-wirkung-2\/\" \/>\n<meta property=\"og:locale\" content=\"de_DE\" \/>\n<meta property=\"og:type\" content=\"article\" \/>\n<meta property=\"og:title\" content=\"Workshop \u00abProjekte mit Wirkung\u00bb - Volkart\" \/>\n<meta property=\"og:description\" content=\"Die Volkart Stiftung bietet zusammen mit der Stiftung Mercator Schweiz, der Beisheim Stiftung und der Minerva Stiftung einen Grundlagen-Workshop zu wirkungsorientierter Projektarbeit an. Der kostenlose Workshop wird regelm\u00e4ssig in Z\u00fcrich, Bern, im Tessin und online durchgef\u00fchrt.&nbsp; Wirkungsorientierte Projektarbeit ist wichtig: Organisationen und Initiativen m\u00f6chten mit ihren Projekten gesellschaftliche Entwicklungen anstossen. Sie wollen positive Wirkung erzeugen, [&hellip;]\" \/>\n<meta property=\"og:url\" content=\"https:\/\/staging.volkart.ch\/de\/projekte-mit-wirkung-2\/\" \/>\n<meta property=\"og:site_name\" content=\"Volkart\" \/>\n<meta property=\"article:modified_time\" content=\"2025-02-06T13:17:04+00:00\" \/>\n<meta name=\"twitter:card\" content=\"summary_large_image\" \/>\n<meta name=\"twitter:label1\" content=\"Gesch\u00e4tzte Lesezeit\" \/>\n\t<meta name=\"twitter:data1\" content=\"4\u00a0Minuten\" \/>\n<script type=\"application\/ld+json\" class=\"yoast-schema-graph\">{\"@context\":\"https:\/\/schema.org\",\"@graph\":[{\"@type\":\"WebPage\",\"@id\":\"https:\/\/staging.volkart.ch\/de\/projekte-mit-wirkung-2\/\",\"url\":\"https:\/\/staging.volkart.ch\/de\/projekte-mit-wirkung-2\/\",\"name\":\"Workshop \u00abProjekte mit Wirkung\u00bb - Volkart\",\"isPartOf\":{\"@id\":\"https:\/\/staging.volkart.ch\/de\/#website\"},\"datePublished\":\"2024-07-09T14:25:03+00:00\",\"dateModified\":\"2025-02-06T13:17:04+00:00\",\"breadcrumb\":{\"@id\":\"https:\/\/staging.volkart.ch\/de\/projekte-mit-wirkung-2\/#breadcrumb\"},\"inLanguage\":\"de\",\"potentialAction\":[{\"@type\":\"ReadAction\",\"target\":[\"https:\/\/staging.volkart.ch\/de\/projekte-mit-wirkung-2\/\"]}]},{\"@type\":\"BreadcrumbList\",\"@id\":\"https:\/\/staging.volkart.ch\/de\/projekte-mit-wirkung-2\/#breadcrumb\",\"itemListElement\":[{\"@type\":\"ListItem\",\"position\":1,\"name\":\"Startseite\",\"item\":\"https:\/\/staging.volkart.ch\/de\/\"},{\"@type\":\"ListItem\",\"position\":2,\"name\":\"Workshop \u00abProjekte mit Wirkung\u00bb\"}]},{\"@type\":\"WebSite\",\"@id\":\"https:\/\/staging.volkart.ch\/de\/#website\",\"url\":\"https:\/\/staging.volkart.ch\/de\/\",\"name\":\"Volkart\",\"description\":\"Eine weitere WordPress-Website\",\"publisher\":{\"@id\":\"https:\/\/staging.volkart.ch\/de\/#organization\"},\"potentialAction\":[{\"@type\":\"SearchAction\",\"target\":{\"@type\":\"EntryPoint\",\"urlTemplate\":\"https:\/\/staging.volkart.ch\/de\/?s={search_term_string}\"},\"query-input\":{\"@type\":\"PropertyValueSpecification\",\"valueRequired\":true,\"valueName\":\"search_term_string\"}}],\"inLanguage\":\"de\"},{\"@type\":\"Organization\",\"@id\":\"https:\/\/staging.volkart.ch\/de\/#organization\",\"name\":\"Volkart Stiftung\",\"url\":\"https:\/\/staging.volkart.ch\/de\/\",\"logo\":{\"@type\":\"ImageObject\",\"inLanguage\":\"de\",\"@id\":\"https:\/\/staging.volkart.ch\/de\/#\/schema\/logo\/image\/\",\"url\":\"https:\/\/staging.volkart.ch\/wp-content\/uploads\/2022\/07\/volkart-logo-1.png\",\"contentUrl\":\"https:\/\/staging.volkart.ch\/wp-content\/uploads\/2022\/07\/volkart-logo-1.png\",\"width\":880,\"height\":200,\"caption\":\"Volkart Stiftung\"},\"image\":{\"@id\":\"https:\/\/staging.volkart.ch\/de\/#\/schema\/logo\/image\/\"}}]}<\/script>\n<!-- \/ Yoast SEO plugin. -->","yoast_head_json":{"title":"Workshop \u00abProjekte mit Wirkung\u00bb - Volkart","robots":{"index":"index","follow":"follow","max-snippet":"max-snippet:-1","max-image-preview":"max-image-preview:large","max-video-preview":"max-video-preview:-1"},"canonical":"https:\/\/staging.volkart.ch\/de\/projekte-mit-wirkung-2\/","og_locale":"de_DE","og_type":"article","og_title":"Workshop \u00abProjekte mit Wirkung\u00bb - Volkart","og_description":"Die Volkart Stiftung bietet zusammen mit der Stiftung Mercator Schweiz, der Beisheim Stiftung und der Minerva Stiftung einen Grundlagen-Workshop zu wirkungsorientierter Projektarbeit an. Der kostenlose Workshop wird regelm\u00e4ssig in Z\u00fcrich, Bern, im Tessin und online durchgef\u00fchrt.&nbsp; Wirkungsorientierte Projektarbeit ist wichtig: Organisationen und Initiativen m\u00f6chten mit ihren Projekten gesellschaftliche Entwicklungen anstossen. Sie wollen positive Wirkung erzeugen, [&hellip;]","og_url":"https:\/\/staging.volkart.ch\/de\/projekte-mit-wirkung-2\/","og_site_name":"Volkart","article_modified_time":"2025-02-06T13:17:04+00:00","twitter_card":"summary_large_image","twitter_misc":{"Gesch\u00e4tzte Lesezeit":"4\u00a0Minuten"},"schema":{"@context":"https:\/\/schema.org","@graph":[{"@type":"WebPage","@id":"https:\/\/staging.volkart.ch\/de\/projekte-mit-wirkung-2\/","url":"https:\/\/staging.volkart.ch\/de\/projekte-mit-wirkung-2\/","name":"Workshop \u00abProjekte mit Wirkung\u00bb - Volkart","isPartOf":{"@id":"https:\/\/staging.volkart.ch\/de\/#website"},"datePublished":"2024-07-09T14:25:03+00:00","dateModified":"2025-02-06T13:17:04+00:00","breadcrumb":{"@id":"https:\/\/staging.volkart.ch\/de\/projekte-mit-wirkung-2\/#breadcrumb"},"inLanguage":"de","potentialAction":[{"@type":"ReadAction","target":["https:\/\/staging.volkart.ch\/de\/projekte-mit-wirkung-2\/"]}]},{"@type":"BreadcrumbList","@id":"https:\/\/staging.volkart.ch\/de\/projekte-mit-wirkung-2\/#breadcrumb","itemListElement":[{"@type":"ListItem","position":1,"name":"Startseite","item":"https:\/\/staging.volkart.ch\/de\/"},{"@type":"ListItem","position":2,"name":"Workshop \u00abProjekte mit Wirkung\u00bb"}]},{"@type":"WebSite","@id":"https:\/\/staging.volkart.ch\/de\/#website","url":"https:\/\/staging.volkart.ch\/de\/","name":"Volkart","description":"Eine weitere WordPress-Website","publisher":{"@id":"https:\/\/staging.volkart.ch\/de\/#organization"},"potentialAction":[{"@type":"SearchAction","target":{"@type":"EntryPoint","urlTemplate":"https:\/\/staging.volkart.ch\/de\/?s={search_term_string}"},"query-input":{"@type":"PropertyValueSpecification","valueRequired":true,"valueName":"search_term_string"}}],"inLanguage":"de"},{"@type":"Organization","@id":"https:\/\/staging.volkart.ch\/de\/#organization","name":"Volkart Stiftung","url":"https:\/\/staging.volkart.ch\/de\/","logo":{"@type":"ImageObject","inLanguage":"de","@id":"https:\/\/staging.volkart.ch\/de\/#\/schema\/logo\/image\/","url":"https:\/\/staging.volkart.ch\/wp-content\/uploads\/2022\/07\/volkart-logo-1.png","contentUrl":"https:\/\/staging.volkart.ch\/wp-content\/uploads\/2022\/07\/volkart-logo-1.png","width":880,"height":200,"caption":"Volkart Stiftung"},"image":{"@id":"https:\/\/staging.volkart.ch\/de\/#\/schema\/logo\/image\/"}}]}},"_links":{"self":[{"href":"https:\/\/staging.volkart.ch\/de\/wp-json\/wp\/v2\/pages\/2119","targetHints":{"allow":["GET"]}}],"collection":[{"href":"https:\/\/staging.volkart.ch\/de\/wp-json\/wp\/v2\/pages"}],"about":[{"href":"https:\/\/staging.volkart.ch\/de\/wp-json\/wp\/v2\/types\/page"}],"author":[{"embeddable":true,"href":"https:\/\/staging.volkart.ch\/de\/wp-json\/wp\/v2\/users\/7"}],"replies":[{"embeddable":true,"href":"https:\/\/staging.volkart.ch\/de\/wp-json\/wp\/v2\/comments?post=2119"}],"version-history":[{"count":16,"href":"https:\/\/staging.volkart.ch\/de\/wp-json\/wp\/v2\/pages\/2119\/revisions"}],"predecessor-version":[{"id":2403,"href":"https:\/\/staging.volkart.ch\/de\/wp-json\/wp\/v2\/pages\/2119\/revisions\/2403"}],"wp:attachment":[{"href":"https:\/\/staging.volkart.ch\/de\/wp-json\/wp\/v2\/media?parent=2119"}],"curies":[{"name":"wp","href":"https:\/\/api.w.org\/{rel}","templated":true}]}}