{"id":21,"date":"2022-04-20T13:35:52","date_gmt":"2022-04-20T11:35:52","guid":{"rendered":"https:\/\/volkart.ddev.site\/?page_id=21"},"modified":"2024-07-10T08:54:50","modified_gmt":"2024-07-10T06:54:50","slug":"geschichte","status":"publish","type":"page","link":"https:\/\/staging.volkart.ch\/de\/portrait\/geschichte\/","title":{"rendered":"Geschichte"},"content":{"rendered":"\n<p>Aus Anlass des 100-j\u00e4hrigen Bestehens des Handelsunternehmens Gebr\u00fcder Volkart wurde am 1. Februar 1951 die Volkart Stiftung in Winterthur gegr\u00fcndet. Mit diesem Akt wollten die damaligen aktiven Partner \u2013 Georg, Peter und Balthasar Reinhart \u2013 nach einem Jahrhundert der erfolgreichen Handelst\u00e4tigkeit auf dem indischen Subkontinent und in Europa ein Zeichen der Dankbarkeit setzen. F\u00fcr die Gr\u00fcnder war es folgerichtig, dass ein Teil der Gewinne in Form von gemeinn\u00fctzigen und kulturell orientierten Vergabungen an die Gesellschaft zur\u00fcckfliessen sollte. Die Kulturf\u00f6rderung \u2013 eine Aufgabe, der sich die Familie Reinhart bis heute verpflichtet \u2013 wurde mit diesem Schritt auch formal Bestandteil der Aktivit\u00e4ten des Hauses Volkart.<\/p>\n\n\n\n<p>W\u00e4hrend der ersten 50 Jahre konzentrierte sich die Volkart Stiftung vorrangig auf Projekte in den Bereichen Kultur, \u00d6kologie und im sozialen Bereich. Die Stiftung engagierte sich dabei in ausgew\u00e4hlten&nbsp;Projekten&nbsp;von nationaler und internationaler Ausstrahlung. Ab 2000 erweiterte die Stiftung die Schwerpunkte der F\u00f6rderaktivit\u00e4ten auf die Entwicklungszusammenarbeit sowie auf gesellschaftsrelevante L\u00f6sungsans\u00e4tze.<\/p>\n\n\n\n<p>2014 fusionierte die Volkart Stiftung mit der Stiftung Volkart Vision. Zudem wurde auch der T\u00e4tigkeitsbereich der aufgel\u00f6sten George Foundation von der Volkart Stiftung \u00fcbernommen. Auf Ende 2018 schloss die Volkart Stiftung ihr langj\u00e4hriges Engagement im Bereich der Entwicklungszusammenarbeit ab und richtete ihren Fokus auf die Bereiche Gesellschaft und Kultur.<\/p>\n\n\n\n<p>Ab 2022 setzte die Volkart Stiftung neue Schwerpunkte und schaffte die durch Fachkommissionen begleitete F\u00f6rderbereiche \u00ab\u00d6kologie\u00bb, \u00abSozialer Bereich\u00bb, \u00abMedien\u00bb und \u00abDokumentarfilm\u00bb. Die F\u00f6rderbereiche \u00abGesellschaft\u00bb und \u00abKultur\u00bb wurden auf Ende 2021 abgel\u00f6st.<\/p>\n\n\n\n<p>Die Volkart Stiftung ist Gr\u00fcndungsmitglied von <a href=\"https:\/\/www.swissfoundations.ch\/\">SwissFoundations<\/a>.<\/p>\n","protected":false},"excerpt":{"rendered":"<p>Aus Anlass des 100-j\u00e4hrigen Bestehens des Handelsunternehmens Gebr\u00fcder Volkart wurde am 1. Februar 1951 die Volkart Stiftung in Winterthur gegr\u00fcndet. Mit diesem Akt wollten die damaligen aktiven Partner \u2013 Georg, Peter und Balthasar Reinhart \u2013 nach einem Jahrhundert der erfolgreichen Handelst\u00e4tigkeit auf dem indischen Subkontinent und in Europa ein Zeichen der Dankbarkeit setzen. F\u00fcr die [&hellip;]<\/p>\n","protected":false},"author":2,"featured_media":0,"parent":13,"menu_order":0,"comment_status":"closed","ping_status":"closed","template":"","meta":{"_acf_changed":false,"footnotes":""},"class_list":["post-21","page","type-page","status-publish","hentry"],"acf":[],"yoast_head":"<!-- This site is optimized with the Yoast SEO plugin v25.3 - https:\/\/yoast.com\/wordpress\/plugins\/seo\/ -->\n<title>Geschichte - Volkart<\/title>\n<meta name=\"robots\" content=\"index, follow, max-snippet:-1, max-image-preview:large, max-video-preview:-1\" \/>\n<link rel=\"canonical\" href=\"https:\/\/staging.volkart.ch\/de\/portrait\/geschichte\/\" \/>\n<meta property=\"og:locale\" content=\"de_DE\" \/>\n<meta property=\"og:type\" content=\"article\" \/>\n<meta property=\"og:title\" content=\"Geschichte - Volkart\" \/>\n<meta property=\"og:description\" content=\"Aus Anlass des 100-j\u00e4hrigen Bestehens des Handelsunternehmens Gebr\u00fcder Volkart wurde am 1. Februar 1951 die Volkart Stiftung in Winterthur gegr\u00fcndet. Mit diesem Akt wollten die damaligen aktiven Partner \u2013 Georg, Peter und Balthasar Reinhart \u2013 nach einem Jahrhundert der erfolgreichen Handelst\u00e4tigkeit auf dem indischen Subkontinent und in Europa ein Zeichen der Dankbarkeit setzen. F\u00fcr die [&hellip;]\" \/>\n<meta property=\"og:url\" content=\"https:\/\/staging.volkart.ch\/de\/portrait\/geschichte\/\" \/>\n<meta property=\"og:site_name\" content=\"Volkart\" \/>\n<meta property=\"article:modified_time\" content=\"2024-07-10T06:54:50+00:00\" \/>\n<meta name=\"twitter:card\" content=\"summary_large_image\" \/>\n<meta name=\"twitter:label1\" content=\"Gesch\u00e4tzte Lesezeit\" \/>\n\t<meta name=\"twitter:data1\" content=\"2\u00a0Minuten\" \/>\n<script type=\"application\/ld+json\" class=\"yoast-schema-graph\">{\"@context\":\"https:\/\/schema.org\",\"@graph\":[{\"@type\":\"WebPage\",\"@id\":\"https:\/\/staging.volkart.ch\/de\/portrait\/geschichte\/\",\"url\":\"https:\/\/staging.volkart.ch\/de\/portrait\/geschichte\/\",\"name\":\"Geschichte - Volkart\",\"isPartOf\":{\"@id\":\"https:\/\/staging.volkart.ch\/de\/#website\"},\"datePublished\":\"2022-04-20T11:35:52+00:00\",\"dateModified\":\"2024-07-10T06:54:50+00:00\",\"breadcrumb\":{\"@id\":\"https:\/\/staging.volkart.ch\/de\/portrait\/geschichte\/#breadcrumb\"},\"inLanguage\":\"de\",\"potentialAction\":[{\"@type\":\"ReadAction\",\"target\":[\"https:\/\/staging.volkart.ch\/de\/portrait\/geschichte\/\"]}]},{\"@type\":\"BreadcrumbList\",\"@id\":\"https:\/\/staging.volkart.ch\/de\/portrait\/geschichte\/#breadcrumb\",\"itemListElement\":[{\"@type\":\"ListItem\",\"position\":1,\"name\":\"Startseite\",\"item\":\"https:\/\/staging.volkart.ch\/de\/\"},{\"@type\":\"ListItem\",\"position\":2,\"name\":\"Portrait\",\"item\":\"https:\/\/staging.volkart.ch\/de\/portrait\/\"},{\"@type\":\"ListItem\",\"position\":3,\"name\":\"Geschichte\"}]},{\"@type\":\"WebSite\",\"@id\":\"https:\/\/staging.volkart.ch\/de\/#website\",\"url\":\"https:\/\/staging.volkart.ch\/de\/\",\"name\":\"Volkart\",\"description\":\"Eine weitere WordPress-Website\",\"publisher\":{\"@id\":\"https:\/\/staging.volkart.ch\/de\/#organization\"},\"potentialAction\":[{\"@type\":\"SearchAction\",\"target\":{\"@type\":\"EntryPoint\",\"urlTemplate\":\"https:\/\/staging.volkart.ch\/de\/?s={search_term_string}\"},\"query-input\":{\"@type\":\"PropertyValueSpecification\",\"valueRequired\":true,\"valueName\":\"search_term_string\"}}],\"inLanguage\":\"de\"},{\"@type\":\"Organization\",\"@id\":\"https:\/\/staging.volkart.ch\/de\/#organization\",\"name\":\"Volkart Stiftung\",\"url\":\"https:\/\/staging.volkart.ch\/de\/\",\"logo\":{\"@type\":\"ImageObject\",\"inLanguage\":\"de\",\"@id\":\"https:\/\/staging.volkart.ch\/de\/#\/schema\/logo\/image\/\",\"url\":\"https:\/\/staging.volkart.ch\/wp-content\/uploads\/2022\/07\/volkart-logo-1.png\",\"contentUrl\":\"https:\/\/staging.volkart.ch\/wp-content\/uploads\/2022\/07\/volkart-logo-1.png\",\"width\":880,\"height\":200,\"caption\":\"Volkart Stiftung\"},\"image\":{\"@id\":\"https:\/\/staging.volkart.ch\/de\/#\/schema\/logo\/image\/\"}}]}<\/script>\n<!-- \/ Yoast SEO plugin. -->","yoast_head_json":{"title":"Geschichte - Volkart","robots":{"index":"index","follow":"follow","max-snippet":"max-snippet:-1","max-image-preview":"max-image-preview:large","max-video-preview":"max-video-preview:-1"},"canonical":"https:\/\/staging.volkart.ch\/de\/portrait\/geschichte\/","og_locale":"de_DE","og_type":"article","og_title":"Geschichte - Volkart","og_description":"Aus Anlass des 100-j\u00e4hrigen Bestehens des Handelsunternehmens Gebr\u00fcder Volkart wurde am 1. Februar 1951 die Volkart Stiftung in Winterthur gegr\u00fcndet. Mit diesem Akt wollten die damaligen aktiven Partner \u2013 Georg, Peter und Balthasar Reinhart \u2013 nach einem Jahrhundert der erfolgreichen Handelst\u00e4tigkeit auf dem indischen Subkontinent und in Europa ein Zeichen der Dankbarkeit setzen. F\u00fcr die [&hellip;]","og_url":"https:\/\/staging.volkart.ch\/de\/portrait\/geschichte\/","og_site_name":"Volkart","article_modified_time":"2024-07-10T06:54:50+00:00","twitter_card":"summary_large_image","twitter_misc":{"Gesch\u00e4tzte Lesezeit":"2\u00a0Minuten"},"schema":{"@context":"https:\/\/schema.org","@graph":[{"@type":"WebPage","@id":"https:\/\/staging.volkart.ch\/de\/portrait\/geschichte\/","url":"https:\/\/staging.volkart.ch\/de\/portrait\/geschichte\/","name":"Geschichte - Volkart","isPartOf":{"@id":"https:\/\/staging.volkart.ch\/de\/#website"},"datePublished":"2022-04-20T11:35:52+00:00","dateModified":"2024-07-10T06:54:50+00:00","breadcrumb":{"@id":"https:\/\/staging.volkart.ch\/de\/portrait\/geschichte\/#breadcrumb"},"inLanguage":"de","potentialAction":[{"@type":"ReadAction","target":["https:\/\/staging.volkart.ch\/de\/portrait\/geschichte\/"]}]},{"@type":"BreadcrumbList","@id":"https:\/\/staging.volkart.ch\/de\/portrait\/geschichte\/#breadcrumb","itemListElement":[{"@type":"ListItem","position":1,"name":"Startseite","item":"https:\/\/staging.volkart.ch\/de\/"},{"@type":"ListItem","position":2,"name":"Portrait","item":"https:\/\/staging.volkart.ch\/de\/portrait\/"},{"@type":"ListItem","position":3,"name":"Geschichte"}]},{"@type":"WebSite","@id":"https:\/\/staging.volkart.ch\/de\/#website","url":"https:\/\/staging.volkart.ch\/de\/","name":"Volkart","description":"Eine weitere WordPress-Website","publisher":{"@id":"https:\/\/staging.volkart.ch\/de\/#organization"},"potentialAction":[{"@type":"SearchAction","target":{"@type":"EntryPoint","urlTemplate":"https:\/\/staging.volkart.ch\/de\/?s={search_term_string}"},"query-input":{"@type":"PropertyValueSpecification","valueRequired":true,"valueName":"search_term_string"}}],"inLanguage":"de"},{"@type":"Organization","@id":"https:\/\/staging.volkart.ch\/de\/#organization","name":"Volkart Stiftung","url":"https:\/\/staging.volkart.ch\/de\/","logo":{"@type":"ImageObject","inLanguage":"de","@id":"https:\/\/staging.volkart.ch\/de\/#\/schema\/logo\/image\/","url":"https:\/\/staging.volkart.ch\/wp-content\/uploads\/2022\/07\/volkart-logo-1.png","contentUrl":"https:\/\/staging.volkart.ch\/wp-content\/uploads\/2022\/07\/volkart-logo-1.png","width":880,"height":200,"caption":"Volkart Stiftung"},"image":{"@id":"https:\/\/staging.volkart.ch\/de\/#\/schema\/logo\/image\/"}}]}},"_links":{"self":[{"href":"https:\/\/staging.volkart.ch\/de\/wp-json\/wp\/v2\/pages\/21","targetHints":{"allow":["GET"]}}],"collection":[{"href":"https:\/\/staging.volkart.ch\/de\/wp-json\/wp\/v2\/pages"}],"about":[{"href":"https:\/\/staging.volkart.ch\/de\/wp-json\/wp\/v2\/types\/page"}],"author":[{"embeddable":true,"href":"https:\/\/staging.volkart.ch\/de\/wp-json\/wp\/v2\/users\/2"}],"replies":[{"embeddable":true,"href":"https:\/\/staging.volkart.ch\/de\/wp-json\/wp\/v2\/comments?post=21"}],"version-history":[{"count":19,"href":"https:\/\/staging.volkart.ch\/de\/wp-json\/wp\/v2\/pages\/21\/revisions"}],"predecessor-version":[{"id":2152,"href":"https:\/\/staging.volkart.ch\/de\/wp-json\/wp\/v2\/pages\/21\/revisions\/2152"}],"up":[{"embeddable":true,"href":"https:\/\/staging.volkart.ch\/de\/wp-json\/wp\/v2\/pages\/13"}],"wp:attachment":[{"href":"https:\/\/staging.volkart.ch\/de\/wp-json\/wp\/v2\/media?parent=21"}],"curies":[{"name":"wp","href":"https:\/\/api.w.org\/{rel}","templated":true}]}}