{"id":1815,"date":"2024-02-13T15:43:40","date_gmt":"2024-02-13T14:43:40","guid":{"rendered":"https:\/\/www.volkart.ch\/?page_id=1815"},"modified":"2025-01-14T11:56:03","modified_gmt":"2025-01-14T10:56:03","slug":"sozialer-bereich-2","status":"publish","type":"page","link":"https:\/\/staging.volkart.ch\/de\/foerderantrag\/sozialer-bereich-2\/","title":{"rendered":"Sozialer Bereich"},"content":{"rendered":"\n<p><\/p>\n\n\n\n<p>Im Moment nehmen wir im sozialen Bereich keine Gesuche entgegen, da eine strategische Neuausrichtung gepr\u00fcft wird. Wir danken f\u00fcr Ihr Verst\u00e4ndnis.<br><br>Bei Fragen zu laufenden F\u00f6rderprojekten im sozialen Bereich wenden Sie sich bitte an <a href=\"&#109;&#97;&#x69;l&#116;&#x6f;&#x3a;a&#110;&#x67;&#x65;l&#105;&#x6b;a&#46;&#x73;&#x63;h&#109;&#x69;&#x64;l&#105;&#x6e;&#64;&#118;&#x6f;&#x6c;k&#97;&#x72;&#x74;&#46;&#99;&#x68;\">Angelika Schmidlin<\/a>.<\/p>\n","protected":false},"excerpt":{"rendered":"<p>Im Moment nehmen wir im sozialen Bereich keine Gesuche entgegen, da eine strategische Neuausrichtung gepr\u00fcft wird. Wir danken f\u00fcr Ihr Verst\u00e4ndnis. Bei Fragen zu laufenden F\u00f6rderprojekten im sozialen Bereich wenden Sie sich bitte an Angelika Schmidlin.<\/p>\n","protected":false},"author":8,"featured_media":0,"parent":1796,"menu_order":0,"comment_status":"closed","ping_status":"closed","template":"","meta":{"_acf_changed":false,"footnotes":""},"class_list":["post-1815","page","type-page","status-publish","hentry"],"acf":[],"yoast_head":"<!-- This site is optimized with the Yoast SEO plugin v25.3 - https:\/\/yoast.com\/wordpress\/plugins\/seo\/ -->\n<title>Sozialer Bereich - Volkart<\/title>\n<meta name=\"robots\" content=\"index, follow, max-snippet:-1, max-image-preview:large, max-video-preview:-1\" \/>\n<link rel=\"canonical\" href=\"https:\/\/staging.volkart.ch\/de\/foerderantrag\/sozialer-bereich-2\/\" \/>\n<meta property=\"og:locale\" content=\"de_DE\" \/>\n<meta property=\"og:type\" content=\"article\" \/>\n<meta property=\"og:title\" content=\"Sozialer Bereich - Volkart\" \/>\n<meta property=\"og:description\" content=\"Im Moment nehmen wir im sozialen Bereich keine Gesuche entgegen, da eine strategische Neuausrichtung gepr\u00fcft wird. Wir danken f\u00fcr Ihr Verst\u00e4ndnis. Bei Fragen zu laufenden F\u00f6rderprojekten im sozialen Bereich wenden Sie sich bitte an Angelika Schmidlin.\" \/>\n<meta property=\"og:url\" content=\"https:\/\/staging.volkart.ch\/de\/foerderantrag\/sozialer-bereich-2\/\" \/>\n<meta property=\"og:site_name\" content=\"Volkart\" \/>\n<meta property=\"article:modified_time\" content=\"2025-01-14T10:56:03+00:00\" \/>\n<meta name=\"twitter:card\" content=\"summary_large_image\" \/>\n<meta name=\"twitter:label1\" content=\"Gesch\u00e4tzte Lesezeit\" \/>\n\t<meta name=\"twitter:data1\" content=\"1\u00a0Minute\" \/>\n<script type=\"application\/ld+json\" class=\"yoast-schema-graph\">{\"@context\":\"https:\/\/schema.org\",\"@graph\":[{\"@type\":\"WebPage\",\"@id\":\"https:\/\/staging.volkart.ch\/de\/foerderantrag\/sozialer-bereich-2\/\",\"url\":\"https:\/\/staging.volkart.ch\/de\/foerderantrag\/sozialer-bereich-2\/\",\"name\":\"Sozialer Bereich - Volkart\",\"isPartOf\":{\"@id\":\"https:\/\/staging.volkart.ch\/de\/#website\"},\"datePublished\":\"2024-02-13T14:43:40+00:00\",\"dateModified\":\"2025-01-14T10:56:03+00:00\",\"breadcrumb\":{\"@id\":\"https:\/\/staging.volkart.ch\/de\/foerderantrag\/sozialer-bereich-2\/#breadcrumb\"},\"inLanguage\":\"de\",\"potentialAction\":[{\"@type\":\"ReadAction\",\"target\":[\"https:\/\/staging.volkart.ch\/de\/foerderantrag\/sozialer-bereich-2\/\"]}]},{\"@type\":\"BreadcrumbList\",\"@id\":\"https:\/\/staging.volkart.ch\/de\/foerderantrag\/sozialer-bereich-2\/#breadcrumb\",\"itemListElement\":[{\"@type\":\"ListItem\",\"position\":1,\"name\":\"Startseite\",\"item\":\"https:\/\/staging.volkart.ch\/de\/\"},{\"@type\":\"ListItem\",\"position\":2,\"name\":\"F\u00f6rderantrag\",\"item\":\"https:\/\/staging.volkart.ch\/de\/foerderantrag\/\"},{\"@type\":\"ListItem\",\"position\":3,\"name\":\"Sozialer Bereich\"}]},{\"@type\":\"WebSite\",\"@id\":\"https:\/\/staging.volkart.ch\/de\/#website\",\"url\":\"https:\/\/staging.volkart.ch\/de\/\",\"name\":\"Volkart\",\"description\":\"Eine weitere WordPress-Website\",\"publisher\":{\"@id\":\"https:\/\/staging.volkart.ch\/de\/#organization\"},\"potentialAction\":[{\"@type\":\"SearchAction\",\"target\":{\"@type\":\"EntryPoint\",\"urlTemplate\":\"https:\/\/staging.volkart.ch\/de\/?s={search_term_string}\"},\"query-input\":{\"@type\":\"PropertyValueSpecification\",\"valueRequired\":true,\"valueName\":\"search_term_string\"}}],\"inLanguage\":\"de\"},{\"@type\":\"Organization\",\"@id\":\"https:\/\/staging.volkart.ch\/de\/#organization\",\"name\":\"Volkart Stiftung\",\"url\":\"https:\/\/staging.volkart.ch\/de\/\",\"logo\":{\"@type\":\"ImageObject\",\"inLanguage\":\"de\",\"@id\":\"https:\/\/staging.volkart.ch\/de\/#\/schema\/logo\/image\/\",\"url\":\"https:\/\/staging.volkart.ch\/wp-content\/uploads\/2022\/07\/volkart-logo-1.png\",\"contentUrl\":\"https:\/\/staging.volkart.ch\/wp-content\/uploads\/2022\/07\/volkart-logo-1.png\",\"width\":880,\"height\":200,\"caption\":\"Volkart Stiftung\"},\"image\":{\"@id\":\"https:\/\/staging.volkart.ch\/de\/#\/schema\/logo\/image\/\"}}]}<\/script>\n<!-- \/ Yoast SEO plugin. -->","yoast_head_json":{"title":"Sozialer Bereich - Volkart","robots":{"index":"index","follow":"follow","max-snippet":"max-snippet:-1","max-image-preview":"max-image-preview:large","max-video-preview":"max-video-preview:-1"},"canonical":"https:\/\/staging.volkart.ch\/de\/foerderantrag\/sozialer-bereich-2\/","og_locale":"de_DE","og_type":"article","og_title":"Sozialer Bereich - Volkart","og_description":"Im Moment nehmen wir im sozialen Bereich keine Gesuche entgegen, da eine strategische Neuausrichtung gepr\u00fcft wird. Wir danken f\u00fcr Ihr Verst\u00e4ndnis. Bei Fragen zu laufenden F\u00f6rderprojekten im sozialen Bereich wenden Sie sich bitte an Angelika Schmidlin.","og_url":"https:\/\/staging.volkart.ch\/de\/foerderantrag\/sozialer-bereich-2\/","og_site_name":"Volkart","article_modified_time":"2025-01-14T10:56:03+00:00","twitter_card":"summary_large_image","twitter_misc":{"Gesch\u00e4tzte Lesezeit":"1\u00a0Minute"},"schema":{"@context":"https:\/\/schema.org","@graph":[{"@type":"WebPage","@id":"https:\/\/staging.volkart.ch\/de\/foerderantrag\/sozialer-bereich-2\/","url":"https:\/\/staging.volkart.ch\/de\/foerderantrag\/sozialer-bereich-2\/","name":"Sozialer Bereich - Volkart","isPartOf":{"@id":"https:\/\/staging.volkart.ch\/de\/#website"},"datePublished":"2024-02-13T14:43:40+00:00","dateModified":"2025-01-14T10:56:03+00:00","breadcrumb":{"@id":"https:\/\/staging.volkart.ch\/de\/foerderantrag\/sozialer-bereich-2\/#breadcrumb"},"inLanguage":"de","potentialAction":[{"@type":"ReadAction","target":["https:\/\/staging.volkart.ch\/de\/foerderantrag\/sozialer-bereich-2\/"]}]},{"@type":"BreadcrumbList","@id":"https:\/\/staging.volkart.ch\/de\/foerderantrag\/sozialer-bereich-2\/#breadcrumb","itemListElement":[{"@type":"ListItem","position":1,"name":"Startseite","item":"https:\/\/staging.volkart.ch\/de\/"},{"@type":"ListItem","position":2,"name":"F\u00f6rderantrag","item":"https:\/\/staging.volkart.ch\/de\/foerderantrag\/"},{"@type":"ListItem","position":3,"name":"Sozialer Bereich"}]},{"@type":"WebSite","@id":"https:\/\/staging.volkart.ch\/de\/#website","url":"https:\/\/staging.volkart.ch\/de\/","name":"Volkart","description":"Eine weitere WordPress-Website","publisher":{"@id":"https:\/\/staging.volkart.ch\/de\/#organization"},"potentialAction":[{"@type":"SearchAction","target":{"@type":"EntryPoint","urlTemplate":"https:\/\/staging.volkart.ch\/de\/?s={search_term_string}"},"query-input":{"@type":"PropertyValueSpecification","valueRequired":true,"valueName":"search_term_string"}}],"inLanguage":"de"},{"@type":"Organization","@id":"https:\/\/staging.volkart.ch\/de\/#organization","name":"Volkart Stiftung","url":"https:\/\/staging.volkart.ch\/de\/","logo":{"@type":"ImageObject","inLanguage":"de","@id":"https:\/\/staging.volkart.ch\/de\/#\/schema\/logo\/image\/","url":"https:\/\/staging.volkart.ch\/wp-content\/uploads\/2022\/07\/volkart-logo-1.png","contentUrl":"https:\/\/staging.volkart.ch\/wp-content\/uploads\/2022\/07\/volkart-logo-1.png","width":880,"height":200,"caption":"Volkart Stiftung"},"image":{"@id":"https:\/\/staging.volkart.ch\/de\/#\/schema\/logo\/image\/"}}]}},"_links":{"self":[{"href":"https:\/\/staging.volkart.ch\/de\/wp-json\/wp\/v2\/pages\/1815","targetHints":{"allow":["GET"]}}],"collection":[{"href":"https:\/\/staging.volkart.ch\/de\/wp-json\/wp\/v2\/pages"}],"about":[{"href":"https:\/\/staging.volkart.ch\/de\/wp-json\/wp\/v2\/types\/page"}],"author":[{"embeddable":true,"href":"https:\/\/staging.volkart.ch\/de\/wp-json\/wp\/v2\/users\/8"}],"replies":[{"embeddable":true,"href":"https:\/\/staging.volkart.ch\/de\/wp-json\/wp\/v2\/comments?post=1815"}],"version-history":[{"count":10,"href":"https:\/\/staging.volkart.ch\/de\/wp-json\/wp\/v2\/pages\/1815\/revisions"}],"predecessor-version":[{"id":2305,"href":"https:\/\/staging.volkart.ch\/de\/wp-json\/wp\/v2\/pages\/1815\/revisions\/2305"}],"up":[{"embeddable":true,"href":"https:\/\/staging.volkart.ch\/de\/wp-json\/wp\/v2\/pages\/1796"}],"wp:attachment":[{"href":"https:\/\/staging.volkart.ch\/de\/wp-json\/wp\/v2\/media?parent=1815"}],"curies":[{"name":"wp","href":"https:\/\/api.w.org\/{rel}","templated":true}]}}