{"id":1813,"date":"2024-02-13T15:43:40","date_gmt":"2024-02-13T14:43:40","guid":{"rendered":"https:\/\/www.volkart.ch\/?page_id=1813"},"modified":"2025-01-14T11:55:22","modified_gmt":"2025-01-14T10:55:22","slug":"oekologie-3","status":"publish","type":"page","link":"https:\/\/staging.volkart.ch\/de\/foerderantrag\/oekologie-3\/","title":{"rendered":"\u00d6kologie"},"content":{"rendered":"\n<p>Die Volkart Stiftung f\u00f6rdert Projekte und Initiativen in den Bereichen \u00d6kologie, Soziales, Medien und Dokumentarfilm. Mit unserem Engagement m\u00f6chten wir dazu beitragen, dass Klima, Boden und \u00d6kosysteme gesch\u00fctzt, die Chancengerechtigkeit und gesellschaftliche Teilhabe aller erm\u00f6glicht, eine ausgewogene Medienvielfalt gef\u00f6rdert und Dokumentarfilme, mit einem Bezug zu diesen Themen, unterst\u00fctzt werden.<\/p>\n\n\n\n<p>Wir setzen auf einen systemischen Programmansatz, die Nutzung von Synergien und eine interdisziplin\u00e4re Arbeitsweise, damit nicht nur Symptome gelindert, sondern auch die Ursachen von gesellschaftlichen Herausforderungen angegangen werden.<\/p>\n\n\n\n<p><strong>F\u00f6rderantrag f\u00fcr den Bereich \u00d6kologie<\/strong><\/p>\n\n\n\n<p>Um Ihren Aufwand m\u00f6glichst gering zu halten, arbeiten wir in dem Bereich \u00d6kologie mit einem zweistufigen Prozess. Dank diesem Vorgehen k\u00f6nnen wir Ihnen zeitnah R\u00fcckmeldung zu Ihrer Anfrage und die M\u00f6glichkeiten einer Zusammenarbeit geben:<\/p>\n\n\n\n<ol class=\"wp-block-list\">\n<li>Antrag zur Vorpr\u00fcfung<\/li>\n\n\n\n<li>F\u00f6rderantrag via Online-Formular<\/li>\n<\/ol>\n\n\n\n<p>In einem ersten Schritt k\u00f6nnen Sie uns Ihr Vorhaben gerne im <a href=\"https:\/\/staging.volkart.ch\/wp-content\/uploads\/2024\/08\/Formular-Vorpruefung-Gesuche-Oekologie.docx\" target=\"_blank\" rel=\"noreferrer noopener\">Formular Antrag zur Vorpr\u00fcfung<\/a> kurz beschreiben. Bevor Sie das Formular ausf\u00fcllen, pr\u00fcfen Sie bitte, ob Ihr Gesuch zur strategischen F\u00f6rderausrichtung der Volkart Stiftung passt. Informationen dazu finden Sie unter Engagement und dem F\u00f6rderbereich Bereich \u00d6kologie.<\/p>\n\n\n\n<p>Achten Sie bitte auf die vorgegebene Wortzahlbeschr\u00e4nkung und senden Sie uns keine weiteren Anlagen. Ihr ausgef\u00fclltes Formular senden Sie bitte per E-Mail an <a href=\"&#x6d;&#97;&#x69;&#108;t&#x6f;&#58;s&#x76;&#101;&#x6e;&#x6a;a&#x2e;&#109;a&#x72;&#113;&#x75;&#x61;r&#x64;&#116;&#64;&#x76;&#111;l&#x6b;&#97;&#x72;&#116;&#46;&#x63;&#104;\">Svenja Marquardt<\/a>.<\/p>\n\n\n\n<p>F\u00fcr die Einreichung eines Antrags zur Vorpr\u00fcfung gibt es keine Frist. Die Pr\u00fcfung kann ein paar Wochen dauern. Je nach Ausgang der Vorpr\u00fcfung erhalten Sie von uns entweder R\u00fcckfragen zu Ihrem Vorhaben, eine Einladung einen F\u00f6rderantrag via Online-Formular einzureichen oder eine Absage. Absagen begr\u00fcnden wir aus Kapazit\u00e4tsgr\u00fcnden nicht.<\/p>\n\n\n\n<p>Bei Einladung zur Einreichung eines Gesuchs werden die Gesuche von der Fachkommission \u00d6kologie gepr\u00fcft, die rund drei Mal j\u00e4hrlich tagt.<\/p>\n\n\n\n<p><strong>Was wir nicht f\u00f6rdern:<\/strong><\/p>\n\n\n\n<ul class=\"wp-block-list\">\n<li>Anliegen, die nicht direkt zu den oben genannten Schwerpunktthemen und in die Gesamtstrategie der Volkart Stiftung passen<\/li>\n\n\n\n<li>Projekte mit einem \u00fcberwiegend gewinnorientierten Hintergrund<\/li>\n\n\n\n<li>Wissenschaftliche Forschung und Bildungsprogramme<\/li>\n\n\n\n<li>Einzelpersonen<\/li>\n\n\n\n<li>Stipendien<\/li>\n\n\n\n<li>Publikationen und Ausstellungen<\/li>\n\n\n\n<li>Auszeichnungen und Preise<\/li>\n\n\n\n<li>Infrastrukturprojekte<\/li>\n\n\n\n<li>Tagungen und Kongresse<\/li>\n\n\n\n<li>Parteipolitische Projekte<\/li>\n\n\n\n<li>Tier- und Artenschutz<\/li>\n<\/ul>\n","protected":false},"excerpt":{"rendered":"<p>Die Volkart Stiftung f\u00f6rdert Projekte und Initiativen in den Bereichen \u00d6kologie, Soziales, Medien und Dokumentarfilm. Mit unserem Engagement m\u00f6chten wir dazu beitragen, dass Klima, Boden und \u00d6kosysteme gesch\u00fctzt, die Chancengerechtigkeit und gesellschaftliche Teilhabe aller erm\u00f6glicht, eine ausgewogene Medienvielfalt gef\u00f6rdert und Dokumentarfilme, mit einem Bezug zu diesen Themen, unterst\u00fctzt werden. Wir setzen auf einen systemischen Programmansatz, [&hellip;]<\/p>\n","protected":false},"author":8,"featured_media":0,"parent":1796,"menu_order":0,"comment_status":"closed","ping_status":"closed","template":"","meta":{"_acf_changed":false,"footnotes":""},"class_list":["post-1813","page","type-page","status-publish","hentry"],"acf":[],"yoast_head":"<!-- This site is optimized with the Yoast SEO plugin v25.3 - https:\/\/yoast.com\/wordpress\/plugins\/seo\/ -->\n<title>\u00d6kologie - Volkart<\/title>\n<meta name=\"robots\" content=\"index, follow, max-snippet:-1, max-image-preview:large, max-video-preview:-1\" \/>\n<link rel=\"canonical\" href=\"https:\/\/staging.volkart.ch\/de\/foerderantrag\/oekologie-3\/\" \/>\n<meta property=\"og:locale\" content=\"de_DE\" \/>\n<meta property=\"og:type\" content=\"article\" \/>\n<meta property=\"og:title\" content=\"\u00d6kologie - Volkart\" \/>\n<meta property=\"og:description\" content=\"Die Volkart Stiftung f\u00f6rdert Projekte und Initiativen in den Bereichen \u00d6kologie, Soziales, Medien und Dokumentarfilm. Mit unserem Engagement m\u00f6chten wir dazu beitragen, dass Klima, Boden und \u00d6kosysteme gesch\u00fctzt, die Chancengerechtigkeit und gesellschaftliche Teilhabe aller erm\u00f6glicht, eine ausgewogene Medienvielfalt gef\u00f6rdert und Dokumentarfilme, mit einem Bezug zu diesen Themen, unterst\u00fctzt werden. Wir setzen auf einen systemischen Programmansatz, [&hellip;]\" \/>\n<meta property=\"og:url\" content=\"https:\/\/staging.volkart.ch\/de\/foerderantrag\/oekologie-3\/\" \/>\n<meta property=\"og:site_name\" content=\"Volkart\" \/>\n<meta property=\"article:modified_time\" content=\"2025-01-14T10:55:22+00:00\" \/>\n<meta name=\"twitter:card\" content=\"summary_large_image\" \/>\n<meta name=\"twitter:label1\" content=\"Gesch\u00e4tzte Lesezeit\" \/>\n\t<meta name=\"twitter:data1\" content=\"2\u00a0Minuten\" \/>\n<script type=\"application\/ld+json\" class=\"yoast-schema-graph\">{\"@context\":\"https:\/\/schema.org\",\"@graph\":[{\"@type\":\"WebPage\",\"@id\":\"https:\/\/staging.volkart.ch\/de\/foerderantrag\/oekologie-3\/\",\"url\":\"https:\/\/staging.volkart.ch\/de\/foerderantrag\/oekologie-3\/\",\"name\":\"\u00d6kologie - Volkart\",\"isPartOf\":{\"@id\":\"https:\/\/staging.volkart.ch\/de\/#website\"},\"datePublished\":\"2024-02-13T14:43:40+00:00\",\"dateModified\":\"2025-01-14T10:55:22+00:00\",\"breadcrumb\":{\"@id\":\"https:\/\/staging.volkart.ch\/de\/foerderantrag\/oekologie-3\/#breadcrumb\"},\"inLanguage\":\"de\",\"potentialAction\":[{\"@type\":\"ReadAction\",\"target\":[\"https:\/\/staging.volkart.ch\/de\/foerderantrag\/oekologie-3\/\"]}]},{\"@type\":\"BreadcrumbList\",\"@id\":\"https:\/\/staging.volkart.ch\/de\/foerderantrag\/oekologie-3\/#breadcrumb\",\"itemListElement\":[{\"@type\":\"ListItem\",\"position\":1,\"name\":\"Startseite\",\"item\":\"https:\/\/staging.volkart.ch\/de\/\"},{\"@type\":\"ListItem\",\"position\":2,\"name\":\"F\u00f6rderantrag\",\"item\":\"https:\/\/staging.volkart.ch\/de\/foerderantrag\/\"},{\"@type\":\"ListItem\",\"position\":3,\"name\":\"\u00d6kologie\"}]},{\"@type\":\"WebSite\",\"@id\":\"https:\/\/staging.volkart.ch\/de\/#website\",\"url\":\"https:\/\/staging.volkart.ch\/de\/\",\"name\":\"Volkart\",\"description\":\"Eine weitere WordPress-Website\",\"publisher\":{\"@id\":\"https:\/\/staging.volkart.ch\/de\/#organization\"},\"potentialAction\":[{\"@type\":\"SearchAction\",\"target\":{\"@type\":\"EntryPoint\",\"urlTemplate\":\"https:\/\/staging.volkart.ch\/de\/?s={search_term_string}\"},\"query-input\":{\"@type\":\"PropertyValueSpecification\",\"valueRequired\":true,\"valueName\":\"search_term_string\"}}],\"inLanguage\":\"de\"},{\"@type\":\"Organization\",\"@id\":\"https:\/\/staging.volkart.ch\/de\/#organization\",\"name\":\"Volkart Stiftung\",\"url\":\"https:\/\/staging.volkart.ch\/de\/\",\"logo\":{\"@type\":\"ImageObject\",\"inLanguage\":\"de\",\"@id\":\"https:\/\/staging.volkart.ch\/de\/#\/schema\/logo\/image\/\",\"url\":\"https:\/\/staging.volkart.ch\/wp-content\/uploads\/2022\/07\/volkart-logo-1.png\",\"contentUrl\":\"https:\/\/staging.volkart.ch\/wp-content\/uploads\/2022\/07\/volkart-logo-1.png\",\"width\":880,\"height\":200,\"caption\":\"Volkart Stiftung\"},\"image\":{\"@id\":\"https:\/\/staging.volkart.ch\/de\/#\/schema\/logo\/image\/\"}}]}<\/script>\n<!-- \/ Yoast SEO plugin. -->","yoast_head_json":{"title":"\u00d6kologie - Volkart","robots":{"index":"index","follow":"follow","max-snippet":"max-snippet:-1","max-image-preview":"max-image-preview:large","max-video-preview":"max-video-preview:-1"},"canonical":"https:\/\/staging.volkart.ch\/de\/foerderantrag\/oekologie-3\/","og_locale":"de_DE","og_type":"article","og_title":"\u00d6kologie - Volkart","og_description":"Die Volkart Stiftung f\u00f6rdert Projekte und Initiativen in den Bereichen \u00d6kologie, Soziales, Medien und Dokumentarfilm. Mit unserem Engagement m\u00f6chten wir dazu beitragen, dass Klima, Boden und \u00d6kosysteme gesch\u00fctzt, die Chancengerechtigkeit und gesellschaftliche Teilhabe aller erm\u00f6glicht, eine ausgewogene Medienvielfalt gef\u00f6rdert und Dokumentarfilme, mit einem Bezug zu diesen Themen, unterst\u00fctzt werden. Wir setzen auf einen systemischen Programmansatz, [&hellip;]","og_url":"https:\/\/staging.volkart.ch\/de\/foerderantrag\/oekologie-3\/","og_site_name":"Volkart","article_modified_time":"2025-01-14T10:55:22+00:00","twitter_card":"summary_large_image","twitter_misc":{"Gesch\u00e4tzte Lesezeit":"2\u00a0Minuten"},"schema":{"@context":"https:\/\/schema.org","@graph":[{"@type":"WebPage","@id":"https:\/\/staging.volkart.ch\/de\/foerderantrag\/oekologie-3\/","url":"https:\/\/staging.volkart.ch\/de\/foerderantrag\/oekologie-3\/","name":"\u00d6kologie - Volkart","isPartOf":{"@id":"https:\/\/staging.volkart.ch\/de\/#website"},"datePublished":"2024-02-13T14:43:40+00:00","dateModified":"2025-01-14T10:55:22+00:00","breadcrumb":{"@id":"https:\/\/staging.volkart.ch\/de\/foerderantrag\/oekologie-3\/#breadcrumb"},"inLanguage":"de","potentialAction":[{"@type":"ReadAction","target":["https:\/\/staging.volkart.ch\/de\/foerderantrag\/oekologie-3\/"]}]},{"@type":"BreadcrumbList","@id":"https:\/\/staging.volkart.ch\/de\/foerderantrag\/oekologie-3\/#breadcrumb","itemListElement":[{"@type":"ListItem","position":1,"name":"Startseite","item":"https:\/\/staging.volkart.ch\/de\/"},{"@type":"ListItem","position":2,"name":"F\u00f6rderantrag","item":"https:\/\/staging.volkart.ch\/de\/foerderantrag\/"},{"@type":"ListItem","position":3,"name":"\u00d6kologie"}]},{"@type":"WebSite","@id":"https:\/\/staging.volkart.ch\/de\/#website","url":"https:\/\/staging.volkart.ch\/de\/","name":"Volkart","description":"Eine weitere WordPress-Website","publisher":{"@id":"https:\/\/staging.volkart.ch\/de\/#organization"},"potentialAction":[{"@type":"SearchAction","target":{"@type":"EntryPoint","urlTemplate":"https:\/\/staging.volkart.ch\/de\/?s={search_term_string}"},"query-input":{"@type":"PropertyValueSpecification","valueRequired":true,"valueName":"search_term_string"}}],"inLanguage":"de"},{"@type":"Organization","@id":"https:\/\/staging.volkart.ch\/de\/#organization","name":"Volkart Stiftung","url":"https:\/\/staging.volkart.ch\/de\/","logo":{"@type":"ImageObject","inLanguage":"de","@id":"https:\/\/staging.volkart.ch\/de\/#\/schema\/logo\/image\/","url":"https:\/\/staging.volkart.ch\/wp-content\/uploads\/2022\/07\/volkart-logo-1.png","contentUrl":"https:\/\/staging.volkart.ch\/wp-content\/uploads\/2022\/07\/volkart-logo-1.png","width":880,"height":200,"caption":"Volkart Stiftung"},"image":{"@id":"https:\/\/staging.volkart.ch\/de\/#\/schema\/logo\/image\/"}}]}},"_links":{"self":[{"href":"https:\/\/staging.volkart.ch\/de\/wp-json\/wp\/v2\/pages\/1813","targetHints":{"allow":["GET"]}}],"collection":[{"href":"https:\/\/staging.volkart.ch\/de\/wp-json\/wp\/v2\/pages"}],"about":[{"href":"https:\/\/staging.volkart.ch\/de\/wp-json\/wp\/v2\/types\/page"}],"author":[{"embeddable":true,"href":"https:\/\/staging.volkart.ch\/de\/wp-json\/wp\/v2\/users\/8"}],"replies":[{"embeddable":true,"href":"https:\/\/staging.volkart.ch\/de\/wp-json\/wp\/v2\/comments?post=1813"}],"version-history":[{"count":16,"href":"https:\/\/staging.volkart.ch\/de\/wp-json\/wp\/v2\/pages\/1813\/revisions"}],"predecessor-version":[{"id":2304,"href":"https:\/\/staging.volkart.ch\/de\/wp-json\/wp\/v2\/pages\/1813\/revisions\/2304"}],"up":[{"embeddable":true,"href":"https:\/\/staging.volkart.ch\/de\/wp-json\/wp\/v2\/pages\/1796"}],"wp:attachment":[{"href":"https:\/\/staging.volkart.ch\/de\/wp-json\/wp\/v2\/media?parent=1813"}],"curies":[{"name":"wp","href":"https:\/\/api.w.org\/{rel}","templated":true}]}}