{"id":1812,"date":"2024-02-13T15:43:40","date_gmt":"2024-02-13T14:43:40","guid":{"rendered":"https:\/\/www.volkart.ch\/?page_id=1812"},"modified":"2025-01-14T12:02:23","modified_gmt":"2025-01-14T11:02:23","slug":"medien-2","status":"publish","type":"page","link":"https:\/\/staging.volkart.ch\/de\/foerderantrag\/medien-2\/","title":{"rendered":"Medien"},"content":{"rendered":"\n<p>Die Volkart Stiftung f\u00f6rdert Projekte und Initiativen in den Bereichen \u00d6kologie, Soziales, Medien und Dokumentarfilm. Mit unserem Engagement m\u00f6chten wir dazu beitragen, dass Klima, Boden und \u00d6kosysteme gesch\u00fctzt, die Chancengerechtigkeit und gesellschaftliche Teilhabe aller erm\u00f6glicht, eine ausgewogene Medienvielfalt gef\u00f6rdert und Dokumentarfilme, mit einem Bezug zu diesen Themen, unterst\u00fctzt werden.<\/p>\n\n\n\n<p>Wir setzen auf einen systemischen Programmansatz, die Nutzung von Synergien und eine interdisziplin\u00e4re Arbeitsweise, damit nicht nur Symptome gelindert, sondern auch die Ursachen von gesellschaftlichen Herausforderungen angegangen werden.<\/p>\n\n\n\n<p><strong>F\u00f6rderantrag f\u00fcr den Bereich Medien<\/strong><\/p>\n\n\n\n<p>Gesuche im Bereich Medien werden nur auf Einladung der Volkart Stiftung entgegengenommen. Bei Einladung zur Einreichung eines Gesuchs werden die Gesuche von der Fachkommission Medien gepr\u00fcft, die rund drei Mal j\u00e4hrlich tagt.<\/p>\n\n\n\n<p>Bei Fragen wenden Sie sich bitte an <a href=\"&#109;&#97;&#x69;&#x6c;&#116;&#111;&#x3a;&#x6a;&#117;&#100;&#x69;&#x74;&#104;&#46;&#x73;&#x63;&#104;&#108;&#x61;&#x65;&#112;&#102;&#x65;&#x72;&#64;&#118;&#x6f;&#x6c;&#107;&#97;&#x72;&#x74;&#46;&#99;&#x68;\">Judith Schl\u00e4pfer<\/a>.<\/p>\n\n\n\n<p><strong>Was wir nicht f\u00f6rdern:<\/strong><\/p>\n\n\n\n<ul class=\"wp-block-list\">\n<li>Anliegen, die nicht direkt zu den oben genannten Schwerpunktthemen und in die Gesamtstrategie der Volkart Stiftung passen<\/li>\n\n\n\n<li>Individuelle F\u00f6rderung von Journalist*innen, wie Ausbildungen oder Stipendien<\/li>\n\n\n\n<li>Medienp\u00e4dagogische Projekte (ausser im Bereich der Bildkompetenz)<\/li>\n\n\n\n<li>Projekte mit einem \u00fcberwiegend gewinnorientierten Hintergrund<\/li>\n\n\n\n<li>Wissenschaftliche Forschung<\/li>\n\n\n\n<li>Publikationen und Ausstellungen<\/li>\n\n\n\n<li>Auszeichnungen und Preise<\/li>\n\n\n\n<li>Tagungen und Kongresse<\/li>\n<\/ul>\n","protected":false},"excerpt":{"rendered":"<p>Die Volkart Stiftung f\u00f6rdert Projekte und Initiativen in den Bereichen \u00d6kologie, Soziales, Medien und Dokumentarfilm. Mit unserem Engagement m\u00f6chten wir dazu beitragen, dass Klima, Boden und \u00d6kosysteme gesch\u00fctzt, die Chancengerechtigkeit und gesellschaftliche Teilhabe aller erm\u00f6glicht, eine ausgewogene Medienvielfalt gef\u00f6rdert und Dokumentarfilme, mit einem Bezug zu diesen Themen, unterst\u00fctzt werden. Wir setzen auf einen systemischen Programmansatz, [&hellip;]<\/p>\n","protected":false},"author":8,"featured_media":0,"parent":1796,"menu_order":0,"comment_status":"closed","ping_status":"closed","template":"","meta":{"_acf_changed":false,"footnotes":""},"class_list":["post-1812","page","type-page","status-publish","hentry"],"acf":[],"yoast_head":"<!-- This site is optimized with the Yoast SEO plugin v25.3 - https:\/\/yoast.com\/wordpress\/plugins\/seo\/ -->\n<title>Medien - Volkart<\/title>\n<meta name=\"robots\" content=\"index, follow, max-snippet:-1, max-image-preview:large, max-video-preview:-1\" \/>\n<link rel=\"canonical\" href=\"https:\/\/staging.volkart.ch\/de\/foerderantrag\/medien-2\/\" \/>\n<meta property=\"og:locale\" content=\"de_DE\" \/>\n<meta property=\"og:type\" content=\"article\" \/>\n<meta property=\"og:title\" content=\"Medien - Volkart\" \/>\n<meta property=\"og:description\" content=\"Die Volkart Stiftung f\u00f6rdert Projekte und Initiativen in den Bereichen \u00d6kologie, Soziales, Medien und Dokumentarfilm. Mit unserem Engagement m\u00f6chten wir dazu beitragen, dass Klima, Boden und \u00d6kosysteme gesch\u00fctzt, die Chancengerechtigkeit und gesellschaftliche Teilhabe aller erm\u00f6glicht, eine ausgewogene Medienvielfalt gef\u00f6rdert und Dokumentarfilme, mit einem Bezug zu diesen Themen, unterst\u00fctzt werden. Wir setzen auf einen systemischen Programmansatz, [&hellip;]\" \/>\n<meta property=\"og:url\" content=\"https:\/\/staging.volkart.ch\/de\/foerderantrag\/medien-2\/\" \/>\n<meta property=\"og:site_name\" content=\"Volkart\" \/>\n<meta property=\"article:modified_time\" content=\"2025-01-14T11:02:23+00:00\" \/>\n<meta name=\"twitter:card\" content=\"summary_large_image\" \/>\n<meta name=\"twitter:label1\" content=\"Gesch\u00e4tzte Lesezeit\" \/>\n\t<meta name=\"twitter:data1\" content=\"1\u00a0Minute\" \/>\n<script type=\"application\/ld+json\" class=\"yoast-schema-graph\">{\"@context\":\"https:\/\/schema.org\",\"@graph\":[{\"@type\":\"WebPage\",\"@id\":\"https:\/\/staging.volkart.ch\/de\/foerderantrag\/medien-2\/\",\"url\":\"https:\/\/staging.volkart.ch\/de\/foerderantrag\/medien-2\/\",\"name\":\"Medien - Volkart\",\"isPartOf\":{\"@id\":\"https:\/\/staging.volkart.ch\/de\/#website\"},\"datePublished\":\"2024-02-13T14:43:40+00:00\",\"dateModified\":\"2025-01-14T11:02:23+00:00\",\"breadcrumb\":{\"@id\":\"https:\/\/staging.volkart.ch\/de\/foerderantrag\/medien-2\/#breadcrumb\"},\"inLanguage\":\"de\",\"potentialAction\":[{\"@type\":\"ReadAction\",\"target\":[\"https:\/\/staging.volkart.ch\/de\/foerderantrag\/medien-2\/\"]}]},{\"@type\":\"BreadcrumbList\",\"@id\":\"https:\/\/staging.volkart.ch\/de\/foerderantrag\/medien-2\/#breadcrumb\",\"itemListElement\":[{\"@type\":\"ListItem\",\"position\":1,\"name\":\"Startseite\",\"item\":\"https:\/\/staging.volkart.ch\/de\/\"},{\"@type\":\"ListItem\",\"position\":2,\"name\":\"F\u00f6rderantrag\",\"item\":\"https:\/\/staging.volkart.ch\/de\/foerderantrag\/\"},{\"@type\":\"ListItem\",\"position\":3,\"name\":\"Medien\"}]},{\"@type\":\"WebSite\",\"@id\":\"https:\/\/staging.volkart.ch\/de\/#website\",\"url\":\"https:\/\/staging.volkart.ch\/de\/\",\"name\":\"Volkart\",\"description\":\"Eine weitere WordPress-Website\",\"publisher\":{\"@id\":\"https:\/\/staging.volkart.ch\/de\/#organization\"},\"potentialAction\":[{\"@type\":\"SearchAction\",\"target\":{\"@type\":\"EntryPoint\",\"urlTemplate\":\"https:\/\/staging.volkart.ch\/de\/?s={search_term_string}\"},\"query-input\":{\"@type\":\"PropertyValueSpecification\",\"valueRequired\":true,\"valueName\":\"search_term_string\"}}],\"inLanguage\":\"de\"},{\"@type\":\"Organization\",\"@id\":\"https:\/\/staging.volkart.ch\/de\/#organization\",\"name\":\"Volkart Stiftung\",\"url\":\"https:\/\/staging.volkart.ch\/de\/\",\"logo\":{\"@type\":\"ImageObject\",\"inLanguage\":\"de\",\"@id\":\"https:\/\/staging.volkart.ch\/de\/#\/schema\/logo\/image\/\",\"url\":\"https:\/\/staging.volkart.ch\/wp-content\/uploads\/2022\/07\/volkart-logo-1.png\",\"contentUrl\":\"https:\/\/staging.volkart.ch\/wp-content\/uploads\/2022\/07\/volkart-logo-1.png\",\"width\":880,\"height\":200,\"caption\":\"Volkart Stiftung\"},\"image\":{\"@id\":\"https:\/\/staging.volkart.ch\/de\/#\/schema\/logo\/image\/\"}}]}<\/script>\n<!-- \/ Yoast SEO plugin. -->","yoast_head_json":{"title":"Medien - Volkart","robots":{"index":"index","follow":"follow","max-snippet":"max-snippet:-1","max-image-preview":"max-image-preview:large","max-video-preview":"max-video-preview:-1"},"canonical":"https:\/\/staging.volkart.ch\/de\/foerderantrag\/medien-2\/","og_locale":"de_DE","og_type":"article","og_title":"Medien - Volkart","og_description":"Die Volkart Stiftung f\u00f6rdert Projekte und Initiativen in den Bereichen \u00d6kologie, Soziales, Medien und Dokumentarfilm. Mit unserem Engagement m\u00f6chten wir dazu beitragen, dass Klima, Boden und \u00d6kosysteme gesch\u00fctzt, die Chancengerechtigkeit und gesellschaftliche Teilhabe aller erm\u00f6glicht, eine ausgewogene Medienvielfalt gef\u00f6rdert und Dokumentarfilme, mit einem Bezug zu diesen Themen, unterst\u00fctzt werden. Wir setzen auf einen systemischen Programmansatz, [&hellip;]","og_url":"https:\/\/staging.volkart.ch\/de\/foerderantrag\/medien-2\/","og_site_name":"Volkart","article_modified_time":"2025-01-14T11:02:23+00:00","twitter_card":"summary_large_image","twitter_misc":{"Gesch\u00e4tzte Lesezeit":"1\u00a0Minute"},"schema":{"@context":"https:\/\/schema.org","@graph":[{"@type":"WebPage","@id":"https:\/\/staging.volkart.ch\/de\/foerderantrag\/medien-2\/","url":"https:\/\/staging.volkart.ch\/de\/foerderantrag\/medien-2\/","name":"Medien - Volkart","isPartOf":{"@id":"https:\/\/staging.volkart.ch\/de\/#website"},"datePublished":"2024-02-13T14:43:40+00:00","dateModified":"2025-01-14T11:02:23+00:00","breadcrumb":{"@id":"https:\/\/staging.volkart.ch\/de\/foerderantrag\/medien-2\/#breadcrumb"},"inLanguage":"de","potentialAction":[{"@type":"ReadAction","target":["https:\/\/staging.volkart.ch\/de\/foerderantrag\/medien-2\/"]}]},{"@type":"BreadcrumbList","@id":"https:\/\/staging.volkart.ch\/de\/foerderantrag\/medien-2\/#breadcrumb","itemListElement":[{"@type":"ListItem","position":1,"name":"Startseite","item":"https:\/\/staging.volkart.ch\/de\/"},{"@type":"ListItem","position":2,"name":"F\u00f6rderantrag","item":"https:\/\/staging.volkart.ch\/de\/foerderantrag\/"},{"@type":"ListItem","position":3,"name":"Medien"}]},{"@type":"WebSite","@id":"https:\/\/staging.volkart.ch\/de\/#website","url":"https:\/\/staging.volkart.ch\/de\/","name":"Volkart","description":"Eine weitere WordPress-Website","publisher":{"@id":"https:\/\/staging.volkart.ch\/de\/#organization"},"potentialAction":[{"@type":"SearchAction","target":{"@type":"EntryPoint","urlTemplate":"https:\/\/staging.volkart.ch\/de\/?s={search_term_string}"},"query-input":{"@type":"PropertyValueSpecification","valueRequired":true,"valueName":"search_term_string"}}],"inLanguage":"de"},{"@type":"Organization","@id":"https:\/\/staging.volkart.ch\/de\/#organization","name":"Volkart Stiftung","url":"https:\/\/staging.volkart.ch\/de\/","logo":{"@type":"ImageObject","inLanguage":"de","@id":"https:\/\/staging.volkart.ch\/de\/#\/schema\/logo\/image\/","url":"https:\/\/staging.volkart.ch\/wp-content\/uploads\/2022\/07\/volkart-logo-1.png","contentUrl":"https:\/\/staging.volkart.ch\/wp-content\/uploads\/2022\/07\/volkart-logo-1.png","width":880,"height":200,"caption":"Volkart Stiftung"},"image":{"@id":"https:\/\/staging.volkart.ch\/de\/#\/schema\/logo\/image\/"}}]}},"_links":{"self":[{"href":"https:\/\/staging.volkart.ch\/de\/wp-json\/wp\/v2\/pages\/1812","targetHints":{"allow":["GET"]}}],"collection":[{"href":"https:\/\/staging.volkart.ch\/de\/wp-json\/wp\/v2\/pages"}],"about":[{"href":"https:\/\/staging.volkart.ch\/de\/wp-json\/wp\/v2\/types\/page"}],"author":[{"embeddable":true,"href":"https:\/\/staging.volkart.ch\/de\/wp-json\/wp\/v2\/users\/8"}],"replies":[{"embeddable":true,"href":"https:\/\/staging.volkart.ch\/de\/wp-json\/wp\/v2\/comments?post=1812"}],"version-history":[{"count":6,"href":"https:\/\/staging.volkart.ch\/de\/wp-json\/wp\/v2\/pages\/1812\/revisions"}],"predecessor-version":[{"id":2311,"href":"https:\/\/staging.volkart.ch\/de\/wp-json\/wp\/v2\/pages\/1812\/revisions\/2311"}],"up":[{"embeddable":true,"href":"https:\/\/staging.volkart.ch\/de\/wp-json\/wp\/v2\/pages\/1796"}],"wp:attachment":[{"href":"https:\/\/staging.volkart.ch\/de\/wp-json\/wp\/v2\/media?parent=1812"}],"curies":[{"name":"wp","href":"https:\/\/api.w.org\/{rel}","templated":true}]}}