{"id":1808,"date":"2024-02-13T15:42:05","date_gmt":"2024-02-13T14:42:05","guid":{"rendered":"https:\/\/www.volkart.ch\/?page_id=1808"},"modified":"2025-01-14T12:01:52","modified_gmt":"2025-01-14T11:01:52","slug":"dokumentarfilm-4","status":"publish","type":"page","link":"https:\/\/staging.volkart.ch\/de\/foerderantrag\/dokumentarfilm-4\/","title":{"rendered":"Dokumentarfilm"},"content":{"rendered":"\n<p>Die Volkart Stiftung f\u00f6rdert Projekte und Initiativen in den Bereichen \u00d6kologie, Soziales, Medien und Dokumentarfilm. Mit unserem Engagement m\u00f6chten wir dazu beitragen, dass Klima, Boden und \u00d6kosysteme gesch\u00fctzt, die Chancengerechtigkeit und gesellschaftliche Teilhabe aller erm\u00f6glicht, eine ausgewogene Medienvielfalt gef\u00f6rdert und Dokumentarfilme, mit einem Bezug zu diesen Themen, unterst\u00fctzt werden.<\/p>\n\n\n\n<p>Wir setzen auf einen systemischen Programmansatz, die Nutzung von Synergien und eine interdisziplin\u00e4re Arbeitsweise, damit nicht nur Symptome gelindert, sondern auch die Ursachen von gesellschaftlichen Herausforderungen angegangen werden.<\/p>\n\n\n\n<p><strong>F\u00f6rderantrag f\u00fcr den Bereich Dokumentarfilm<\/strong><\/p>\n\n\n\n<p>Via&nbsp;<a href=\"https:\/\/request-volkart.alphafoundation.app\/\">Onlin<\/a><a href=\"https:\/\/request-volkart.alphafoundation.app\/\" target=\"_blank\" rel=\"noreferrer noopener\">e-Formular<\/a>&nbsp;k\u00f6nnen Sie einen Antrag f\u00fcr die F\u00f6rderung Ihres Dokumentarfilms an die Volkart Stiftung einreichen.<br>Die antragstellende Person (inkl. Verein, Organisation, Firma) muss zwingend ihren Wohnsitz bzw. ihre Niederlassung in der Schweiz haben. Es gen\u00fcgt, wenn ein Koproduzent oder eine Koproduzentin diese Anforderung erf\u00fcllt.<\/p>\n\n\n\n<p>Bei Fragen wenden Sie sich bitte an <a href=\"&#x6d;&#x61;&#x69;&#x6c;&#x74;&#x6f;&#x3a;&#x6e;&#105;&#99;&#108;&#111;&#46;&#115;&#99;hmid&#x74;&#x40;&#x76;&#x6f;&#x6c;&#x6b;&#x61;&#x72;&#x74;&#46;&#99;&#104;\">Niclo Schmidt<\/a>.<\/p>\n\n\n\n<p><strong>Was wir nicht f\u00f6rdern:<\/strong><\/p>\n\n\n\n<ul class=\"wp-block-list\">\n<li>Diplom- und Abschlussfilme<\/li>\n\n\n\n<li>Festivals<\/li>\n\n\n\n<li>die Nachfinanzierung zur Fertigstellung von Filmprojekten<\/li>\n<\/ul>\n\n\n\n<p><\/p>\n\n\n\n<p><\/p>\n","protected":false},"excerpt":{"rendered":"<p>Die Volkart Stiftung f\u00f6rdert Projekte und Initiativen in den Bereichen \u00d6kologie, Soziales, Medien und Dokumentarfilm. Mit unserem Engagement m\u00f6chten wir dazu beitragen, dass Klima, Boden und \u00d6kosysteme gesch\u00fctzt, die Chancengerechtigkeit und gesellschaftliche Teilhabe aller erm\u00f6glicht, eine ausgewogene Medienvielfalt gef\u00f6rdert und Dokumentarfilme, mit einem Bezug zu diesen Themen, unterst\u00fctzt werden. Wir setzen auf einen systemischen Programmansatz, [&hellip;]<\/p>\n","protected":false},"author":8,"featured_media":0,"parent":1796,"menu_order":0,"comment_status":"closed","ping_status":"closed","template":"","meta":{"_acf_changed":false,"footnotes":""},"class_list":["post-1808","page","type-page","status-publish","hentry"],"acf":[],"yoast_head":"<!-- This site is optimized with the Yoast SEO plugin v25.3 - https:\/\/yoast.com\/wordpress\/plugins\/seo\/ -->\n<title>Dokumentarfilm - Volkart<\/title>\n<meta name=\"robots\" content=\"index, follow, max-snippet:-1, max-image-preview:large, max-video-preview:-1\" \/>\n<link rel=\"canonical\" href=\"https:\/\/staging.volkart.ch\/de\/foerderantrag\/dokumentarfilm-4\/\" \/>\n<meta property=\"og:locale\" content=\"de_DE\" \/>\n<meta property=\"og:type\" content=\"article\" \/>\n<meta property=\"og:title\" content=\"Dokumentarfilm - Volkart\" \/>\n<meta property=\"og:description\" content=\"Die Volkart Stiftung f\u00f6rdert Projekte und Initiativen in den Bereichen \u00d6kologie, Soziales, Medien und Dokumentarfilm. Mit unserem Engagement m\u00f6chten wir dazu beitragen, dass Klima, Boden und \u00d6kosysteme gesch\u00fctzt, die Chancengerechtigkeit und gesellschaftliche Teilhabe aller erm\u00f6glicht, eine ausgewogene Medienvielfalt gef\u00f6rdert und Dokumentarfilme, mit einem Bezug zu diesen Themen, unterst\u00fctzt werden. Wir setzen auf einen systemischen Programmansatz, [&hellip;]\" \/>\n<meta property=\"og:url\" content=\"https:\/\/staging.volkart.ch\/de\/foerderantrag\/dokumentarfilm-4\/\" \/>\n<meta property=\"og:site_name\" content=\"Volkart\" \/>\n<meta property=\"article:modified_time\" content=\"2025-01-14T11:01:52+00:00\" \/>\n<meta name=\"twitter:card\" content=\"summary_large_image\" \/>\n<meta name=\"twitter:label1\" content=\"Gesch\u00e4tzte Lesezeit\" \/>\n\t<meta name=\"twitter:data1\" content=\"1\u00a0Minute\" \/>\n<script type=\"application\/ld+json\" class=\"yoast-schema-graph\">{\"@context\":\"https:\/\/schema.org\",\"@graph\":[{\"@type\":\"WebPage\",\"@id\":\"https:\/\/staging.volkart.ch\/de\/foerderantrag\/dokumentarfilm-4\/\",\"url\":\"https:\/\/staging.volkart.ch\/de\/foerderantrag\/dokumentarfilm-4\/\",\"name\":\"Dokumentarfilm - Volkart\",\"isPartOf\":{\"@id\":\"https:\/\/staging.volkart.ch\/de\/#website\"},\"datePublished\":\"2024-02-13T14:42:05+00:00\",\"dateModified\":\"2025-01-14T11:01:52+00:00\",\"breadcrumb\":{\"@id\":\"https:\/\/staging.volkart.ch\/de\/foerderantrag\/dokumentarfilm-4\/#breadcrumb\"},\"inLanguage\":\"de\",\"potentialAction\":[{\"@type\":\"ReadAction\",\"target\":[\"https:\/\/staging.volkart.ch\/de\/foerderantrag\/dokumentarfilm-4\/\"]}]},{\"@type\":\"BreadcrumbList\",\"@id\":\"https:\/\/staging.volkart.ch\/de\/foerderantrag\/dokumentarfilm-4\/#breadcrumb\",\"itemListElement\":[{\"@type\":\"ListItem\",\"position\":1,\"name\":\"Startseite\",\"item\":\"https:\/\/staging.volkart.ch\/de\/\"},{\"@type\":\"ListItem\",\"position\":2,\"name\":\"F\u00f6rderantrag\",\"item\":\"https:\/\/staging.volkart.ch\/de\/foerderantrag\/\"},{\"@type\":\"ListItem\",\"position\":3,\"name\":\"Dokumentarfilm\"}]},{\"@type\":\"WebSite\",\"@id\":\"https:\/\/staging.volkart.ch\/de\/#website\",\"url\":\"https:\/\/staging.volkart.ch\/de\/\",\"name\":\"Volkart\",\"description\":\"Eine weitere WordPress-Website\",\"publisher\":{\"@id\":\"https:\/\/staging.volkart.ch\/de\/#organization\"},\"potentialAction\":[{\"@type\":\"SearchAction\",\"target\":{\"@type\":\"EntryPoint\",\"urlTemplate\":\"https:\/\/staging.volkart.ch\/de\/?s={search_term_string}\"},\"query-input\":{\"@type\":\"PropertyValueSpecification\",\"valueRequired\":true,\"valueName\":\"search_term_string\"}}],\"inLanguage\":\"de\"},{\"@type\":\"Organization\",\"@id\":\"https:\/\/staging.volkart.ch\/de\/#organization\",\"name\":\"Volkart Stiftung\",\"url\":\"https:\/\/staging.volkart.ch\/de\/\",\"logo\":{\"@type\":\"ImageObject\",\"inLanguage\":\"de\",\"@id\":\"https:\/\/staging.volkart.ch\/de\/#\/schema\/logo\/image\/\",\"url\":\"https:\/\/staging.volkart.ch\/wp-content\/uploads\/2022\/07\/volkart-logo-1.png\",\"contentUrl\":\"https:\/\/staging.volkart.ch\/wp-content\/uploads\/2022\/07\/volkart-logo-1.png\",\"width\":880,\"height\":200,\"caption\":\"Volkart Stiftung\"},\"image\":{\"@id\":\"https:\/\/staging.volkart.ch\/de\/#\/schema\/logo\/image\/\"}}]}<\/script>\n<!-- \/ Yoast SEO plugin. -->","yoast_head_json":{"title":"Dokumentarfilm - Volkart","robots":{"index":"index","follow":"follow","max-snippet":"max-snippet:-1","max-image-preview":"max-image-preview:large","max-video-preview":"max-video-preview:-1"},"canonical":"https:\/\/staging.volkart.ch\/de\/foerderantrag\/dokumentarfilm-4\/","og_locale":"de_DE","og_type":"article","og_title":"Dokumentarfilm - Volkart","og_description":"Die Volkart Stiftung f\u00f6rdert Projekte und Initiativen in den Bereichen \u00d6kologie, Soziales, Medien und Dokumentarfilm. Mit unserem Engagement m\u00f6chten wir dazu beitragen, dass Klima, Boden und \u00d6kosysteme gesch\u00fctzt, die Chancengerechtigkeit und gesellschaftliche Teilhabe aller erm\u00f6glicht, eine ausgewogene Medienvielfalt gef\u00f6rdert und Dokumentarfilme, mit einem Bezug zu diesen Themen, unterst\u00fctzt werden. Wir setzen auf einen systemischen Programmansatz, [&hellip;]","og_url":"https:\/\/staging.volkart.ch\/de\/foerderantrag\/dokumentarfilm-4\/","og_site_name":"Volkart","article_modified_time":"2025-01-14T11:01:52+00:00","twitter_card":"summary_large_image","twitter_misc":{"Gesch\u00e4tzte Lesezeit":"1\u00a0Minute"},"schema":{"@context":"https:\/\/schema.org","@graph":[{"@type":"WebPage","@id":"https:\/\/staging.volkart.ch\/de\/foerderantrag\/dokumentarfilm-4\/","url":"https:\/\/staging.volkart.ch\/de\/foerderantrag\/dokumentarfilm-4\/","name":"Dokumentarfilm - Volkart","isPartOf":{"@id":"https:\/\/staging.volkart.ch\/de\/#website"},"datePublished":"2024-02-13T14:42:05+00:00","dateModified":"2025-01-14T11:01:52+00:00","breadcrumb":{"@id":"https:\/\/staging.volkart.ch\/de\/foerderantrag\/dokumentarfilm-4\/#breadcrumb"},"inLanguage":"de","potentialAction":[{"@type":"ReadAction","target":["https:\/\/staging.volkart.ch\/de\/foerderantrag\/dokumentarfilm-4\/"]}]},{"@type":"BreadcrumbList","@id":"https:\/\/staging.volkart.ch\/de\/foerderantrag\/dokumentarfilm-4\/#breadcrumb","itemListElement":[{"@type":"ListItem","position":1,"name":"Startseite","item":"https:\/\/staging.volkart.ch\/de\/"},{"@type":"ListItem","position":2,"name":"F\u00f6rderantrag","item":"https:\/\/staging.volkart.ch\/de\/foerderantrag\/"},{"@type":"ListItem","position":3,"name":"Dokumentarfilm"}]},{"@type":"WebSite","@id":"https:\/\/staging.volkart.ch\/de\/#website","url":"https:\/\/staging.volkart.ch\/de\/","name":"Volkart","description":"Eine weitere WordPress-Website","publisher":{"@id":"https:\/\/staging.volkart.ch\/de\/#organization"},"potentialAction":[{"@type":"SearchAction","target":{"@type":"EntryPoint","urlTemplate":"https:\/\/staging.volkart.ch\/de\/?s={search_term_string}"},"query-input":{"@type":"PropertyValueSpecification","valueRequired":true,"valueName":"search_term_string"}}],"inLanguage":"de"},{"@type":"Organization","@id":"https:\/\/staging.volkart.ch\/de\/#organization","name":"Volkart Stiftung","url":"https:\/\/staging.volkart.ch\/de\/","logo":{"@type":"ImageObject","inLanguage":"de","@id":"https:\/\/staging.volkart.ch\/de\/#\/schema\/logo\/image\/","url":"https:\/\/staging.volkart.ch\/wp-content\/uploads\/2022\/07\/volkart-logo-1.png","contentUrl":"https:\/\/staging.volkart.ch\/wp-content\/uploads\/2022\/07\/volkart-logo-1.png","width":880,"height":200,"caption":"Volkart Stiftung"},"image":{"@id":"https:\/\/staging.volkart.ch\/de\/#\/schema\/logo\/image\/"}}]}},"_links":{"self":[{"href":"https:\/\/staging.volkart.ch\/de\/wp-json\/wp\/v2\/pages\/1808","targetHints":{"allow":["GET"]}}],"collection":[{"href":"https:\/\/staging.volkart.ch\/de\/wp-json\/wp\/v2\/pages"}],"about":[{"href":"https:\/\/staging.volkart.ch\/de\/wp-json\/wp\/v2\/types\/page"}],"author":[{"embeddable":true,"href":"https:\/\/staging.volkart.ch\/de\/wp-json\/wp\/v2\/users\/8"}],"replies":[{"embeddable":true,"href":"https:\/\/staging.volkart.ch\/de\/wp-json\/wp\/v2\/comments?post=1808"}],"version-history":[{"count":11,"href":"https:\/\/staging.volkart.ch\/de\/wp-json\/wp\/v2\/pages\/1808\/revisions"}],"predecessor-version":[{"id":2310,"href":"https:\/\/staging.volkart.ch\/de\/wp-json\/wp\/v2\/pages\/1808\/revisions\/2310"}],"up":[{"embeddable":true,"href":"https:\/\/staging.volkart.ch\/de\/wp-json\/wp\/v2\/pages\/1796"}],"wp:attachment":[{"href":"https:\/\/staging.volkart.ch\/de\/wp-json\/wp\/v2\/media?parent=1808"}],"curies":[{"name":"wp","href":"https:\/\/api.w.org\/{rel}","templated":true}]}}