{"id":1796,"date":"2024-02-13T15:34:38","date_gmt":"2024-02-13T14:34:38","guid":{"rendered":"https:\/\/www.volkart.ch\/?page_id=1796"},"modified":"2024-11-12T15:11:19","modified_gmt":"2024-11-12T14:11:19","slug":"foerderantrag","status":"publish","type":"page","link":"https:\/\/staging.volkart.ch\/de\/foerderantrag\/","title":{"rendered":"F\u00f6rderantrag"},"content":{"rendered":"\n<h1 class=\"wp-block-heading\"><\/h1>\n\n\n\n<p>Die Volkart Stiftung f\u00f6rdert Projekte und Initiativen in den Bereichen \u00d6kologie, Soziales, Medien und Dokumentarfilm. Mit unserem Engagement m\u00f6chten wir dazu beitragen, dass Klima, Boden und \u00d6kosysteme gesch\u00fctzt, die Chancengerechtigkeit und gesellschaftliche Teilhabe aller erm\u00f6glicht, eine ausgewogene Medienvielfalt gef\u00f6rdert und Dokumentarfilme, mit einem Bezug zu diesen Themen, unterst\u00fctzt werden.<\/p>\n\n\n\n<p>Wir setzen auf einen systemischen Programmansatz, die Nutzung von Synergien und eine interdisziplin\u00e4re Arbeitsweise, damit nicht nur Symptome gelindert, sondern auch die Ursachen von gesellschaftlichen Herausforderungen angegangen werden.<\/p>\n\n\n\n<p><\/p>\n","protected":false},"excerpt":{"rendered":"<p>Die Volkart Stiftung f\u00f6rdert Projekte und Initiativen in den Bereichen \u00d6kologie, Soziales, Medien und Dokumentarfilm. Mit unserem Engagement m\u00f6chten wir dazu beitragen, dass Klima, Boden und \u00d6kosysteme gesch\u00fctzt, die Chancengerechtigkeit und gesellschaftliche Teilhabe aller erm\u00f6glicht, eine ausgewogene Medienvielfalt gef\u00f6rdert und Dokumentarfilme, mit einem Bezug zu diesen Themen, unterst\u00fctzt werden. Wir setzen auf einen systemischen Programmansatz, [&hellip;]<\/p>\n","protected":false},"author":8,"featured_media":0,"parent":0,"menu_order":0,"comment_status":"closed","ping_status":"closed","template":"","meta":{"_acf_changed":false,"footnotes":""},"class_list":["post-1796","page","type-page","status-publish","hentry"],"acf":[],"yoast_head":"<!-- This site is optimized with the Yoast SEO plugin v25.3 - https:\/\/yoast.com\/wordpress\/plugins\/seo\/ -->\n<title>F\u00f6rderantrag - Volkart<\/title>\n<meta name=\"robots\" content=\"index, follow, max-snippet:-1, max-image-preview:large, max-video-preview:-1\" \/>\n<link rel=\"canonical\" href=\"https:\/\/staging.volkart.ch\/de\/foerderantrag\/\" \/>\n<meta property=\"og:locale\" content=\"de_DE\" \/>\n<meta property=\"og:type\" content=\"article\" \/>\n<meta property=\"og:title\" content=\"F\u00f6rderantrag - Volkart\" \/>\n<meta property=\"og:description\" content=\"Die Volkart Stiftung f\u00f6rdert Projekte und Initiativen in den Bereichen \u00d6kologie, Soziales, Medien und Dokumentarfilm. Mit unserem Engagement m\u00f6chten wir dazu beitragen, dass Klima, Boden und \u00d6kosysteme gesch\u00fctzt, die Chancengerechtigkeit und gesellschaftliche Teilhabe aller erm\u00f6glicht, eine ausgewogene Medienvielfalt gef\u00f6rdert und Dokumentarfilme, mit einem Bezug zu diesen Themen, unterst\u00fctzt werden. Wir setzen auf einen systemischen Programmansatz, [&hellip;]\" \/>\n<meta property=\"og:url\" content=\"https:\/\/staging.volkart.ch\/de\/foerderantrag\/\" \/>\n<meta property=\"og:site_name\" content=\"Volkart\" \/>\n<meta property=\"article:modified_time\" content=\"2024-11-12T14:11:19+00:00\" \/>\n<meta name=\"twitter:card\" content=\"summary_large_image\" \/>\n<meta name=\"twitter:label1\" content=\"Gesch\u00e4tzte Lesezeit\" \/>\n\t<meta name=\"twitter:data1\" content=\"1\u00a0Minute\" \/>\n<script type=\"application\/ld+json\" class=\"yoast-schema-graph\">{\"@context\":\"https:\/\/schema.org\",\"@graph\":[{\"@type\":\"WebPage\",\"@id\":\"https:\/\/staging.volkart.ch\/de\/foerderantrag\/\",\"url\":\"https:\/\/staging.volkart.ch\/de\/foerderantrag\/\",\"name\":\"F\u00f6rderantrag - Volkart\",\"isPartOf\":{\"@id\":\"https:\/\/staging.volkart.ch\/de\/#website\"},\"datePublished\":\"2024-02-13T14:34:38+00:00\",\"dateModified\":\"2024-11-12T14:11:19+00:00\",\"breadcrumb\":{\"@id\":\"https:\/\/staging.volkart.ch\/de\/foerderantrag\/#breadcrumb\"},\"inLanguage\":\"de\",\"potentialAction\":[{\"@type\":\"ReadAction\",\"target\":[\"https:\/\/staging.volkart.ch\/de\/foerderantrag\/\"]}]},{\"@type\":\"BreadcrumbList\",\"@id\":\"https:\/\/staging.volkart.ch\/de\/foerderantrag\/#breadcrumb\",\"itemListElement\":[{\"@type\":\"ListItem\",\"position\":1,\"name\":\"Startseite\",\"item\":\"https:\/\/staging.volkart.ch\/de\/\"},{\"@type\":\"ListItem\",\"position\":2,\"name\":\"F\u00f6rderantrag\"}]},{\"@type\":\"WebSite\",\"@id\":\"https:\/\/staging.volkart.ch\/de\/#website\",\"url\":\"https:\/\/staging.volkart.ch\/de\/\",\"name\":\"Volkart\",\"description\":\"Eine weitere WordPress-Website\",\"publisher\":{\"@id\":\"https:\/\/staging.volkart.ch\/de\/#organization\"},\"potentialAction\":[{\"@type\":\"SearchAction\",\"target\":{\"@type\":\"EntryPoint\",\"urlTemplate\":\"https:\/\/staging.volkart.ch\/de\/?s={search_term_string}\"},\"query-input\":{\"@type\":\"PropertyValueSpecification\",\"valueRequired\":true,\"valueName\":\"search_term_string\"}}],\"inLanguage\":\"de\"},{\"@type\":\"Organization\",\"@id\":\"https:\/\/staging.volkart.ch\/de\/#organization\",\"name\":\"Volkart Stiftung\",\"url\":\"https:\/\/staging.volkart.ch\/de\/\",\"logo\":{\"@type\":\"ImageObject\",\"inLanguage\":\"de\",\"@id\":\"https:\/\/staging.volkart.ch\/de\/#\/schema\/logo\/image\/\",\"url\":\"https:\/\/staging.volkart.ch\/wp-content\/uploads\/2022\/07\/volkart-logo-1.png\",\"contentUrl\":\"https:\/\/staging.volkart.ch\/wp-content\/uploads\/2022\/07\/volkart-logo-1.png\",\"width\":880,\"height\":200,\"caption\":\"Volkart Stiftung\"},\"image\":{\"@id\":\"https:\/\/staging.volkart.ch\/de\/#\/schema\/logo\/image\/\"}}]}<\/script>\n<!-- \/ Yoast SEO plugin. -->","yoast_head_json":{"title":"F\u00f6rderantrag - Volkart","robots":{"index":"index","follow":"follow","max-snippet":"max-snippet:-1","max-image-preview":"max-image-preview:large","max-video-preview":"max-video-preview:-1"},"canonical":"https:\/\/staging.volkart.ch\/de\/foerderantrag\/","og_locale":"de_DE","og_type":"article","og_title":"F\u00f6rderantrag - Volkart","og_description":"Die Volkart Stiftung f\u00f6rdert Projekte und Initiativen in den Bereichen \u00d6kologie, Soziales, Medien und Dokumentarfilm. Mit unserem Engagement m\u00f6chten wir dazu beitragen, dass Klima, Boden und \u00d6kosysteme gesch\u00fctzt, die Chancengerechtigkeit und gesellschaftliche Teilhabe aller erm\u00f6glicht, eine ausgewogene Medienvielfalt gef\u00f6rdert und Dokumentarfilme, mit einem Bezug zu diesen Themen, unterst\u00fctzt werden. Wir setzen auf einen systemischen Programmansatz, [&hellip;]","og_url":"https:\/\/staging.volkart.ch\/de\/foerderantrag\/","og_site_name":"Volkart","article_modified_time":"2024-11-12T14:11:19+00:00","twitter_card":"summary_large_image","twitter_misc":{"Gesch\u00e4tzte Lesezeit":"1\u00a0Minute"},"schema":{"@context":"https:\/\/schema.org","@graph":[{"@type":"WebPage","@id":"https:\/\/staging.volkart.ch\/de\/foerderantrag\/","url":"https:\/\/staging.volkart.ch\/de\/foerderantrag\/","name":"F\u00f6rderantrag - Volkart","isPartOf":{"@id":"https:\/\/staging.volkart.ch\/de\/#website"},"datePublished":"2024-02-13T14:34:38+00:00","dateModified":"2024-11-12T14:11:19+00:00","breadcrumb":{"@id":"https:\/\/staging.volkart.ch\/de\/foerderantrag\/#breadcrumb"},"inLanguage":"de","potentialAction":[{"@type":"ReadAction","target":["https:\/\/staging.volkart.ch\/de\/foerderantrag\/"]}]},{"@type":"BreadcrumbList","@id":"https:\/\/staging.volkart.ch\/de\/foerderantrag\/#breadcrumb","itemListElement":[{"@type":"ListItem","position":1,"name":"Startseite","item":"https:\/\/staging.volkart.ch\/de\/"},{"@type":"ListItem","position":2,"name":"F\u00f6rderantrag"}]},{"@type":"WebSite","@id":"https:\/\/staging.volkart.ch\/de\/#website","url":"https:\/\/staging.volkart.ch\/de\/","name":"Volkart","description":"Eine weitere WordPress-Website","publisher":{"@id":"https:\/\/staging.volkart.ch\/de\/#organization"},"potentialAction":[{"@type":"SearchAction","target":{"@type":"EntryPoint","urlTemplate":"https:\/\/staging.volkart.ch\/de\/?s={search_term_string}"},"query-input":{"@type":"PropertyValueSpecification","valueRequired":true,"valueName":"search_term_string"}}],"inLanguage":"de"},{"@type":"Organization","@id":"https:\/\/staging.volkart.ch\/de\/#organization","name":"Volkart Stiftung","url":"https:\/\/staging.volkart.ch\/de\/","logo":{"@type":"ImageObject","inLanguage":"de","@id":"https:\/\/staging.volkart.ch\/de\/#\/schema\/logo\/image\/","url":"https:\/\/staging.volkart.ch\/wp-content\/uploads\/2022\/07\/volkart-logo-1.png","contentUrl":"https:\/\/staging.volkart.ch\/wp-content\/uploads\/2022\/07\/volkart-logo-1.png","width":880,"height":200,"caption":"Volkart Stiftung"},"image":{"@id":"https:\/\/staging.volkart.ch\/de\/#\/schema\/logo\/image\/"}}]}},"_links":{"self":[{"href":"https:\/\/staging.volkart.ch\/de\/wp-json\/wp\/v2\/pages\/1796","targetHints":{"allow":["GET"]}}],"collection":[{"href":"https:\/\/staging.volkart.ch\/de\/wp-json\/wp\/v2\/pages"}],"about":[{"href":"https:\/\/staging.volkart.ch\/de\/wp-json\/wp\/v2\/types\/page"}],"author":[{"embeddable":true,"href":"https:\/\/staging.volkart.ch\/de\/wp-json\/wp\/v2\/users\/8"}],"replies":[{"embeddable":true,"href":"https:\/\/staging.volkart.ch\/de\/wp-json\/wp\/v2\/comments?post=1796"}],"version-history":[{"count":3,"href":"https:\/\/staging.volkart.ch\/de\/wp-json\/wp\/v2\/pages\/1796\/revisions"}],"predecessor-version":[{"id":1802,"href":"https:\/\/staging.volkart.ch\/de\/wp-json\/wp\/v2\/pages\/1796\/revisions\/1802"}],"wp:attachment":[{"href":"https:\/\/staging.volkart.ch\/de\/wp-json\/wp\/v2\/media?parent=1796"}],"curies":[{"name":"wp","href":"https:\/\/api.w.org\/{rel}","templated":true}]}}