{"id":17,"date":"2022-04-20T11:51:45","date_gmt":"2022-04-20T09:51:45","guid":{"rendered":"https:\/\/volkart.ddev.site\/?page_id=17"},"modified":"2024-07-09T16:04:36","modified_gmt":"2024-07-09T14:04:36","slug":"foerderprojekte","status":"publish","type":"page","link":"https:\/\/staging.volkart.ch\/de\/foerderprojekte\/","title":{"rendered":"F\u00f6rderprojekte"},"content":{"rendered":"\n<p>Im Folgenden finden Sie eine Auswahl an Projekten aus den Bereichen Dokumentarfilm, Medien, \u00d6kologie und Soziales, die entweder derzeit oder in der Vergangenheit von der Volkart Stiftung gef\u00f6rdert wurden.<\/p>\n\n\n\n<p>Diese Liste wird kontinuierlich um weitere Projekte und Initiativen erg\u00e4nzt.<\/p>\n","protected":false},"excerpt":{"rendered":"<p>Im Folgenden finden Sie eine Auswahl an Projekten aus den Bereichen Dokumentarfilm, Medien, \u00d6kologie und Soziales, die entweder derzeit oder in der Vergangenheit von der Volkart Stiftung gef\u00f6rdert wurden. Diese Liste wird kontinuierlich um weitere Projekte und Initiativen erg\u00e4nzt.<\/p>\n","protected":false},"author":2,"featured_media":0,"parent":0,"menu_order":0,"comment_status":"closed","ping_status":"closed","template":"","meta":{"_acf_changed":false,"footnotes":""},"class_list":["post-17","page","type-page","status-publish","hentry"],"acf":[],"yoast_head":"<!-- This site is optimized with the Yoast SEO plugin v25.3 - https:\/\/yoast.com\/wordpress\/plugins\/seo\/ -->\n<title>F\u00f6rderprojekte - Volkart<\/title>\n<meta name=\"robots\" content=\"index, follow, max-snippet:-1, max-image-preview:large, max-video-preview:-1\" \/>\n<link rel=\"canonical\" href=\"https:\/\/staging.volkart.ch\/de\/foerderprojekte\/\" \/>\n<meta property=\"og:locale\" content=\"de_DE\" \/>\n<meta property=\"og:type\" content=\"article\" \/>\n<meta property=\"og:title\" content=\"F\u00f6rderprojekte - Volkart\" \/>\n<meta property=\"og:description\" content=\"Im Folgenden finden Sie eine Auswahl an Projekten aus den Bereichen Dokumentarfilm, Medien, \u00d6kologie und Soziales, die entweder derzeit oder in der Vergangenheit von der Volkart Stiftung gef\u00f6rdert wurden. Diese Liste wird kontinuierlich um weitere Projekte und Initiativen erg\u00e4nzt.\" \/>\n<meta property=\"og:url\" content=\"https:\/\/staging.volkart.ch\/de\/foerderprojekte\/\" \/>\n<meta property=\"og:site_name\" content=\"Volkart\" \/>\n<meta property=\"article:modified_time\" content=\"2024-07-09T14:04:36+00:00\" \/>\n<meta name=\"twitter:card\" content=\"summary_large_image\" \/>\n<meta name=\"twitter:label1\" content=\"Gesch\u00e4tzte Lesezeit\" \/>\n\t<meta name=\"twitter:data1\" content=\"1\u00a0Minute\" \/>\n<script type=\"application\/ld+json\" class=\"yoast-schema-graph\">{\"@context\":\"https:\/\/schema.org\",\"@graph\":[{\"@type\":\"WebPage\",\"@id\":\"https:\/\/staging.volkart.ch\/de\/foerderprojekte\/\",\"url\":\"https:\/\/staging.volkart.ch\/de\/foerderprojekte\/\",\"name\":\"F\u00f6rderprojekte - Volkart\",\"isPartOf\":{\"@id\":\"https:\/\/staging.volkart.ch\/de\/#website\"},\"datePublished\":\"2022-04-20T09:51:45+00:00\",\"dateModified\":\"2024-07-09T14:04:36+00:00\",\"breadcrumb\":{\"@id\":\"https:\/\/staging.volkart.ch\/de\/foerderprojekte\/#breadcrumb\"},\"inLanguage\":\"de\",\"potentialAction\":[{\"@type\":\"ReadAction\",\"target\":[\"https:\/\/staging.volkart.ch\/de\/foerderprojekte\/\"]}]},{\"@type\":\"BreadcrumbList\",\"@id\":\"https:\/\/staging.volkart.ch\/de\/foerderprojekte\/#breadcrumb\",\"itemListElement\":[{\"@type\":\"ListItem\",\"position\":1,\"name\":\"Startseite\",\"item\":\"https:\/\/staging.volkart.ch\/de\/\"},{\"@type\":\"ListItem\",\"position\":2,\"name\":\"F\u00f6rderprojekte\"}]},{\"@type\":\"WebSite\",\"@id\":\"https:\/\/staging.volkart.ch\/de\/#website\",\"url\":\"https:\/\/staging.volkart.ch\/de\/\",\"name\":\"Volkart\",\"description\":\"Eine weitere WordPress-Website\",\"publisher\":{\"@id\":\"https:\/\/staging.volkart.ch\/de\/#organization\"},\"potentialAction\":[{\"@type\":\"SearchAction\",\"target\":{\"@type\":\"EntryPoint\",\"urlTemplate\":\"https:\/\/staging.volkart.ch\/de\/?s={search_term_string}\"},\"query-input\":{\"@type\":\"PropertyValueSpecification\",\"valueRequired\":true,\"valueName\":\"search_term_string\"}}],\"inLanguage\":\"de\"},{\"@type\":\"Organization\",\"@id\":\"https:\/\/staging.volkart.ch\/de\/#organization\",\"name\":\"Volkart Stiftung\",\"url\":\"https:\/\/staging.volkart.ch\/de\/\",\"logo\":{\"@type\":\"ImageObject\",\"inLanguage\":\"de\",\"@id\":\"https:\/\/staging.volkart.ch\/de\/#\/schema\/logo\/image\/\",\"url\":\"https:\/\/staging.volkart.ch\/wp-content\/uploads\/2022\/07\/volkart-logo-1.png\",\"contentUrl\":\"https:\/\/staging.volkart.ch\/wp-content\/uploads\/2022\/07\/volkart-logo-1.png\",\"width\":880,\"height\":200,\"caption\":\"Volkart Stiftung\"},\"image\":{\"@id\":\"https:\/\/staging.volkart.ch\/de\/#\/schema\/logo\/image\/\"}}]}<\/script>\n<!-- \/ Yoast SEO plugin. -->","yoast_head_json":{"title":"F\u00f6rderprojekte - Volkart","robots":{"index":"index","follow":"follow","max-snippet":"max-snippet:-1","max-image-preview":"max-image-preview:large","max-video-preview":"max-video-preview:-1"},"canonical":"https:\/\/staging.volkart.ch\/de\/foerderprojekte\/","og_locale":"de_DE","og_type":"article","og_title":"F\u00f6rderprojekte - Volkart","og_description":"Im Folgenden finden Sie eine Auswahl an Projekten aus den Bereichen Dokumentarfilm, Medien, \u00d6kologie und Soziales, die entweder derzeit oder in der Vergangenheit von der Volkart Stiftung gef\u00f6rdert wurden. Diese Liste wird kontinuierlich um weitere Projekte und Initiativen erg\u00e4nzt.","og_url":"https:\/\/staging.volkart.ch\/de\/foerderprojekte\/","og_site_name":"Volkart","article_modified_time":"2024-07-09T14:04:36+00:00","twitter_card":"summary_large_image","twitter_misc":{"Gesch\u00e4tzte Lesezeit":"1\u00a0Minute"},"schema":{"@context":"https:\/\/schema.org","@graph":[{"@type":"WebPage","@id":"https:\/\/staging.volkart.ch\/de\/foerderprojekte\/","url":"https:\/\/staging.volkart.ch\/de\/foerderprojekte\/","name":"F\u00f6rderprojekte - Volkart","isPartOf":{"@id":"https:\/\/staging.volkart.ch\/de\/#website"},"datePublished":"2022-04-20T09:51:45+00:00","dateModified":"2024-07-09T14:04:36+00:00","breadcrumb":{"@id":"https:\/\/staging.volkart.ch\/de\/foerderprojekte\/#breadcrumb"},"inLanguage":"de","potentialAction":[{"@type":"ReadAction","target":["https:\/\/staging.volkart.ch\/de\/foerderprojekte\/"]}]},{"@type":"BreadcrumbList","@id":"https:\/\/staging.volkart.ch\/de\/foerderprojekte\/#breadcrumb","itemListElement":[{"@type":"ListItem","position":1,"name":"Startseite","item":"https:\/\/staging.volkart.ch\/de\/"},{"@type":"ListItem","position":2,"name":"F\u00f6rderprojekte"}]},{"@type":"WebSite","@id":"https:\/\/staging.volkart.ch\/de\/#website","url":"https:\/\/staging.volkart.ch\/de\/","name":"Volkart","description":"Eine weitere WordPress-Website","publisher":{"@id":"https:\/\/staging.volkart.ch\/de\/#organization"},"potentialAction":[{"@type":"SearchAction","target":{"@type":"EntryPoint","urlTemplate":"https:\/\/staging.volkart.ch\/de\/?s={search_term_string}"},"query-input":{"@type":"PropertyValueSpecification","valueRequired":true,"valueName":"search_term_string"}}],"inLanguage":"de"},{"@type":"Organization","@id":"https:\/\/staging.volkart.ch\/de\/#organization","name":"Volkart Stiftung","url":"https:\/\/staging.volkart.ch\/de\/","logo":{"@type":"ImageObject","inLanguage":"de","@id":"https:\/\/staging.volkart.ch\/de\/#\/schema\/logo\/image\/","url":"https:\/\/staging.volkart.ch\/wp-content\/uploads\/2022\/07\/volkart-logo-1.png","contentUrl":"https:\/\/staging.volkart.ch\/wp-content\/uploads\/2022\/07\/volkart-logo-1.png","width":880,"height":200,"caption":"Volkart Stiftung"},"image":{"@id":"https:\/\/staging.volkart.ch\/de\/#\/schema\/logo\/image\/"}}]}},"_links":{"self":[{"href":"https:\/\/staging.volkart.ch\/de\/wp-json\/wp\/v2\/pages\/17","targetHints":{"allow":["GET"]}}],"collection":[{"href":"https:\/\/staging.volkart.ch\/de\/wp-json\/wp\/v2\/pages"}],"about":[{"href":"https:\/\/staging.volkart.ch\/de\/wp-json\/wp\/v2\/types\/page"}],"author":[{"embeddable":true,"href":"https:\/\/staging.volkart.ch\/de\/wp-json\/wp\/v2\/users\/2"}],"replies":[{"embeddable":true,"href":"https:\/\/staging.volkart.ch\/de\/wp-json\/wp\/v2\/comments?post=17"}],"version-history":[{"count":11,"href":"https:\/\/staging.volkart.ch\/de\/wp-json\/wp\/v2\/pages\/17\/revisions"}],"predecessor-version":[{"id":2110,"href":"https:\/\/staging.volkart.ch\/de\/wp-json\/wp\/v2\/pages\/17\/revisions\/2110"}],"wp:attachment":[{"href":"https:\/\/staging.volkart.ch\/de\/wp-json\/wp\/v2\/media?parent=17"}],"curies":[{"name":"wp","href":"https:\/\/api.w.org\/{rel}","templated":true}]}}