{"id":15,"date":"2022-04-20T11:51:28","date_gmt":"2022-04-20T09:51:28","guid":{"rendered":"https:\/\/volkart.ddev.site\/?page_id=15"},"modified":"2024-07-10T08:58:53","modified_gmt":"2024-07-10T06:58:53","slug":"engagement","status":"publish","type":"page","link":"https:\/\/staging.volkart.ch\/de\/engagement\/","title":{"rendered":"Engagement"},"content":{"rendered":"\n<p>Die Volkart Stiftung f\u00f6rdert Projekte und Initiativen in den Bereichen \u00d6kologie, Soziales, Medien und Dokumentarfilm. Mit unserem Engagement m\u00f6chten wir dazu beitragen, dass unsere \u00d6kosysteme gesch\u00fctzt, die Chancengerechtigkeit und gesellschaftliche Teilhabe aller erm\u00f6glicht und eine ausgewogene Medienvielfalt gef\u00f6rdert wird.<\/p>\n\n\n\n<p>Wir setzten auf einen systemischen Programmansatz, die Nutzung von Synergien und eine interdisziplin\u00e4re Arbeitsweise, damit nicht nur Symptome gelindert, sondern auch die Ursachen von gesellschaftlichen Herausforderungen angegangen werden.<\/p>\n\n\n\n<p>Einen Dialog- und Reflexionsraum bilden unser stiftungseigener Kulturbetrieb <a href=\"https:\/\/www.coalmine.ch\/\"><\/a><a href=\"https:\/\/www.coalmine.ch\/\" target=\"_blank\" rel=\"noreferrer noopener\">COALMINE<\/a> mit Caf\u00e9 und Ausstellungsraum im Volkarthaus und die vielf\u00e4ltigen Veranstaltungen, die hier angeboten werden, damit verschiedenste Anliegen eine Plattform und einen offenen Raum zum Meinungsaustausch erhalten.<\/p>\n","protected":false},"excerpt":{"rendered":"<p>Die Volkart Stiftung f\u00f6rdert Projekte und Initiativen in den Bereichen \u00d6kologie, Soziales, Medien und Dokumentarfilm. Mit unserem Engagement m\u00f6chten wir dazu beitragen, dass unsere \u00d6kosysteme gesch\u00fctzt, die Chancengerechtigkeit und gesellschaftliche Teilhabe aller erm\u00f6glicht und eine ausgewogene Medienvielfalt gef\u00f6rdert wird. Wir setzten auf einen systemischen Programmansatz, die Nutzung von Synergien und eine interdisziplin\u00e4re Arbeitsweise, damit nicht [&hellip;]<\/p>\n","protected":false},"author":2,"featured_media":0,"parent":0,"menu_order":0,"comment_status":"closed","ping_status":"closed","template":"","meta":{"_acf_changed":false,"footnotes":""},"class_list":["post-15","page","type-page","status-publish","hentry"],"acf":[],"yoast_head":"<!-- This site is optimized with the Yoast SEO plugin v25.3 - https:\/\/yoast.com\/wordpress\/plugins\/seo\/ -->\n<title>Engagement - Volkart<\/title>\n<meta name=\"robots\" content=\"index, follow, max-snippet:-1, max-image-preview:large, max-video-preview:-1\" \/>\n<link rel=\"canonical\" href=\"https:\/\/staging.volkart.ch\/de\/engagement\/\" \/>\n<meta property=\"og:locale\" content=\"de_DE\" \/>\n<meta property=\"og:type\" content=\"article\" \/>\n<meta property=\"og:title\" content=\"Engagement - Volkart\" \/>\n<meta property=\"og:description\" content=\"Die Volkart Stiftung f\u00f6rdert Projekte und Initiativen in den Bereichen \u00d6kologie, Soziales, Medien und Dokumentarfilm. Mit unserem Engagement m\u00f6chten wir dazu beitragen, dass unsere \u00d6kosysteme gesch\u00fctzt, die Chancengerechtigkeit und gesellschaftliche Teilhabe aller erm\u00f6glicht und eine ausgewogene Medienvielfalt gef\u00f6rdert wird. Wir setzten auf einen systemischen Programmansatz, die Nutzung von Synergien und eine interdisziplin\u00e4re Arbeitsweise, damit nicht [&hellip;]\" \/>\n<meta property=\"og:url\" content=\"https:\/\/staging.volkart.ch\/de\/engagement\/\" \/>\n<meta property=\"og:site_name\" content=\"Volkart\" \/>\n<meta property=\"article:modified_time\" content=\"2024-07-10T06:58:53+00:00\" \/>\n<meta name=\"twitter:card\" content=\"summary_large_image\" \/>\n<meta name=\"twitter:label1\" content=\"Gesch\u00e4tzte Lesezeit\" \/>\n\t<meta name=\"twitter:data1\" content=\"1\u00a0Minute\" \/>\n<script type=\"application\/ld+json\" class=\"yoast-schema-graph\">{\"@context\":\"https:\/\/schema.org\",\"@graph\":[{\"@type\":\"WebPage\",\"@id\":\"https:\/\/staging.volkart.ch\/de\/engagement\/\",\"url\":\"https:\/\/staging.volkart.ch\/de\/engagement\/\",\"name\":\"Engagement - Volkart\",\"isPartOf\":{\"@id\":\"https:\/\/staging.volkart.ch\/de\/#website\"},\"datePublished\":\"2022-04-20T09:51:28+00:00\",\"dateModified\":\"2024-07-10T06:58:53+00:00\",\"breadcrumb\":{\"@id\":\"https:\/\/staging.volkart.ch\/de\/engagement\/#breadcrumb\"},\"inLanguage\":\"de\",\"potentialAction\":[{\"@type\":\"ReadAction\",\"target\":[\"https:\/\/staging.volkart.ch\/de\/engagement\/\"]}]},{\"@type\":\"BreadcrumbList\",\"@id\":\"https:\/\/staging.volkart.ch\/de\/engagement\/#breadcrumb\",\"itemListElement\":[{\"@type\":\"ListItem\",\"position\":1,\"name\":\"Startseite\",\"item\":\"https:\/\/staging.volkart.ch\/de\/\"},{\"@type\":\"ListItem\",\"position\":2,\"name\":\"Engagement\"}]},{\"@type\":\"WebSite\",\"@id\":\"https:\/\/staging.volkart.ch\/de\/#website\",\"url\":\"https:\/\/staging.volkart.ch\/de\/\",\"name\":\"Volkart\",\"description\":\"Eine weitere WordPress-Website\",\"publisher\":{\"@id\":\"https:\/\/staging.volkart.ch\/de\/#organization\"},\"potentialAction\":[{\"@type\":\"SearchAction\",\"target\":{\"@type\":\"EntryPoint\",\"urlTemplate\":\"https:\/\/staging.volkart.ch\/de\/?s={search_term_string}\"},\"query-input\":{\"@type\":\"PropertyValueSpecification\",\"valueRequired\":true,\"valueName\":\"search_term_string\"}}],\"inLanguage\":\"de\"},{\"@type\":\"Organization\",\"@id\":\"https:\/\/staging.volkart.ch\/de\/#organization\",\"name\":\"Volkart Stiftung\",\"url\":\"https:\/\/staging.volkart.ch\/de\/\",\"logo\":{\"@type\":\"ImageObject\",\"inLanguage\":\"de\",\"@id\":\"https:\/\/staging.volkart.ch\/de\/#\/schema\/logo\/image\/\",\"url\":\"https:\/\/staging.volkart.ch\/wp-content\/uploads\/2022\/07\/volkart-logo-1.png\",\"contentUrl\":\"https:\/\/staging.volkart.ch\/wp-content\/uploads\/2022\/07\/volkart-logo-1.png\",\"width\":880,\"height\":200,\"caption\":\"Volkart Stiftung\"},\"image\":{\"@id\":\"https:\/\/staging.volkart.ch\/de\/#\/schema\/logo\/image\/\"}}]}<\/script>\n<!-- \/ Yoast SEO plugin. -->","yoast_head_json":{"title":"Engagement - Volkart","robots":{"index":"index","follow":"follow","max-snippet":"max-snippet:-1","max-image-preview":"max-image-preview:large","max-video-preview":"max-video-preview:-1"},"canonical":"https:\/\/staging.volkart.ch\/de\/engagement\/","og_locale":"de_DE","og_type":"article","og_title":"Engagement - Volkart","og_description":"Die Volkart Stiftung f\u00f6rdert Projekte und Initiativen in den Bereichen \u00d6kologie, Soziales, Medien und Dokumentarfilm. Mit unserem Engagement m\u00f6chten wir dazu beitragen, dass unsere \u00d6kosysteme gesch\u00fctzt, die Chancengerechtigkeit und gesellschaftliche Teilhabe aller erm\u00f6glicht und eine ausgewogene Medienvielfalt gef\u00f6rdert wird. Wir setzten auf einen systemischen Programmansatz, die Nutzung von Synergien und eine interdisziplin\u00e4re Arbeitsweise, damit nicht [&hellip;]","og_url":"https:\/\/staging.volkart.ch\/de\/engagement\/","og_site_name":"Volkart","article_modified_time":"2024-07-10T06:58:53+00:00","twitter_card":"summary_large_image","twitter_misc":{"Gesch\u00e4tzte Lesezeit":"1\u00a0Minute"},"schema":{"@context":"https:\/\/schema.org","@graph":[{"@type":"WebPage","@id":"https:\/\/staging.volkart.ch\/de\/engagement\/","url":"https:\/\/staging.volkart.ch\/de\/engagement\/","name":"Engagement - Volkart","isPartOf":{"@id":"https:\/\/staging.volkart.ch\/de\/#website"},"datePublished":"2022-04-20T09:51:28+00:00","dateModified":"2024-07-10T06:58:53+00:00","breadcrumb":{"@id":"https:\/\/staging.volkart.ch\/de\/engagement\/#breadcrumb"},"inLanguage":"de","potentialAction":[{"@type":"ReadAction","target":["https:\/\/staging.volkart.ch\/de\/engagement\/"]}]},{"@type":"BreadcrumbList","@id":"https:\/\/staging.volkart.ch\/de\/engagement\/#breadcrumb","itemListElement":[{"@type":"ListItem","position":1,"name":"Startseite","item":"https:\/\/staging.volkart.ch\/de\/"},{"@type":"ListItem","position":2,"name":"Engagement"}]},{"@type":"WebSite","@id":"https:\/\/staging.volkart.ch\/de\/#website","url":"https:\/\/staging.volkart.ch\/de\/","name":"Volkart","description":"Eine weitere WordPress-Website","publisher":{"@id":"https:\/\/staging.volkart.ch\/de\/#organization"},"potentialAction":[{"@type":"SearchAction","target":{"@type":"EntryPoint","urlTemplate":"https:\/\/staging.volkart.ch\/de\/?s={search_term_string}"},"query-input":{"@type":"PropertyValueSpecification","valueRequired":true,"valueName":"search_term_string"}}],"inLanguage":"de"},{"@type":"Organization","@id":"https:\/\/staging.volkart.ch\/de\/#organization","name":"Volkart Stiftung","url":"https:\/\/staging.volkart.ch\/de\/","logo":{"@type":"ImageObject","inLanguage":"de","@id":"https:\/\/staging.volkart.ch\/de\/#\/schema\/logo\/image\/","url":"https:\/\/staging.volkart.ch\/wp-content\/uploads\/2022\/07\/volkart-logo-1.png","contentUrl":"https:\/\/staging.volkart.ch\/wp-content\/uploads\/2022\/07\/volkart-logo-1.png","width":880,"height":200,"caption":"Volkart Stiftung"},"image":{"@id":"https:\/\/staging.volkart.ch\/de\/#\/schema\/logo\/image\/"}}]}},"_links":{"self":[{"href":"https:\/\/staging.volkart.ch\/de\/wp-json\/wp\/v2\/pages\/15","targetHints":{"allow":["GET"]}}],"collection":[{"href":"https:\/\/staging.volkart.ch\/de\/wp-json\/wp\/v2\/pages"}],"about":[{"href":"https:\/\/staging.volkart.ch\/de\/wp-json\/wp\/v2\/types\/page"}],"author":[{"embeddable":true,"href":"https:\/\/staging.volkart.ch\/de\/wp-json\/wp\/v2\/users\/2"}],"replies":[{"embeddable":true,"href":"https:\/\/staging.volkart.ch\/de\/wp-json\/wp\/v2\/comments?post=15"}],"version-history":[{"count":14,"href":"https:\/\/staging.volkart.ch\/de\/wp-json\/wp\/v2\/pages\/15\/revisions"}],"predecessor-version":[{"id":2155,"href":"https:\/\/staging.volkart.ch\/de\/wp-json\/wp\/v2\/pages\/15\/revisions\/2155"}],"wp:attachment":[{"href":"https:\/\/staging.volkart.ch\/de\/wp-json\/wp\/v2\/media?parent=15"}],"curies":[{"name":"wp","href":"https:\/\/api.w.org\/{rel}","templated":true}]}}