{"id":13,"date":"2022-04-20T11:51:09","date_gmt":"2022-04-20T09:51:09","guid":{"rendered":"https:\/\/volkart.ddev.site\/?page_id=13"},"modified":"2022-07-11T09:41:37","modified_gmt":"2022-07-11T07:41:37","slug":"portrait","status":"publish","type":"page","link":"https:\/\/staging.volkart.ch\/de\/portrait\/","title":{"rendered":"Portrait"},"content":{"rendered":"\n<p>Die Vision der Volkart Stiftung ist eine Gesellschaft, in der die Menschen respektvoll zusammenleben, ihre Meinung informiert bilden und der Umwelt Sorge tragen. Daf\u00fcr unterst\u00fctzt die Volkart Stiftung seit Generationen Projekte und Institutionen, welche den Gemeinsinn innerhalb der Gesellschaft unterst\u00fctzen, unkonventionelle Ans\u00e4tze f\u00f6rdern und \u00f6ffentliche Reflexionsr\u00e4ume schaffen.<\/p>\n","protected":false},"excerpt":{"rendered":"<p>Die Vision der Volkart Stiftung ist eine Gesellschaft, in der die Menschen respektvoll zusammenleben, ihre Meinung informiert bilden und der Umwelt Sorge tragen. Daf\u00fcr unterst\u00fctzt die Volkart Stiftung seit Generationen Projekte und Institutionen, welche den Gemeinsinn innerhalb der Gesellschaft unterst\u00fctzen, unkonventionelle Ans\u00e4tze f\u00f6rdern und \u00f6ffentliche Reflexionsr\u00e4ume schaffen.<\/p>\n","protected":false},"author":2,"featured_media":0,"parent":0,"menu_order":0,"comment_status":"closed","ping_status":"closed","template":"","meta":{"_acf_changed":false,"footnotes":""},"class_list":["post-13","page","type-page","status-publish","hentry"],"acf":[],"yoast_head":"<!-- This site is optimized with the Yoast SEO plugin v25.3 - https:\/\/yoast.com\/wordpress\/plugins\/seo\/ -->\n<title>Portrait - Volkart<\/title>\n<meta name=\"robots\" content=\"index, follow, max-snippet:-1, max-image-preview:large, max-video-preview:-1\" \/>\n<link rel=\"canonical\" href=\"https:\/\/staging.volkart.ch\/de\/portrait\/\" \/>\n<meta property=\"og:locale\" content=\"de_DE\" \/>\n<meta property=\"og:type\" content=\"article\" \/>\n<meta property=\"og:title\" content=\"Portrait - Volkart\" \/>\n<meta property=\"og:description\" content=\"Die Vision der Volkart Stiftung ist eine Gesellschaft, in der die Menschen respektvoll zusammenleben, ihre Meinung informiert bilden und der Umwelt Sorge tragen. Daf\u00fcr unterst\u00fctzt die Volkart Stiftung seit Generationen Projekte und Institutionen, welche den Gemeinsinn innerhalb der Gesellschaft unterst\u00fctzen, unkonventionelle Ans\u00e4tze f\u00f6rdern und \u00f6ffentliche Reflexionsr\u00e4ume schaffen.\" \/>\n<meta property=\"og:url\" content=\"https:\/\/staging.volkart.ch\/de\/portrait\/\" \/>\n<meta property=\"og:site_name\" content=\"Volkart\" \/>\n<meta property=\"article:modified_time\" content=\"2022-07-11T07:41:37+00:00\" \/>\n<meta name=\"twitter:card\" content=\"summary_large_image\" \/>\n<script type=\"application\/ld+json\" class=\"yoast-schema-graph\">{\"@context\":\"https:\/\/schema.org\",\"@graph\":[{\"@type\":\"WebPage\",\"@id\":\"https:\/\/staging.volkart.ch\/de\/portrait\/\",\"url\":\"https:\/\/staging.volkart.ch\/de\/portrait\/\",\"name\":\"Portrait - Volkart\",\"isPartOf\":{\"@id\":\"https:\/\/staging.volkart.ch\/de\/#website\"},\"datePublished\":\"2022-04-20T09:51:09+00:00\",\"dateModified\":\"2022-07-11T07:41:37+00:00\",\"breadcrumb\":{\"@id\":\"https:\/\/staging.volkart.ch\/de\/portrait\/#breadcrumb\"},\"inLanguage\":\"de\",\"potentialAction\":[{\"@type\":\"ReadAction\",\"target\":[\"https:\/\/staging.volkart.ch\/de\/portrait\/\"]}]},{\"@type\":\"BreadcrumbList\",\"@id\":\"https:\/\/staging.volkart.ch\/de\/portrait\/#breadcrumb\",\"itemListElement\":[{\"@type\":\"ListItem\",\"position\":1,\"name\":\"Startseite\",\"item\":\"https:\/\/staging.volkart.ch\/de\/\"},{\"@type\":\"ListItem\",\"position\":2,\"name\":\"Portrait\"}]},{\"@type\":\"WebSite\",\"@id\":\"https:\/\/staging.volkart.ch\/de\/#website\",\"url\":\"https:\/\/staging.volkart.ch\/de\/\",\"name\":\"Volkart\",\"description\":\"Eine weitere WordPress-Website\",\"publisher\":{\"@id\":\"https:\/\/staging.volkart.ch\/de\/#organization\"},\"potentialAction\":[{\"@type\":\"SearchAction\",\"target\":{\"@type\":\"EntryPoint\",\"urlTemplate\":\"https:\/\/staging.volkart.ch\/de\/?s={search_term_string}\"},\"query-input\":{\"@type\":\"PropertyValueSpecification\",\"valueRequired\":true,\"valueName\":\"search_term_string\"}}],\"inLanguage\":\"de\"},{\"@type\":\"Organization\",\"@id\":\"https:\/\/staging.volkart.ch\/de\/#organization\",\"name\":\"Volkart Stiftung\",\"url\":\"https:\/\/staging.volkart.ch\/de\/\",\"logo\":{\"@type\":\"ImageObject\",\"inLanguage\":\"de\",\"@id\":\"https:\/\/staging.volkart.ch\/de\/#\/schema\/logo\/image\/\",\"url\":\"https:\/\/staging.volkart.ch\/wp-content\/uploads\/2022\/07\/volkart-logo-1.png\",\"contentUrl\":\"https:\/\/staging.volkart.ch\/wp-content\/uploads\/2022\/07\/volkart-logo-1.png\",\"width\":880,\"height\":200,\"caption\":\"Volkart Stiftung\"},\"image\":{\"@id\":\"https:\/\/staging.volkart.ch\/de\/#\/schema\/logo\/image\/\"}}]}<\/script>\n<!-- \/ Yoast SEO plugin. -->","yoast_head_json":{"title":"Portrait - Volkart","robots":{"index":"index","follow":"follow","max-snippet":"max-snippet:-1","max-image-preview":"max-image-preview:large","max-video-preview":"max-video-preview:-1"},"canonical":"https:\/\/staging.volkart.ch\/de\/portrait\/","og_locale":"de_DE","og_type":"article","og_title":"Portrait - Volkart","og_description":"Die Vision der Volkart Stiftung ist eine Gesellschaft, in der die Menschen respektvoll zusammenleben, ihre Meinung informiert bilden und der Umwelt Sorge tragen. Daf\u00fcr unterst\u00fctzt die Volkart Stiftung seit Generationen Projekte und Institutionen, welche den Gemeinsinn innerhalb der Gesellschaft unterst\u00fctzen, unkonventionelle Ans\u00e4tze f\u00f6rdern und \u00f6ffentliche Reflexionsr\u00e4ume schaffen.","og_url":"https:\/\/staging.volkart.ch\/de\/portrait\/","og_site_name":"Volkart","article_modified_time":"2022-07-11T07:41:37+00:00","twitter_card":"summary_large_image","schema":{"@context":"https:\/\/schema.org","@graph":[{"@type":"WebPage","@id":"https:\/\/staging.volkart.ch\/de\/portrait\/","url":"https:\/\/staging.volkart.ch\/de\/portrait\/","name":"Portrait - Volkart","isPartOf":{"@id":"https:\/\/staging.volkart.ch\/de\/#website"},"datePublished":"2022-04-20T09:51:09+00:00","dateModified":"2022-07-11T07:41:37+00:00","breadcrumb":{"@id":"https:\/\/staging.volkart.ch\/de\/portrait\/#breadcrumb"},"inLanguage":"de","potentialAction":[{"@type":"ReadAction","target":["https:\/\/staging.volkart.ch\/de\/portrait\/"]}]},{"@type":"BreadcrumbList","@id":"https:\/\/staging.volkart.ch\/de\/portrait\/#breadcrumb","itemListElement":[{"@type":"ListItem","position":1,"name":"Startseite","item":"https:\/\/staging.volkart.ch\/de\/"},{"@type":"ListItem","position":2,"name":"Portrait"}]},{"@type":"WebSite","@id":"https:\/\/staging.volkart.ch\/de\/#website","url":"https:\/\/staging.volkart.ch\/de\/","name":"Volkart","description":"Eine weitere WordPress-Website","publisher":{"@id":"https:\/\/staging.volkart.ch\/de\/#organization"},"potentialAction":[{"@type":"SearchAction","target":{"@type":"EntryPoint","urlTemplate":"https:\/\/staging.volkart.ch\/de\/?s={search_term_string}"},"query-input":{"@type":"PropertyValueSpecification","valueRequired":true,"valueName":"search_term_string"}}],"inLanguage":"de"},{"@type":"Organization","@id":"https:\/\/staging.volkart.ch\/de\/#organization","name":"Volkart Stiftung","url":"https:\/\/staging.volkart.ch\/de\/","logo":{"@type":"ImageObject","inLanguage":"de","@id":"https:\/\/staging.volkart.ch\/de\/#\/schema\/logo\/image\/","url":"https:\/\/staging.volkart.ch\/wp-content\/uploads\/2022\/07\/volkart-logo-1.png","contentUrl":"https:\/\/staging.volkart.ch\/wp-content\/uploads\/2022\/07\/volkart-logo-1.png","width":880,"height":200,"caption":"Volkart Stiftung"},"image":{"@id":"https:\/\/staging.volkart.ch\/de\/#\/schema\/logo\/image\/"}}]}},"_links":{"self":[{"href":"https:\/\/staging.volkart.ch\/de\/wp-json\/wp\/v2\/pages\/13","targetHints":{"allow":["GET"]}}],"collection":[{"href":"https:\/\/staging.volkart.ch\/de\/wp-json\/wp\/v2\/pages"}],"about":[{"href":"https:\/\/staging.volkart.ch\/de\/wp-json\/wp\/v2\/types\/page"}],"author":[{"embeddable":true,"href":"https:\/\/staging.volkart.ch\/de\/wp-json\/wp\/v2\/users\/2"}],"replies":[{"embeddable":true,"href":"https:\/\/staging.volkart.ch\/de\/wp-json\/wp\/v2\/comments?post=13"}],"version-history":[{"count":5,"href":"https:\/\/staging.volkart.ch\/de\/wp-json\/wp\/v2\/pages\/13\/revisions"}],"predecessor-version":[{"id":868,"href":"https:\/\/staging.volkart.ch\/de\/wp-json\/wp\/v2\/pages\/13\/revisions\/868"}],"wp:attachment":[{"href":"https:\/\/staging.volkart.ch\/de\/wp-json\/wp\/v2\/media?parent=13"}],"curies":[{"name":"wp","href":"https:\/\/api.w.org\/{rel}","templated":true}]}}